{"id":1417,"date":"2025-08-12T12:01:55","date_gmt":"2025-08-12T10:01:55","guid":{"rendered":"https:\/\/www.santavall.com\/informacio-turistica\/"},"modified":"2026-02-09T09:50:01","modified_gmt":"2026-02-09T07:50:01","slug":"informacio-turistica","status":"publish","type":"page","link":"https:\/\/www.santavall.com\/ca\/informacio-turistica\/","title":{"rendered":"INFORMACI\u00d3 TUR\u00cdSTICA"},"content":{"rendered":"<p>[et_pb_section fb_built=\u201d1&#8243; custom_padding_last_edited=\u201don|phone\u201d _builder_version=\u201d4.27.4&#8243; _module_preset=\u201ddefault\u201d background_color=\u201drgba(0,0,0,0.75)\u201d background_image=\u201dhttps:\/\/www.santavall.com\/wp-content\/uploads\/2025\/10\/LaSantaVall25_SXT-247.jpg\u201d background_blend=\u201doverlay\u201d custom_padding=\u201d295px||100px||false|false\u201d custom_padding_tablet=\u201d310px||110px||false|false\u201d custom_padding_phone=\u201d165px||45px||false|false\u201d locked=\u201doff\u201d global_colors_info=\u201d{}\u201d][et_pb_row custom_padding_last_edited=\u201don|phone\u201d _builder_version=\u201d4.27.4&#8243; _module_preset=\u201ddefault\u201d custom_padding=\u201d20px||20px||true|false\u201d custom_padding_tablet=\u201d22px||22px||true|false\u201d custom_padding_phone=\u201d23px||25px||false|false\u201d global_colors_info=\u201d{}\u201d][et_pb_column type=\u201d4_4&#8243; _builder_version=\u201d4.27.4&#8243; _module_preset=\u201ddefault\u201d global_colors_info=\u201d{}\u201d][et_pb_text _builder_version=\u201d4.27.4&#8243; _module_preset=\u201ddefault\u201d text_font_size=\u201d62px\u201d header_text_color=\u201d#FFFFFF\u201d header_font_size=\u201d75px\u201d header_letter_spacing=\u201d2px\u201d text_orientation=\u201dcenter\u201d custom_margin=\u201d||0px||false|false\u201d header_font_size_tablet=\u201d60px\u201d header_font_size_phone=\u201d42px\u201d header_font_size_last_edited=\u201don|phone\u201d header_text_shadow_style=\u201dpreset1&#8243; global_colors_info=\u201d{}\u201d]<\/p>\n<h1>INFORMACI\u00d3 TUR\u00cdSTICA<\/h1>\n<p>[\/et_pb_text][\/et_pb_column][\/et_pb_row][\/et_pb_section][et_pb_section fb_built=\u201d1&#8243; custom_padding_last_edited=\u201doff|tablet\u201d _builder_version=\u201d4.27.4&#8243; _module_preset=\u201ddefault\u201d background_color=\u201d#111111&#8243; background_image=\u201dhttps:\/\/www.santavall.com\/wp-content\/uploads\/2025\/10\/mapa-mundi-1.png\u201d background_size=\u201dcustom\u201d background_image_width=\u201d150%\u201d background_image_height=\u201d0%\u201d background_position=\u201dtop_left\u201d background_horizontal_offset=\u201d12%\u201d background_vertical_offset=\u201d40%\u201d min_height=\u201d446.8px\u201d custom_margin=\u201d0px||0px||false|false\u201d custom_padding=\u201d0px|9px|0px||true|false\u201d custom_padding_tablet=\u201d0px|9px|0px||false|false\u201d custom_padding_phone=\u201d0px|9px|0px||false|false\u201d background_color_tablet=\u201d#111111&#8243; background_color_phone=\u201d#111111&#8243; background_last_edited=\u201don|tablet\u201d background_enable_color_tablet=\u201don\u201d background_enable_color_phone=\u201don\u201d background_image_tablet=\u201dhttps:\/\/www.santavall.com\/wp-content\/uploads\/2025\/10\/mapa-mundi-1.png\u201d background_image_phone=\u201dhttps:\/\/www.santavall.com\/wp-content\/uploads\/2025\/10\/MAP-RESP.png\u201d background_enable_image_tablet=\u201don\u201d background_enable_image_phone=\u201don\u201d background_size_tablet=\u201dcustom\u201d background_size_phone=\u201dinitial\u201d background_image_width_tablet=\u201d165%\u201d background_image_width_phone=\u201d100%\u201d background_image_height_tablet=\u201d0%\u201d background_position_phone=\u201dtop_center\u201d background_horizontal_offset_tablet=\u201d6%\u201d background_horizontal_offset_phone=\u201d39%\u201d background_vertical_offset_tablet=\u201d3%\u201d background_vertical_offset_phone=\u201d10%\u201d locked=\u201doff\u201d global_colors_info=\u201d{}\u201d][et_pb_row _builder_version=\u201d4.27.4&#8243; _module_preset=\u201ddefault\u201d max_width=\u201d823px\u201d max_width_tablet=\u201d95%\u201d max_width_phone=\u201d100%\u201d max_width_last_edited=\u201don|phone\u201d custom_padding=\u201d0px||||false|false\u201d global_colors_info=\u201d{}\u201d][et_pb_column type=\u201d4_4&#8243; _builder_version=\u201d4.27.4&#8243; _module_preset=\u201ddefault\u201d global_colors_info=\u201d{}\u201d][et_pb_tabs active_tab_background_color=\u201d#000000&#8243; active_tab_text_color=\u201d#FFFFFF\u201d _builder_version=\u201d4.27.5&#8243; _module_preset=\u201ddefault\u201d tab_text_color=\u201d#000000&#8243; body_font_size=\u201d16px\u201d tab_font_size=\u201d16px\u201d tab_line_height=\u201d2em\u201d custom_margin=\u201d-55px||||false|false\u201d custom_margin_tablet=\u201d-65px||||false|false\u201d custom_margin_phone=\u201d-48px||||false|false\u201d custom_margin_last_edited=\u201don|phone\u201d custom_padding=\u201d||||false|false\u201d hover_enabled=\u201d0&#8243; body_font_size_tablet=\u201d15px\u201d body_font_size_phone=\u201d14px\u201d body_font_size_last_edited=\u201don|phone\u201d tab_font_size_tablet=\u201d15px\u201d tab_font_size_phone=\u201d14px\u201d tab_font_size_last_edited=\u201don|phone\u201d tab_line_height_tablet=\u201d1.5em\u201d tab_line_height_phone=\u201d1.4em\u201d tab_line_height_last_edited=\u201don|phone\u201d locked=\u201doff\u201d global_colors_info=\u201d{}\u201d sticky_enabled=\u201d0&#8243;][et_pb_tab title=\u201dCOM ARRIBAR-HI\u201d _builder_version=\u201d4.27.4&#8243; _module_preset=\u201ddefault\u201d global_colors_info=\u201d{}\u201d]<\/p>\n<p data-start=\"136\" data-end=\"157\"><strong>BENVINGUTS A SANTA VALL<\/strong><\/p>\n<p data-start=\"159\" data-end=\"279\">A Santa Vall nom\u00e9s t&#8217;has de preocupar de pedalar. Oblida&#8217;t de mals de cap i despla\u00e7aments. A nom\u00e9s 100 quil\u00f2metres de Barcelona. El dia de la cursa, podr\u00e0s pedalar c\u00f2modament des de casa, des del teu hotel o des del teu apartament.   <\/p>\n<p data-start=\"159\" data-end=\"279\"><strong>AMB COTXE<\/strong><\/p>\n<div>\n<div>\n<section>\n<div>\n<ul>\n<li><a href=\"https:\/\/www.google.com\/maps\/dir\/Barcelona\/41.9865677,2.7580606\/@41.9859048,2.7560139,895m\/data=!3m1!1e3!4m9!4m8!1m5!1m1!1s0x12a49816718e30e5:0x44b0fb3d4f47660a!2m2!1d2.168568!2d41.3873974!1m0!3e0?entry=ttu\" target=\"_blank\" rel=\"noopener\">Des de Barcelona<\/a><\/li>\n<li><a href=\"https:\/\/www.google.com\/maps\/dir\/Perpiny%C3%A0,+Fran%C3%A7a\/41.9865677,2.7580606\/@42.3352362,2.191117,115590m\/data=!3m2!1e3!4b1!4m9!4m8!1m5!1m1!1s0x12b06e4e80fd88fd:0x1c83306520f2dd4f!2m2!1d2.8948332!2d42.6886591!1m0!3e0?entry=ttu\" target=\"_blank\" rel=\"noopener\">Des de Perpiny\u00e0<\/a><\/li>\n<li><a href=\"https:\/\/www.google.com\/maps\/dir\/Madrid\/41.9865677,2.7580606\/@42.3352362,2.191117,115590m\/data=!3m1!1e3!4m9!4m8!1m5!1m1!1s0xd422997800a3c81:0xc436dec1618c2269!2m2!1d-3.7037902!2d40.4167754!1m0!3e0?entry=ttu\" target=\"_blank\" rel=\"noopener\">Des de Madrid<\/a><\/li>\n<\/ul>\n<\/div>\n<\/section>\n<\/div>\n<div>\n<div>\n<section>\n<div>\n<p><strong>AMB AVI\u00d3<\/strong><\/p>\n<ul>\n<li><a href=\"https:\/\/www.girona-airport.net\/cat\/\" target=\"_blank\" rel=\"noopener\">Aeroport de Girona<\/a><\/li>\n<li><a href=\"https:\/\/www.aeropuertobarcelona-elprat.com\/\" target=\"_blank\" rel=\"noopener\">Aeroport de Barcelona<\/a><\/li>\n<\/ul>\n<p><strong>AMB TRANSPORT P\u00daBLIC<\/strong><\/p>\n<p>Estaci\u00f3 de tren Adif Girona Costa Brava. Tren d&#8217;alta velocitat amb destinacions principals a: Madrid, Saragossa, Barcelona i la frontera amb Fran\u00e7a.  <a href=\"https:\/\/www.renfe.com\/es\/es\" target=\"_blank\" rel=\"noopener\">*M\u00e9s informaci\u00f3<\/a><\/p>\n<p>Estaci\u00f3 d&#8217;autobusos de Girona amb destinaci\u00f3 a Sant Gregori. <a href=\"https:\/\/www.alsa.es\/ca\/estacions\/estacio-girona\" target=\"_blank\" rel=\"noopener\">*M\u00e9s informaci\u00f3<\/a><\/p>\n<\/div>\n<\/section>\n<\/div>\n<\/div>\n<\/div>\n<p>[\/et_pb_tab][et_pb_tab title=\u201dAPARTAMENTS\u201d _builder_version=\u201d4.27.5&#8243; _module_preset=\u201ddefault\u201d hover_enabled=\u201d0&#8243; global_colors_info=\u201d{}\u201d sticky_enabled=\u201d0&#8243;]<\/p>\n<p><strong>BRAVISSIMO APARTAMENTS<\/strong><\/p>\n<p>&nbsp;<\/p>\n<div>\n<div>\n<div><iframe loading=\"lazy\" src=\"https:\/\/bravissimo-girona.klassmark.icnea.net\/?idi=2\" frameborder=\"0\" width=\"100%\" height=\"1000px\"><\/iframe><\/div>\n<\/div>\n<\/div>\n<p>[\/et_pb_tab][et_pb_tab title=\u201dHOTELS\u201d _builder_version=\u201d4.27.4&#8243; _module_preset=\u201ddefault\u201d global_colors_info=\u201d{}\u201d]<\/p>\n<p><span style=\"text-decoration: underline;\"><a href=\"https:\/\/ibis.accor.com\/en\/destination\/city\/hotels-gerone-v1456.html\" target=\"_blank\" rel=\"noopener\"><strong>HOTEL IBIS COSTA BRAVA<\/strong><\/a><\/span><\/p>\n<p>10% de descompte en el preu de la reserva dient Klassmark.<\/p>\n<p>Truca o envia un correu electr\u00f2nic per aprofitar aquest preu.<\/p>\n<p>M\u00e9s informaci\u00f3 i reserves<br \/><em><strong>h6819-it@accor.com<\/strong><\/em><br \/>972 11 08 46<\/p>\n<p>[\/et_pb_tab][et_pb_tab title=\u201dFURGONETES I AUTOCARAVANES\u201d _builder_version=\u201d4.27.4&#8243; _module_preset=\u201ddefault\u201d global_colors_info=\u201d{}\u201d]<\/p>\n<p>Si tens previst assistir a Santa Vall amb furgoneta o autocaravana, aqu\u00ed tens una llista d&#8217;aparcaments on pots allotjar-te.<br \/>Cal tenir en compte que alguns no estan vigilats, s\u00f3n de pagament i no estan a prop de les zones m\u00e9s c\u00e8ntriques.<\/p>\n<ul>\n<li><a href=\"https:\/\/maps.app.goo.gl\/DDv79qEbNrTZL45C8\">P\u00e0rquing espai La Pineda<\/a><\/li>\n<li><a href=\"https:\/\/maps.app.goo.gl\/dJiiAjLfkUkv4N9c6\" target=\"_blank\" rel=\"noopener\">\u00c0rea d&#8217;aparcament AC Sant Gregori<\/a><\/li>\n<li><a href=\"https:\/\/www.google.es\/maps\/place\/Camper+Area+Girona+Vayreda\/@41.9839421,2.8138117,93m\/data=!3m1!1e3!4m6!3m5!1s0x12bae721e7bd1bcf:0xd0f0629489e5780f!8m2!3d41.9839887!4d2.8139581!16s%2Fg%2F11bw46_qmx?entry=ttu\" target=\"_blank\" rel=\"noopener\">Aparcament Girona Vayreda<\/a><\/li>\n<\/ul>\n<p>[\/et_pb_tab][et_pb_tab title=\u201dBOTIGUES DE BICICLETES\u201d _builder_version=\u201d4.27.4&#8243; _module_preset=\u201ddefault\u201d global_colors_info=\u201d{}\u201d]<strong>TREK<\/strong><br \/>\nGirona<br \/>\nmarca: Trek<br \/>\n<a href=\"https:\/\/trek.bike\/RentYourGravelBike\" target=\"_blank\" rel=\"noopener\">trek.com<\/a><\/p>\n<p><strong>VEL\u00d2DROM TOURS<\/strong><br \/>\nGirona<br \/>\nMarca: 3T, Enve, BMC, Megamo<br \/>\n<a href=\"https:\/\/global.velodrom.cc\/girona-gravel-bike-rent\/\" target=\"_blank\" rel=\"noopener\">velodrom.cc<\/a><\/p>\n<p><strong>ROCACORBA ATELIER<\/strong><br \/>\nGirona<br \/>\nmarca: Canyon<br \/>\n<a href=\"https:\/\/www.rocacorbaatelier.com\/pages\/bike-rentals\" target=\"_blank\" rel=\"noopener\">rocacorbaatelier.com<\/a>[\/et_pb_tab][\/et_pb_tabs][\/et_pb_column][\/et_pb_row][et_pb_row _builder_version=\u201d4.27.4&#8243; _module_preset=\u201ddefault\u201d custom_margin=\u201d138px|auto|0px|auto|false|false\u201d custom_padding=\u201d||0px||false|false\u201d global_module=\u201d1078&#8243; global_colors_info=\u201d{}\u201d][et_pb_column type=\u201d4_4&#8243; _builder_version=\u201d4.27.4&#8243; _module_preset=\u201ddefault\u201d global_colors_info=\u201d{}\u201d][et_pb_image src=\u201dhttps:\/\/www.santavall.com\/wp-content\/uploads\/2025\/10\/by-THETRAKA-logo.png\u201d title_text=\u201dlogotip-de-THETRAKA\u201d align=\u201dcenter\u201d _builder_version=\u201d4.27.4&#8243; _module_preset=\u201ddefault\u201d width=\u201d180px\u201d width_tablet=\u201d175px\u201d width_phone=\u201d170px\u201d width_last_edited=\u201don|phone\u201d custom_margin=\u201d||0px||false|false\u201d custom_padding=\u201d||0px||false|false\u201d global_colors_info=\u201d{}\u201d][\/et_pb_image][\/et_pb_column][\/et_pb_row][\/et_pb_section]<\/p>\n","protected":false},"excerpt":{"rendered":"<p>INFORMACI\u00d3 TUR\u00cdSTICABENVINGUTS A SANTA VALL A Santa Vall nom\u00e9s t&#8217;has de preocupar de pedalar. Oblida&#8217;t de mals de cap i despla\u00e7aments. A nom\u00e9s 100 quil\u00f2metres de Barcelona. El dia de la cursa, podr\u00e0s pedalar c\u00f2modament des de casa, des del teu hotel o des del teu apartament. AMB COTXE Des de Barcelona Des de Perpiny\u00e0 [&hellip;]<\/p>\n","protected":false},"author":1,"featured_media":1401,"parent":0,"menu_order":0,"comment_status":"closed","ping_status":"closed","template":"","meta":{"_et_pb_use_builder":"on","_et_pb_old_content":"","_et_gb_content_width":"","footnotes":""},"class_list":["post-1417","page","type-page","status-publish","has-post-thumbnail","hentry"],"_links":{"self":[{"href":"https:\/\/www.santavall.com\/ca\/wp-json\/wp\/v2\/pages\/1417","targetHints":{"allow":["GET"]}}],"collection":[{"href":"https:\/\/www.santavall.com\/ca\/wp-json\/wp\/v2\/pages"}],"about":[{"href":"https:\/\/www.santavall.com\/ca\/wp-json\/wp\/v2\/types\/page"}],"author":[{"embeddable":true,"href":"https:\/\/www.santavall.com\/ca\/wp-json\/wp\/v2\/users\/1"}],"replies":[{"embeddable":true,"href":"https:\/\/www.santavall.com\/ca\/wp-json\/wp\/v2\/comments?post=1417"}],"version-history":[{"count":7,"href":"https:\/\/www.santavall.com\/ca\/wp-json\/wp\/v2\/pages\/1417\/revisions"}],"predecessor-version":[{"id":3944,"href":"https:\/\/www.santavall.com\/ca\/wp-json\/wp\/v2\/pages\/1417\/revisions\/3944"}],"wp:featuredmedia":[{"embeddable":true,"href":"https:\/\/www.santavall.com\/ca\/wp-json\/wp\/v2\/media\/1401"}],"wp:attachment":[{"href":"https:\/\/www.santavall.com\/ca\/wp-json\/wp\/v2\/media?parent=1417"}],"curies":[{"name":"wp","href":"https:\/\/api.w.org\/{rel}","templated":true}]}}