{"id":1447,"date":"2025-08-12T11:48:24","date_gmt":"2025-08-12T09:48:24","guid":{"rendered":"https:\/\/www.santavall.com\/politica-de-cookies\/"},"modified":"2025-11-07T16:41:34","modified_gmt":"2025-11-07T14:41:34","slug":"politica-de-cookies","status":"publish","type":"page","link":"https:\/\/www.santavall.com\/ca\/politica-de-cookies\/","title":{"rendered":"POL\u00cdTICA DE COOKIES"},"content":{"rendered":"<p>[et_pb_section fb_built=\u201d1&#8243; custom_padding_last_edited=\u201don|phone\u201d _builder_version=\u201d4.27.4&#8243; _module_preset=\u201ddefault\u201d background_color=\u201drgba(0,0,0,0.66)\u201d background_image=\u201dhttps:\/\/www.santavall.com\/wp-content\/uploads\/2025\/10\/banner-woman-gravel.jpg\u201d background_blend=\u201doverlay\u201d custom_padding=\u201d295px||100px||false|false\u201d custom_padding_tablet=\u201d310px||110px||false|false\u201d custom_padding_phone=\u201d165px||45px||false|false\u201d locked=\u201doff\u201d global_colors_info=\u201d{}\u201d][et_pb_row custom_padding_last_edited=\u201don|phone\u201d _builder_version=\u201d4.27.4&#8243; _module_preset=\u201ddefault\u201d custom_padding=\u201d20px||20px||true|false\u201d custom_padding_tablet=\u201d22px||22px||true|false\u201d custom_padding_phone=\u201d23px||25px||false|false\u201d global_colors_info=\u201d{}\u201d][et_pb_column type=\u201d4_4&#8243; _builder_version=\u201d4.27.4&#8243; _module_preset=\u201ddefault\u201d global_colors_info=\u201d{}\u201d][et_pb_text _builder_version=\u201d4.27.4&#8243; _module_preset=\u201ddefault\u201d text_font_size=\u201d62px\u201d header_text_color=\u201d#FFFFFF\u201d header_font_size=\u201d75px\u201d header_letter_spacing=\u201d2px\u201d text_orientation=\u201dcenter\u201d custom_margin=\u201d||0px||false|false\u201d header_font_size_tablet=\u201d60px\u201d header_font_size_phone=\u201d42px\u201d header_font_size_last_edited=\u201don|phone\u201d header_text_shadow_style=\u201dpreset1&#8243; global_colors_info=\u201d{}\u201d]<\/p>\n<h1>Pol\u00edtica de cookies<\/h1>\n<p>[\/et_pb_text][\/et_pb_column][\/et_pb_row][\/et_pb_section][et_pb_section fb_built=\u201d1&#8243; custom_padding_last_edited=\u201don|desktop\u201d _builder_version=\u201d4.27.4&#8243; _module_preset=\u201ddefault\u201d background_color=\u201d#FFFFFF\u201d background_image=\u201dhttps:\/\/www.santavall.com\/wp-content\/uploads\/2025\/10\/BY-THE-TRAKA.png\u201d background_size=\u201dcustom\u201d background_image_width=\u201d12%\u201d background_position=\u201dbottom_center\u201d background_blend=\u201doverlay\u201d module_alignment=\u201dcenter\u201d custom_margin=\u201d0px||0px||false|false\u201d custom_padding=\u201d0px|9px|150px||false|false\u201d custom_padding_tablet=\u201d55px|9px|55px||true|false\u201d custom_padding_phone=\u201d55px|9px|55px||true|false\u201d background_last_edited=\u201don|phone\u201d background_image_width_tablet=\u201d24%\u201d background_image_width_phone=\u201d41%\u201d global_colors_info=\u201d{}\u201d][et_pb_row _builder_version=\u201d4.27.4&#8243; _module_preset=\u201ddefault\u201d custom_padding=\u201d60px|||||\u201d global_colors_info=\u201d{}\u201d][et_pb_column type=\u201d4_4&#8243; _builder_version=\u201d4.27.4&#8243; _module_preset=\u201ddefault\u201d global_colors_info=\u201d{}\u201d][et_pb_text _builder_version=\u201d4.27.4&#8243; _module_preset=\u201ddefault\u201d text_text_color=\u201d#000000&#8243; text_font_size=\u201d17px\u201d text_line_height=\u201d1.4em\u201d text_font_size_tablet=\u201d16px\u201d text_font_size_phone=\u201d15px\u201d text_font_size_last_edited=\u201don|phone\u201d global_colors_info=\u201d{}\u201d]<\/p>\n<p data-start=\"246\" data-end=\"580\">En compliment de la normativa vigent, incloent-hi el Reglament (UE) 2016\/679 (Reglament General de Protecci\u00f3 de Dades \u2013 RGPD) i la Llei espanyola 34\/2002 de Serveis de la Societat de la Informaci\u00f3 i de Comer\u00e7 Electr\u00f2nic (LSSI-CE), el lloc web <em data-start=\"468\" data-end=\"483\">klassmark.com<\/em> informa els usuaris sobre l&#8217;\u00fas de cookies, els tipus utilitzats, la seva finalitat i com gestionar-les.<\/p>\n<p data-start=\"582\" data-end=\"760\">En continuar navegant pel nostre lloc web, els usuaris donen el seu consentiment per a l&#8217;\u00fas de les cookies descrites a continuaci\u00f3, tret que la configuraci\u00f3 del seu navegador les hagi configurat per rebutjar-les.<\/p>\n<p>[\/et_pb_text][et_pb_tabs active_tab_background_color=\u201d#000000&#8243; active_tab_text_color=\u201d#FFFFFF\u201d _builder_version=\u201d4.27.4&#8243; _module_preset=\u201ddefault\u201d tab_text_color=\u201d#000000&#8243; body_font_size=\u201d16px\u201d tab_font_size=\u201d16px\u201d tab_line_height=\u201d2em\u201d custom_padding=\u201d||||false|false\u201d body_font_size_tablet=\u201d15px\u201d body_font_size_phone=\u201d14px\u201d body_font_size_last_edited=\u201don|phone\u201d tab_font_size_tablet=\u201d15px\u201d tab_font_size_phone=\u201d14px\u201d tab_font_size_last_edited=\u201don|phone\u201d tab_line_height_tablet=\u201d1.5em\u201d tab_line_height_phone=\u201d1.4em\u201d tab_line_height_last_edited=\u201don|phone\u201d global_colors_info=\u201d{}\u201d][et_pb_tab title=\u201dQU\u00c8 S\u00d3N LES COOKIES?\u201d _builder_version=\u201d4.27.4&#8243; _module_preset=\u201ddefault\u201d global_colors_info=\u201d{}\u201d]<\/p>\n<p data-start=\"789\" data-end=\"1111\">Les cookies s\u00f3n petits fitxers de dades que els llocs web envien al navegador d&#8217;un usuari i emmagatzemen al seu dispositiu (ordinador, tel\u00e8fon intel\u00b7ligent, tauleta, etc.). Aquests fitxers permeten als llocs web recordar informaci\u00f3 sobre la visita d&#8217;un usuari \u2014com ara prefer\u00e8ncies d&#8217;idioma, dades d&#8217;inici de sessi\u00f3 o activitat de navegaci\u00f3\u2014 per millorar l&#8217;experi\u00e8ncia de l&#8217;usuari en visites posteriors. <\/p>\n<p data-start=\"1113\" data-end=\"1203\">Les cookies no emmagatzemen dades personals sensibles com el teu nom o informaci\u00f3 de targeta de cr\u00e8dit.<\/p>\n<p>[\/et_pb_tab][et_pb_tab title=\u201dPER QU\u00c8 UTILITZEM COOKIES?\u201d _builder_version=\u201d4.27.4&#8243; _module_preset=\u201ddefault\u201d global_colors_info=\u201d{}\u201d]<\/p>\n<p data-start=\"1237\" data-end=\"1314\">El lloc web <em data-start=\"1241\" data-end=\"1256\">klassmark.com<\/em> utilitza cookies pr\u00f2pies i de tercers per a:<\/p>\n<ul data-start=\"1316\" data-end=\"1542\">\n<li data-start=\"1316\" data-end=\"1354\">\n<p data-start=\"1318\" data-end=\"1354\">Oferir una millor experi\u00e8ncia de navegaci\u00f3<\/p>\n<\/li>\n<li data-start=\"1355\" data-end=\"1383\">\n<p data-start=\"1357\" data-end=\"1383\">Analitzar estad\u00edstiques d&#8217;\u00fas<\/p>\n<\/li>\n<li data-start=\"1384\" data-end=\"1413\">\n<p data-start=\"1386\" data-end=\"1413\">Recordar les prefer\u00e8ncies de l&#8217;usuari<\/p>\n<\/li>\n<li data-start=\"1414\" data-end=\"1482\">\n<p data-start=\"1416\" data-end=\"1482\">Habilitar certes funcionalitats com l&#8217;inici de sessi\u00f3 o l&#8217;enviament de formularis<\/p>\n<\/li>\n<li data-start=\"1483\" data-end=\"1542\">\n<p data-start=\"1485\" data-end=\"1542\">Proporcionar acc\u00e9s a integracions de xarxes socials o multim\u00e8dia<\/p>\n<\/li>\n<\/ul>\n<p>[\/et_pb_tab][et_pb_tab title=\u201dQUINA INFORMACI\u00d3 RECOPILEN LES COOKIES?\u201d _builder_version=\u201d4.27.4&#8243; _module_preset=\u201ddefault\u201d global_colors_info=\u201d{}\u201d]<\/p>\n<p data-start=\"1590\" data-end=\"1642\">En utilitzar el nostre lloc, les cookies poden recopilar dades com ara:<\/p>\n<ul data-start=\"1644\" data-end=\"1961\">\n<li data-start=\"1644\" data-end=\"1719\">\n<p data-start=\"1646\" data-end=\"1719\">Estad\u00edstiques d&#8217;\u00fas del lloc web (p. ex., p\u00e0gines visitades, temps dedicat, rutes de clics)<\/p>\n<\/li>\n<li data-start=\"1720\" data-end=\"1761\">\n<p data-start=\"1722\" data-end=\"1761\">Cerques anteriors o prefer\u00e8ncies de l&#8217;usuari<\/p>\n<\/li>\n<li data-start=\"1762\" data-end=\"1878\">\n<p data-start=\"1764\" data-end=\"1878\">Informaci\u00f3 sobre la teva connexi\u00f3 amb xarxes socials si s&#8217;accedeix a trav\u00e9s de plataformes com Facebook o X (Twitter)<\/p>\n<\/li>\n<li data-start=\"1879\" data-end=\"1929\">\n<p data-start=\"1881\" data-end=\"1929\">Dispositiu, tipus de navegador i prefer\u00e8ncies d&#8217;idioma<\/p>\n<\/li>\n<li data-start=\"1930\" data-end=\"1961\">\n<p data-start=\"1932\" data-end=\"1961\">Dades de geolocalitzaci\u00f3 (si estan habilitades)<\/p>\n<\/li>\n<\/ul>\n<p data-start=\"1963\" data-end=\"2046\">El bloqueig de cookies pot resultar en un acc\u00e9s limitat a algunes funcions o serveis del lloc web.<\/p>\n<p>[\/et_pb_tab][et_pb_tab title=\u201dTIPUS DE COOKIES QUE UTILITZEM\u201d _builder_version=\u201d4.27.4&#8243; _module_preset=\u201ddefault\u201d global_colors_info=\u201d{}\u201d]<\/p>\n<p data-start=\"2081\" data-end=\"2138\">Utilitzem diferents tipus de cookies segons la seva finalitat:<\/p>\n<p data-start=\"2140\" data-end=\"2188\"><strong>1. Cookies t\u00e8cniques o estrictament necess\u00e0ries<\/strong><\/p>\n<p data-start=\"2189\" data-end=\"2409\">Aquestes s\u00f3n essencials per navegar pel lloc web i utilitzar les seves funcions, com ara accedir a \u00e0rees segures, enviar formularis o reproduir contingut multim\u00e8dia. Desactivar aquestes cookies pot impedir que algunes parts del lloc funcionin correctament. <\/p>\n<p data-start=\"2411\" data-end=\"2443\"><strong>2. Cookies de personalitzaci\u00f3<\/strong><\/p>\n<p data-start=\"2444\" data-end=\"2530\">Aquestes permeten al lloc web recordar certes configuracions definides per l&#8217;usuari o per defecte, com ara:<\/p>\n<ul data-start=\"2532\" data-end=\"2663\">\n<li data-start=\"2532\" data-end=\"2554\">\n<p data-start=\"2534\" data-end=\"2554\">Selecci\u00f3 d&#8217;idioma<\/p>\n<\/li>\n<li data-start=\"2555\" data-end=\"2596\">\n<p data-start=\"2557\" data-end=\"2596\">Tipus de navegador o prefer\u00e8ncies d&#8217;interf\u00edcie<\/p>\n<\/li>\n<li data-start=\"2597\" data-end=\"2638\">\n<p data-start=\"2599\" data-end=\"2638\">Regi\u00f3 geogr\u00e0fica o disseny del contingut<\/p>\n<\/li>\n<li data-start=\"2639\" data-end=\"2663\">\n<p data-start=\"2641\" data-end=\"2663\">Configuraci\u00f3 d&#8217;accessibilitat<\/p>\n<\/li>\n<\/ul>\n<p data-start=\"2665\" data-end=\"2721\"><strong>3. Cookies anal\u00edtiques o de rendiment (de tercers)<\/strong><\/p>\n<p data-start=\"2722\" data-end=\"2890\">Utilitzades per recopilar informaci\u00f3 an\u00f2nima sobre com els usuaris interactuen amb el lloc web. Aquesta dada s&#8217;utilitza per millorar la funcionalitat i el rendiment.<br data-start=\"2862\" data-end=\"2865\">Exemple: Google Analytics <\/p>\n<p data-start=\"2892\" data-end=\"2966\">Aquestes cookies no recopilen informaci\u00f3 que identifiqui personalment els usuaris.<\/p>\n<p>[\/et_pb_tab][et_pb_tab title=\u201dCOM GESTIONAR LES COOKIES AL TEU NAVEGADOR?\u201d _builder_version=\u201d4.27.4&#8243; _module_preset=\u201ddefault\u201d global_colors_info=\u201d{}\u201d]<\/p>\n<p data-start=\"3015\" data-end=\"3212\">Els usuaris poden gestionar, permetre, bloquejar o eliminar les cookies instal\u00b7lades al seu dispositiu ajustant la configuraci\u00f3 del seu navegador web. A continuaci\u00f3, es mostren enlla\u00e7os a guies de gesti\u00f3 de cookies per als navegadors m\u00e9s comuns: <\/p>\n<ul data-start=\"3214\" data-end=\"3557\">\n<li data-start=\"3214\" data-end=\"3296\">\n<p data-start=\"3216\" data-end=\"3296\"><a data-start=\"3216\" data-end=\"3296\" rel=\"noopener\" target=\"_new\" class=\"\" href=\"https:\/\/support.microsoft.com\/help\/17442\">Configuraci\u00f3 de cookies a Internet Explorer<\/a><\/p>\n<\/li>\n<li data-start=\"3297\" data-end=\"3400\">\n<p data-start=\"3299\" data-end=\"3400\"><a data-start=\"3299\" data-end=\"3400\" class=\"\" rel=\"noopener\" target=\"_new\" href=\"https:\/\/support.mozilla.org\/en-US\/kb\/enable-and-disable-cookies\">Configuraci\u00f3 de cookies a Mozilla Firefox<\/a><\/p>\n<\/li>\n<li data-start=\"3401\" data-end=\"3485\">\n<p data-start=\"3403\" data-end=\"3485\"><a data-start=\"3403\" data-end=\"3485\" rel=\"noopener\" target=\"_new\" class=\"cursor-pointer\">Configuraci\u00f3 de cookies a Google Chrome<\/a><\/p>\n<\/li>\n<li data-start=\"3486\" data-end=\"3557\">\n<p data-start=\"3488\" data-end=\"3557\"><a data-start=\"3488\" data-end=\"3557\" class=\"\" rel=\"noopener\" target=\"_new\" href=\"https:\/\/support.apple.com\/en-us\/HT201265\">Configuraci\u00f3 de cookies a Safari<\/a><\/p>\n<\/li>\n<\/ul>\n<p data-start=\"3559\" data-end=\"3657\"><strong data-start=\"3559\" data-end=\"3568\">Nota:<\/strong> Si les cookies estan desactivades o bloquejades, algunes parts del lloc web poden no funcionar correctament.<\/p>\n<p data-start=\"3659\" data-end=\"3817\">En alguns navegadors, els usuaris poden configurar controls granulars per gestionar les cookies per lloc, permetent excepcions per a llocs web de confian\u00e7a mentre es bloquegen altres.<\/p>\n<p>[\/et_pb_tab][\/et_pb_tabs][et_pb_text _builder_version=\u201d4.27.4&#8243; _module_preset=\u201ddefault\u201d text_text_color=\u201d#000000&#8243; text_font_size=\u201d17px\u201d text_line_height=\u201d1.4em\u201d text_font_size_tablet=\u201d16px\u201d text_font_size_phone=\u201d15px\u201d text_font_size_last_edited=\u201don|phone\u201d global_colors_info=\u201d{}\u201d]<\/p>\n<p data-start=\"246\" data-end=\"580\">\u00daltima actualitzaci\u00f3: 26 de juny de 2025<\/p>\n<p>[\/et_pb_text][\/et_pb_column][\/et_pb_row][\/et_pb_section]<\/p>\n","protected":false},"excerpt":{"rendered":"<p>Pol\u00edtica de cookiesEn compliment de la normativa vigent, incloent-hi el Reglament (UE) 2016\/679 (Reglament General de Protecci\u00f3 de Dades \u2013 RGPD) i la Llei espanyola 34\/2002 de Serveis de la Societat de la Informaci\u00f3 i de Comer\u00e7 Electr\u00f2nic (LSSI-CE), el lloc web klassmark.com informa els usuaris sobre l&#8217;\u00fas de cookies, els tipus utilitzats, la seva [&hellip;]<\/p>\n","protected":false},"author":1,"featured_media":0,"parent":0,"menu_order":0,"comment_status":"closed","ping_status":"closed","template":"","meta":{"_et_pb_use_builder":"on","_et_pb_old_content":"","_et_gb_content_width":"","footnotes":""},"class_list":["post-1447","page","type-page","status-publish","hentry"],"_links":{"self":[{"href":"https:\/\/www.santavall.com\/ca\/wp-json\/wp\/v2\/pages\/1447","targetHints":{"allow":["GET"]}}],"collection":[{"href":"https:\/\/www.santavall.com\/ca\/wp-json\/wp\/v2\/pages"}],"about":[{"href":"https:\/\/www.santavall.com\/ca\/wp-json\/wp\/v2\/types\/page"}],"author":[{"embeddable":true,"href":"https:\/\/www.santavall.com\/ca\/wp-json\/wp\/v2\/users\/1"}],"replies":[{"embeddable":true,"href":"https:\/\/www.santavall.com\/ca\/wp-json\/wp\/v2\/comments?post=1447"}],"version-history":[{"count":3,"href":"https:\/\/www.santavall.com\/ca\/wp-json\/wp\/v2\/pages\/1447\/revisions"}],"predecessor-version":[{"id":2081,"href":"https:\/\/www.santavall.com\/ca\/wp-json\/wp\/v2\/pages\/1447\/revisions\/2081"}],"wp:attachment":[{"href":"https:\/\/www.santavall.com\/ca\/wp-json\/wp\/v2\/media?parent=1447"}],"curies":[{"name":"wp","href":"https:\/\/api.w.org\/{rel}","templated":true}]}}