{"id":1461,"date":"2025-08-08T13:41:25","date_gmt":"2025-08-08T11:41:25","guid":{"rendered":"https:\/\/www.santavall.com\/pk_tiresaccessories\/"},"modified":"2025-10-29T08:52:57","modified_gmt":"2025-10-29T06:52:57","slug":"pk_tiresaccessories","status":"publish","type":"page","link":"https:\/\/www.santavall.com\/ca\/pk_tiresaccessories\/","title":{"rendered":"PNEUM\u00c0TICS &amp; ACCESSORIS"},"content":{"rendered":"<p>[et_pb_section fb_built=\u201d1&#8243; custom_padding_last_edited=\u201don|phone\u201d _builder_version=\u201d4.27.4&#8243; _module_preset=\u201ddefault\u201d background_color=\u201drgba(0,0,0,0.66)\u201d background_image=\u201dhttps:\/\/www.santavall.com\/wp-content\/uploads\/2025\/10\/Hutchinson-gravel-50mm-4.jpg\u201d background_blend=\u201doverlay\u201d custom_padding=\u201d295px||100px||false|false\u201d custom_padding_tablet=\u201d310px||110px||false|false\u201d custom_padding_phone=\u201d165px||45px||false|false\u201d locked=\u201doff\u201d global_colors_info=\u201d{}\u201d][et_pb_row custom_padding_last_edited=\u201don|phone\u201d _builder_version=\u201d4.27.4&#8243; _module_preset=\u201ddefault\u201d custom_padding=\u201d20px||20px||true|false\u201d custom_padding_tablet=\u201d22px||22px||true|false\u201d custom_padding_phone=\u201d23px||25px||false|false\u201d global_colors_info=\u201d{}\u201d][et_pb_column type=\u201d4_4&#8243; _builder_version=\u201d4.27.4&#8243; _module_preset=\u201ddefault\u201d global_colors_info=\u201d{}\u201d][et_pb_text _builder_version=\u201d4.27.4&#8243; _module_preset=\u201ddefault\u201d text_font_size=\u201d62px\u201d header_text_color=\u201d#FFFFFF\u201d header_font_size=\u201d75px\u201d header_letter_spacing=\u201d2px\u201d text_orientation=\u201dcenter\u201d custom_margin=\u201d||0px||false|false\u201d header_font_size_tablet=\u201d60px\u201d header_font_size_phone=\u201d42px\u201d header_font_size_last_edited=\u201don|phone\u201d header_text_shadow_style=\u201dpreset1&#8243; global_colors_info=\u201d{}\u201d]<\/p>\n<h1>PNEUM\u00c0TICS I ACCESSORIS<\/h1>\n<p>[\/et_pb_text][et_pb_text _builder_version=\u201d4.27.4&#8243; _module_preset=\u201ddefault\u201d text_font=\u201dZeyada||||||||\u201d text_text_color=\u201d#FFFFFF\u201d text_font_size=\u201d40px\u201d text_line_height=\u201d1em\u201d text_orientation=\u201dcenter\u201d custom_margin=\u201d||-15px||false|false\u201d custom_padding=\u201d||0px||false|false\u201d locked=\u201doff\u201d global_colors_info=\u201d{}\u201d]<\/p>\n<p>per:<\/p>\n<p>[\/et_pb_text][et_pb_image src=\u201dhttps:\/\/www.santavall.com\/wp-content\/uploads\/2025\/09\/logo-hutchinson-santa-vall.png\u201d title_text=\u201dlogo-hutchinson-santa-vall\u201d url=\u201dhttps:\/\/cycling.hutchinson.com\u201d url_new_window=\u201don\u201d align=\u201dcenter\u201d _builder_version=\u201d4.27.4&#8243; _module_preset=\u201ddefault\u201d width=\u201d220px\u201d width_tablet=\u201d230px\u201d width_phone=\u201d199px\u201d width_last_edited=\u201don|phone\u201d module_alignment=\u201dcenter\u201d animation_style=\u201dfade\u201d locked=\u201doff\u201d global_colors_info=\u201d{}\u201d transform_styles__hover_enabled=\u201don|hover\u201d transform_scale__hover=\u201d102%|102%\u201d transform_scale__hover_enabled=\u201don|hover\u201d transform_translate__hover_enabled=\u201don|desktop\u201d transform_rotate__hover_enabled=\u201don|desktop\u201d transform_skew__hover_enabled=\u201don|desktop\u201d transform_origin__hover_enabled=\u201don|desktop\u201d][\/et_pb_image][\/et_pb_column][\/et_pb_row][\/et_pb_section][et_pb_section fb_built=\u201d1&#8243; _builder_version=\u201d4.27.4&#8243; _module_preset=\u201ddefault\u201d global_colors_info=\u201d{}\u201d][et_pb_row custom_padding_last_edited=\u201don|phone\u201d _builder_version=\u201d4.27.4&#8243; _module_preset=\u201ddefault\u201d background_color=\u201drgba(0,0,0,0.55)\u201d background_image=\u201dhttps:\/\/www.santavall.com\/wp-content\/uploads\/2025\/10\/hutchinson-gravel-new-gravel-racing-tyres-caracal-2.jpg\u201d background_blend=\u201doverlay\u201d max_width=\u201d700px\u201d max_width_tablet=\u201d533px\u201d max_width_phone=\u201d95%\u201d max_width_last_edited=\u201don|phone\u201d custom_padding=\u201d95px|138px|95px|138px|true|true\u201d custom_padding_tablet=\u201d65px|65px|65px|65px|true|true\u201d custom_padding_phone=\u201d44px|44px|44px|44px|true|true\u201d global_colors_info=\u201d{}\u201d][et_pb_column type=\u201d4_4&#8243; _builder_version=\u201d4.27.4&#8243; _module_preset=\u201ddefault\u201d global_colors_info=\u201d{}\u201d][et_pb_text _builder_version=\u201d4.27.4&#8243; _module_preset=\u201ddefault\u201d text_text_color=\u201d#FFFFFF\u201d text_font_size=\u201d22px\u201d text_line_height=\u201d1em\u201d header_3_text_color=\u201d#FFFFFF\u201d text_orientation=\u201dcenter\u201d text_font_size_tablet=\u201d19px\u201d text_font_size_phone=\u201d18px\u201d text_font_size_last_edited=\u201don|desktop\u201d global_colors_info=\u201d{}\u201d]<\/p>\n<h3>L&#8217;ELECCI\u00d3 DEL RENDIMENT<\/h3>\n<p>[\/et_pb_text][et_pb_text _builder_version=\u201d4.27.4&#8243; _module_preset=\u201ddefault\u201d text_text_color=\u201d#FFFFFF\u201d text_font_size=\u201d18px\u201d text_line_height=\u201d1.3em\u201d text_orientation=\u201dcenter\u201d text_font_size_tablet=\u201d17px\u201d text_font_size_phone=\u201d16px\u201d text_font_size_last_edited=\u201don|phone\u201d global_colors_info=\u201d{}\u201d]Combinant lleugeresa i efici\u00e8ncia, el pneum\u00e0tic de gravel Caracal RACE m\u00e9s r\u00e0pid del mercat, tant davanter com posterior en 700\u00d740 mm o 700\u00d745 mm, ser\u00e0 la teva combinaci\u00f3 de rendiment.[\/et_pb_text][\/et_pb_column][\/et_pb_row][et_pb_row use_custom_gutter=\u201don\u201d gutter_width=\u201d4&#8243; make_equal=\u201don\u201d _builder_version=\u201d4.27.4&#8243; _module_preset=\u201ddefault\u201d max_width=\u201d300px\u201d max_width_tablet=\u201d307px\u201d max_width_phone=\u201d251px\u201d max_width_last_edited=\u201don|phone\u201d custom_margin=\u201d80px|auto|80px|auto|true|false\u201d custom_margin_tablet=\u201d70px||||false|false\u201d custom_margin_phone=\u201d45px||||false|false\u201d custom_margin_last_edited=\u201don|phone\u201d global_colors_info=\u201d{}\u201d][et_pb_column type=\u201d4_4&#8243; _builder_version=\u201d4.27.4&#8243; _module_preset=\u201ddefault\u201d global_colors_info=\u201d{}\u201d][et_pb_image src=\u201dhttps:\/\/www.santavall.com\/wp-content\/uploads\/2025\/10\/carcal-race.jpg\u201d title_text=\u201dcarcal-race\u201d align=\u201dcenter\u201d _builder_version=\u201d4.27.4&#8243; _module_preset=\u201ddefault\u201d width=\u201d154px\u201d width_tablet=\u201d150px\u201d width_phone=\u201d140px\u201d width_last_edited=\u201don|phone\u201d custom_margin=\u201d||22px||false|false\u201d global_colors_info=\u201d{}\u201d][\/et_pb_image][et_pb_text _builder_version=\u201d4.27.4&#8243; _module_preset=\u201ddefault\u201d text_font=\u201d|800||on|||||\u201d text_font_size=\u201d18px\u201d text_orientation=\u201dcenter\u201d custom_margin=\u201d||12px||false|false\u201d custom_margin_tablet=\u201d||10px||false|false\u201d custom_margin_phone=\u201d||8px||false|false\u201d custom_margin_last_edited=\u201don|phone\u201d text_font_size_tablet=\u201d17px\u201d text_font_size_phone=\u201d16px\u201d text_font_size_last_edited=\u201don|phone\u201d locked=\u201doff\u201d global_colors_info=\u201d{}\u201d]<\/p>\n<p>CARACAL RACE<\/p>\n<p>[\/et_pb_text][et_pb_text _builder_version=\u201d4.27.4&#8243; _module_preset=\u201ddefault\u201d text_text_color=\u201d#FFFFFF\u201d text_font_size=\u201d15px\u201d text_letter_spacing=\u201d1px\u201d text_line_height=\u201d1.1em\u201d background_color=\u201d#000000&#8243; text_orientation=\u201dcenter\u201d width=\u201d220px\u201d width_tablet=\u201d209px\u201d width_phone=\u201d232px\u201d width_last_edited=\u201don|phone\u201d module_alignment=\u201dcenter\u201d custom_margin=\u201d15px||||false|false\u201d custom_padding=\u201d10px|25px|10px|25px|true|true\u201d custom_padding_tablet=\u201d9px|20px|9px|20px|true|true\u201d custom_padding_phone=\u201d14px|15px|14px|15px|true|true\u201d custom_padding_last_edited=\u201don|phone\u201d link_option_url=\u201dhttps:\/\/cycling.hutchinson.com\/tyres\/gravel\/caracal-race\/\u201d link_option_url_new_window=\u201don\u201d box_shadow_style=\u201dpreset1&#8243; box_shadow_blur=\u201d5px\u201d locked=\u201doff\u201d global_colors_info=\u201d{}\u201d background_color__hover=\u201d#272525&#8243; background_enable_color__hover=\u201don\u201d transform_styles__hover_enabled=\u201don|hover\u201d background__hover_enabled=\u201don|hover\u201d transform_scale__hover=\u201d102%|102%\u201d transform_scale__hover_enabled=\u201don|hover\u201d transform_translate__hover_enabled=\u201don|desktop\u201d transform_rotate__hover_enabled=\u201don|desktop\u201d transform_skew__hover_enabled=\u201don|desktop\u201d transform_origin__hover_enabled=\u201don|desktop\u201d]<\/p>\n<p>DESCOBREIX-HO \u00bb<\/p>\n<p>[\/et_pb_text][\/et_pb_column][\/et_pb_row][et_pb_row custom_padding_last_edited=\u201don|phone\u201d _builder_version=\u201d4.27.4&#8243; _module_preset=\u201ddefault\u201d background_color=\u201drgba(0,0,0,0.55)\u201d background_image=\u201dhttps:\/\/www.santavall.com\/wp-content\/uploads\/2025\/10\/ccBEWLzA-scaled-1.jpg\u201d background_blend=\u201doverlay\u201d max_width=\u201d700px\u201d max_width_tablet=\u201d533px\u201d max_width_phone=\u201d95%\u201d max_width_last_edited=\u201don|phone\u201d custom_padding=\u201d95px|138px|95px|138px|true|true\u201d custom_padding_tablet=\u201d65px|65px|65px|65px|true|true\u201d custom_padding_phone=\u201d44px|44px|44px|44px|true|true\u201d global_colors_info=\u201d{}\u201d][et_pb_column type=\u201d4_4&#8243; _builder_version=\u201d4.27.4&#8243; _module_preset=\u201ddefault\u201d global_colors_info=\u201d{}\u201d][et_pb_text _builder_version=\u201d4.27.4&#8243; _module_preset=\u201ddefault\u201d text_text_color=\u201d#FFFFFF\u201d text_font_size=\u201d22px\u201d text_line_height=\u201d1em\u201d header_3_text_color=\u201d#FFFFFF\u201d text_orientation=\u201dcenter\u201d text_font_size_tablet=\u201d19px\u201d text_font_size_phone=\u201d18px\u201d text_font_size_last_edited=\u201don|desktop\u201d global_colors_info=\u201d{}\u201d]<\/p>\n<h3>L&#8217;ELECCI\u00d3 DE L&#8217;ADHER\u00c8NCIA I EL CONFORT<\/h3>\n<p>[\/et_pb_text][et_pb_text _builder_version=\u201d4.27.4&#8243; _module_preset=\u201ddefault\u201d text_text_color=\u201d#FFFFFF\u201d text_font_size=\u201d18px\u201d text_line_height=\u201d1.3em\u201d text_orientation=\u201dcenter\u201d text_font_size_tablet=\u201d17px\u201d text_font_size_phone=\u201d16px\u201d text_font_size_last_edited=\u201don|phone\u201d global_colors_info=\u201d{}\u201d]Per combinar confort i adher\u00e8ncia, els Touareg davanter i posterior et garantiran seguretat, idealment en 700\u00d745 mm davant i 700\u00d740 mm darrere.[\/et_pb_text][\/et_pb_column][\/et_pb_row][et_pb_row column_structure=\u201d1_2,1_2&#8243; use_custom_gutter=\u201don\u201d gutter_width=\u201d4&#8243; make_equal=\u201don\u201d _builder_version=\u201d4.27.4&#8243; _module_preset=\u201ddefault\u201d max_width=\u201d600px\u201d max_width_tablet=\u201d307px\u201d max_width_phone=\u201d251px\u201d max_width_last_edited=\u201don|phone\u201d custom_margin=\u201d80px|auto|80px|auto|true|false\u201d custom_margin_tablet=\u201d70px||||false|false\u201d custom_margin_phone=\u201d45px||||false|false\u201d custom_margin_last_edited=\u201don|phone\u201d global_colors_info=\u201d{}\u201d][et_pb_column type=\u201d1_2&#8243; _builder_version=\u201d4.27.4&#8243; _module_preset=\u201ddefault\u201d global_colors_info=\u201d{}\u201d][et_pb_image src=\u201dhttps:\/\/www.santavall.com\/wp-content\/uploads\/2025\/10\/neumatico-touareg.jpg\u201d title_text=\u201dneumatico-touareg\u201d align=\u201dcenter\u201d _builder_version=\u201d4.27.4&#8243; _module_preset=\u201ddefault\u201d width=\u201d154px\u201d width_tablet=\u201d150px\u201d width_phone=\u201d140px\u201d width_last_edited=\u201don|phone\u201d custom_margin=\u201d||22px||false|false\u201d global_colors_info=\u201d{}\u201d][\/et_pb_image][et_pb_text _builder_version=\u201d4.27.4&#8243; _module_preset=\u201ddefault\u201d text_font=\u201d|800||on|||||\u201d text_font_size=\u201d18px\u201d text_orientation=\u201dcenter\u201d custom_margin=\u201d||12px||false|false\u201d custom_margin_tablet=\u201d||10px||false|false\u201d custom_margin_phone=\u201d||8px||false|false\u201d custom_margin_last_edited=\u201don|phone\u201d text_font_size_tablet=\u201d17px\u201d text_font_size_phone=\u201d16px\u201d text_font_size_last_edited=\u201don|phone\u201d locked=\u201doff\u201d global_colors_info=\u201d{}\u201d]<\/p>\n<p>TOUAREG GRAVEL<\/p>\n<p>[\/et_pb_text][et_pb_text _builder_version=\u201d4.27.4&#8243; _module_preset=\u201ddefault\u201d text_text_color=\u201d#FFFFFF\u201d text_font_size=\u201d15px\u201d text_letter_spacing=\u201d1px\u201d text_line_height=\u201d1.1em\u201d background_color=\u201d#000000&#8243; text_orientation=\u201dcenter\u201d width=\u201d220px\u201d width_tablet=\u201d209px\u201d width_phone=\u201d232px\u201d width_last_edited=\u201don|phone\u201d module_alignment=\u201dcenter\u201d custom_margin=\u201d15px||||false|false\u201d custom_padding=\u201d10px|25px|10px|25px|true|true\u201d custom_padding_tablet=\u201d9px|20px|9px|20px|true|true\u201d custom_padding_phone=\u201d14px|15px|14px|15px|true|true\u201d custom_padding_last_edited=\u201don|phone\u201d link_option_url=\u201dhttps:\/\/cycling.hutchinson.com\/tyres\/gravel\/touareg\/\u201d link_option_url_new_window=\u201don\u201d box_shadow_style=\u201dpreset1&#8243; box_shadow_blur=\u201d5px\u201d locked=\u201doff\u201d global_colors_info=\u201d{}\u201d background_color__hover=\u201d#272525&#8243; background_enable_color__hover=\u201don\u201d transform_styles__hover_enabled=\u201don|hover\u201d background__hover_enabled=\u201don|hover\u201d transform_scale__hover=\u201d102%|102%\u201d transform_scale__hover_enabled=\u201don|hover\u201d transform_translate__hover_enabled=\u201don|desktop\u201d transform_rotate__hover_enabled=\u201don|desktop\u201d transform_skew__hover_enabled=\u201don|desktop\u201d transform_origin__hover_enabled=\u201don|desktop\u201d]<\/p>\n<p>DESCOBREIX-HO \u00bb<\/p>\n<p>[\/et_pb_text][\/et_pb_column][et_pb_column type=\u201d1_2&#8243; _builder_version=\u201d4.27.4&#8243; _module_preset=\u201ddefault\u201d global_colors_info=\u201d{}\u201d][et_pb_image src=\u201dhttps:\/\/www.santavall.com\/wp-content\/uploads\/2025\/10\/consejos.jpg\u201d title_text=\u201dconsells\u201d align=\u201dcenter\u201d _builder_version=\u201d4.27.4&#8243; _module_preset=\u201ddefault\u201d width=\u201d171px\u201d width_tablet=\u201d150px\u201d width_phone=\u201d140px\u201d width_last_edited=\u201don|phone\u201d custom_margin=\u201d||22px||false|false\u201d global_colors_info=\u201d{}\u201d][\/et_pb_image][et_pb_text _builder_version=\u201d4.27.4&#8243; _module_preset=\u201ddefault\u201d text_font=\u201d|800||on|||||\u201d text_font_size=\u201d18px\u201d text_orientation=\u201dcenter\u201d custom_margin=\u201d||12px||false|false\u201d custom_margin_tablet=\u201d||10px||false|false\u201d custom_margin_phone=\u201d||8px||false|false\u201d custom_margin_last_edited=\u201don|phone\u201d text_font_size_tablet=\u201d17px\u201d text_font_size_phone=\u201d16px\u201d text_font_size_last_edited=\u201don|phone\u201d locked=\u201doff\u201d global_colors_info=\u201d{}\u201d]<\/p>\n<p>M\u00e9s consells:<\/p>\n<p>[\/et_pb_text][et_pb_text _builder_version=\u201d4.27.4&#8243; _module_preset=\u201ddefault\u201d text_text_color=\u201d#FFFFFF\u201d text_font_size=\u201d15px\u201d text_letter_spacing=\u201d1px\u201d text_line_height=\u201d1.1em\u201d background_color=\u201d#000000&#8243; text_orientation=\u201dcenter\u201d width=\u201d220px\u201d width_tablet=\u201d209px\u201d width_phone=\u201d232px\u201d width_last_edited=\u201don|phone\u201d module_alignment=\u201dcenter\u201d custom_margin=\u201d15px||||false|false\u201d custom_padding=\u201d10px|25px|10px|25px|true|true\u201d custom_padding_tablet=\u201d9px|20px|9px|20px|true|true\u201d custom_padding_phone=\u201d14px|15px|14px|15px|true|true\u201d custom_padding_last_edited=\u201don|phone\u201d link_option_url=\u201dhttps:\/\/cycling.hutchinson.com\/how-to-prepare-for-your-first-gravel-event-and-pick-the-best-gravel-tyre\/\u201d link_option_url_new_window=\u201don\u201d box_shadow_style=\u201dpreset1&#8243; box_shadow_blur=\u201d5px\u201d locked=\u201doff\u201d global_colors_info=\u201d{}\u201d background_color__hover=\u201d#272525&#8243; background_enable_color__hover=\u201don\u201d transform_styles__hover_enabled=\u201don|hover\u201d background__hover_enabled=\u201don|hover\u201d transform_scale__hover=\u201d102%|102%\u201d transform_scale__hover_enabled=\u201don|hover\u201d transform_translate__hover_enabled=\u201don|desktop\u201d transform_rotate__hover_enabled=\u201don|desktop\u201d transform_skew__hover_enabled=\u201don|desktop\u201d transform_origin__hover_enabled=\u201don|desktop\u201d]<\/p>\n<p>DESCOBREIX-HO \u00bb<\/p>\n<p>[\/et_pb_text][\/et_pb_column][\/et_pb_row][et_pb_row custom_padding_last_edited=\u201don|phone\u201d _builder_version=\u201d4.27.4&#8243; _module_preset=\u201ddefault\u201d background_color=\u201drgba(0,0,0,0.55)\u201d background_image=\u201dhttps:\/\/www.santavall.com\/wp-content\/uploads\/2025\/10\/hutchinson-gravel-new-gravel-racing-tyres-caracal-8.jpg\u201d background_blend=\u201doverlay\u201d max_width=\u201d700px\u201d max_width_tablet=\u201d533px\u201d max_width_phone=\u201d95%\u201d max_width_last_edited=\u201don|phone\u201d custom_padding=\u201d95px|138px|95px|138px|true|true\u201d custom_padding_tablet=\u201d65px|65px|65px|65px|true|true\u201d custom_padding_phone=\u201d44px|44px|44px|44px|true|true\u201d global_colors_info=\u201d{}\u201d][et_pb_column type=\u201d4_4&#8243; _builder_version=\u201d4.27.4&#8243; _module_preset=\u201ddefault\u201d global_colors_info=\u201d{}\u201d][et_pb_text _builder_version=\u201d4.27.4&#8243; _module_preset=\u201ddefault\u201d text_text_color=\u201d#FFFFFF\u201d text_font_size=\u201d22px\u201d text_line_height=\u201d1em\u201d header_3_text_color=\u201d#FFFFFF\u201d text_orientation=\u201dcenter\u201d text_font_size_tablet=\u201d19px\u201d text_font_size_phone=\u201d18px\u201d text_font_size_last_edited=\u201don|desktop\u201d global_colors_info=\u201d{}\u201d]<\/p>\n<h3>ANTICIPAR UNA PUNXADA<\/h3>\n<p>[\/et_pb_text][et_pb_text _builder_version=\u201d4.27.4&#8243; _module_preset=\u201ddefault\u201d text_text_color=\u201d#FFFFFF\u201d text_font_size=\u201d18px\u201d text_line_height=\u201d1.3em\u201d text_orientation=\u201dcenter\u201d hover_enabled=\u201d0&#8243; text_font_size_tablet=\u201d17px\u201d text_font_size_phone=\u201d16px\u201d text_font_size_last_edited=\u201don|phone\u201d global_colors_info=\u201d{}\u201d sticky_enabled=\u201d0&#8243;]<\/p>\n<p>El nostre kit de reparaci\u00f3 tubeless i el nostre Fast\u2019Air s\u00f3n els accessoris essencials per reparar els teus pneum\u00e0tics durant la \u201cSANTA VALL by The Traka\u201d, lleugers i r\u00e0pids d&#8217;utilitzar.<\/p>\n<p>[\/et_pb_text][\/et_pb_column][\/et_pb_row][et_pb_row column_structure=\u201d1_2,1_2&#8243; use_custom_gutter=\u201don\u201d gutter_width=\u201d4&#8243; make_equal=\u201don\u201d _builder_version=\u201d4.27.4&#8243; _module_preset=\u201ddefault\u201d max_width=\u201d600px\u201d max_width_tablet=\u201d307px\u201d max_width_phone=\u201d251px\u201d max_width_last_edited=\u201don|phone\u201d custom_margin=\u201d80px|auto|80px|auto|true|false\u201d custom_margin_tablet=\u201d70px||||false|false\u201d custom_margin_phone=\u201d45px||||false|false\u201d custom_margin_last_edited=\u201don|phone\u201d global_colors_info=\u201d{}\u201d][et_pb_column type=\u201d1_2&#8243; _builder_version=\u201d4.27.4&#8243; _module_preset=\u201ddefault\u201d global_colors_info=\u201d{}\u201d][et_pb_image src=\u201dhttps:\/\/www.santavall.com\/wp-content\/uploads\/2025\/10\/plugs-kit.jpg\u201d title_text=\u201dplugs-kit\u201d align=\u201dcenter\u201d _builder_version=\u201d4.27.4&#8243; _module_preset=\u201ddefault\u201d width=\u201d280px\u201d width_tablet=\u201d240px\u201d width_phone=\u201d200px\u201d width_last_edited=\u201don|phone\u201d custom_margin=\u201d||22px||false|false\u201d global_colors_info=\u201d{}\u201d][\/et_pb_image][et_pb_text _builder_version=\u201d4.27.4&#8243; _module_preset=\u201ddefault\u201d text_font=\u201d|800||on|||||\u201d text_font_size=\u201d18px\u201d text_orientation=\u201dcenter\u201d custom_margin=\u201d||12px||false|false\u201d custom_margin_tablet=\u201d||10px||false|false\u201d custom_margin_phone=\u201d||8px||false|false\u201d custom_margin_last_edited=\u201don|phone\u201d text_font_size_tablet=\u201d17px\u201d text_font_size_phone=\u201d16px\u201d text_font_size_last_edited=\u201don|phone\u201d locked=\u201doff\u201d global_colors_info=\u201d{}\u201d]<\/p>\n<p>PLUGS KIT<\/p>\n<p>[\/et_pb_text][et_pb_text _builder_version=\u201d4.27.4&#8243; _module_preset=\u201ddefault\u201d text_text_color=\u201d#FFFFFF\u201d text_font_size=\u201d15px\u201d text_letter_spacing=\u201d1px\u201d text_line_height=\u201d1.1em\u201d background_color=\u201d#000000&#8243; text_orientation=\u201dcenter\u201d width=\u201d220px\u201d width_tablet=\u201d209px\u201d width_phone=\u201d232px\u201d width_last_edited=\u201don|phone\u201d module_alignment=\u201dcenter\u201d custom_margin=\u201d15px||||false|false\u201d custom_padding=\u201d10px|25px|10px|25px|true|true\u201d custom_padding_tablet=\u201d9px|20px|9px|20px|true|true\u201d custom_padding_phone=\u201d14px|15px|14px|15px|true|true\u201d custom_padding_last_edited=\u201don|phone\u201d link_option_url=\u201dhttps:\/\/cycling.hutchinson.com\/accessories\/others\/repair\/plugs-kit\/\u201d link_option_url_new_window=\u201don\u201d box_shadow_style=\u201dpreset1&#8243; box_shadow_blur=\u201d5px\u201d locked=\u201doff\u201d global_colors_info=\u201d{}\u201d background_color__hover=\u201d#272525&#8243; background_enable_color__hover=\u201don\u201d transform_styles__hover_enabled=\u201don|hover\u201d background__hover_enabled=\u201don|hover\u201d transform_scale__hover=\u201d102%|102%\u201d transform_scale__hover_enabled=\u201don|hover\u201d transform_translate__hover_enabled=\u201don|desktop\u201d transform_rotate__hover_enabled=\u201don|desktop\u201d transform_skew__hover_enabled=\u201don|desktop\u201d transform_origin__hover_enabled=\u201don|desktop\u201d]<\/p>\n<p>DESCOBREIX-HO \u00bb<\/p>\n<p>[\/et_pb_text][\/et_pb_column][et_pb_column type=\u201d1_2&#8243; _builder_version=\u201d4.27.4&#8243; _module_preset=\u201ddefault\u201d global_colors_info=\u201d{}\u201d][et_pb_image src=\u201dhttps:\/\/www.santavall.com\/wp-content\/uploads\/2025\/10\/fastair.jpg\u201d title_text=\u201dfastair\u201d align=\u201dcenter\u201d _builder_version=\u201d4.27.4&#8243; _module_preset=\u201ddefault\u201d width=\u201d280px\u201d width_tablet=\u201d240px\u201d width_phone=\u201d200px\u201d width_last_edited=\u201don|phone\u201d custom_margin=\u201d||22px||false|false\u201d global_colors_info=\u201d{}\u201d][\/et_pb_image][et_pb_text _builder_version=\u201d4.27.4&#8243; _module_preset=\u201ddefault\u201d text_font=\u201d|800||on|||||\u201d text_font_size=\u201d18px\u201d text_orientation=\u201dcenter\u201d custom_margin=\u201d||12px||false|false\u201d custom_margin_tablet=\u201d||10px||false|false\u201d custom_margin_phone=\u201d||8px||false|false\u201d custom_margin_last_edited=\u201don|phone\u201d text_font_size_tablet=\u201d17px\u201d text_font_size_phone=\u201d16px\u201d text_font_size_last_edited=\u201don|phone\u201d locked=\u201doff\u201d global_colors_info=\u201d{}\u201d]<\/p>\n<p>FAST&#8217;AIR<\/p>\n<p>[\/et_pb_text][et_pb_text _builder_version=\u201d4.27.4&#8243; _module_preset=\u201ddefault\u201d text_text_color=\u201d#FFFFFF\u201d text_font_size=\u201d15px\u201d text_letter_spacing=\u201d1px\u201d text_line_height=\u201d1.1em\u201d background_color=\u201d#000000&#8243; text_orientation=\u201dcenter\u201d width=\u201d220px\u201d width_tablet=\u201d209px\u201d width_phone=\u201d232px\u201d width_last_edited=\u201don|phone\u201d module_alignment=\u201dcenter\u201d custom_margin=\u201d15px||||false|false\u201d custom_padding=\u201d10px|25px|10px|25px|true|true\u201d custom_padding_tablet=\u201d9px|20px|9px|20px|true|true\u201d custom_padding_phone=\u201d14px|15px|14px|15px|true|true\u201d custom_padding_last_edited=\u201don|phone\u201d link_option_url=\u201dhttps:\/\/cycling.hutchinson.com\/accessories\/others\/repair\/fastair\/\u201d link_option_url_new_window=\u201don\u201d box_shadow_style=\u201dpreset1&#8243; box_shadow_blur=\u201d5px\u201d locked=\u201doff\u201d global_colors_info=\u201d{}\u201d background_color__hover=\u201d#272525&#8243; background_enable_color__hover=\u201don\u201d transform_styles__hover_enabled=\u201don|hover\u201d background__hover_enabled=\u201don|hover\u201d transform_scale__hover=\u201d102%|102%\u201d transform_scale__hover_enabled=\u201don|hover\u201d transform_translate__hover_enabled=\u201don|desktop\u201d transform_rotate__hover_enabled=\u201don|desktop\u201d transform_skew__hover_enabled=\u201don|desktop\u201d transform_origin__hover_enabled=\u201don|desktop\u201d]<\/p>\n<p>DESCOBREIX-HO \u00bb<\/p>\n<p>[\/et_pb_text][\/et_pb_column][\/et_pb_row][\/et_pb_section]<\/p>\n","protected":false},"excerpt":{"rendered":"<p>PNEUM\u00c0TICS I ACCESSORISper:L&#8217;ELECCI\u00d3 DEL RENDIMENTCombinant lleugeresa i efici\u00e8ncia, el pneum\u00e0tic de gravel Caracal RACE m\u00e9s r\u00e0pid del mercat, tant davanter com posterior en 700\u00d740 mm o 700\u00d745 mm, ser\u00e0 la teva combinaci\u00f3 de rendiment.CARACAL RACEDESCOBREIX-HO \u00bbL&#8217;ELECCI\u00d3 DE L&#8217;ADHER\u00c8NCIA I EL CONFORTPer combinar confort i adher\u00e8ncia, els Touareg davanter i posterior et garantiran seguretat, idealment en [&hellip;]<\/p>\n","protected":false},"author":1,"featured_media":1401,"parent":0,"menu_order":0,"comment_status":"closed","ping_status":"closed","template":"","meta":{"_et_pb_use_builder":"on","_et_pb_old_content":"","_et_gb_content_width":"","footnotes":""},"class_list":["post-1461","page","type-page","status-publish","has-post-thumbnail","hentry"],"_links":{"self":[{"href":"https:\/\/www.santavall.com\/ca\/wp-json\/wp\/v2\/pages\/1461","targetHints":{"allow":["GET"]}}],"collection":[{"href":"https:\/\/www.santavall.com\/ca\/wp-json\/wp\/v2\/pages"}],"about":[{"href":"https:\/\/www.santavall.com\/ca\/wp-json\/wp\/v2\/types\/page"}],"author":[{"embeddable":true,"href":"https:\/\/www.santavall.com\/ca\/wp-json\/wp\/v2\/users\/1"}],"replies":[{"embeddable":true,"href":"https:\/\/www.santavall.com\/ca\/wp-json\/wp\/v2\/comments?post=1461"}],"version-history":[{"count":9,"href":"https:\/\/www.santavall.com\/ca\/wp-json\/wp\/v2\/pages\/1461\/revisions"}],"predecessor-version":[{"id":1960,"href":"https:\/\/www.santavall.com\/ca\/wp-json\/wp\/v2\/pages\/1461\/revisions\/1960"}],"wp:featuredmedia":[{"embeddable":true,"href":"https:\/\/www.santavall.com\/ca\/wp-json\/wp\/v2\/media\/1401"}],"wp:attachment":[{"href":"https:\/\/www.santavall.com\/ca\/wp-json\/wp\/v2\/media?parent=1461"}],"curies":[{"name":"wp","href":"https:\/\/api.w.org\/{rel}","templated":true}]}}