{"id":1527,"date":"2025-08-08T12:08:03","date_gmt":"2025-08-08T10:08:03","guid":{"rendered":"https:\/\/www.santavall.com\/politica-de-privacitat\/"},"modified":"2025-10-24T17:46:24","modified_gmt":"2025-10-24T15:46:24","slug":"politica-de-privacitat","status":"publish","type":"page","link":"https:\/\/www.santavall.com\/ca\/politica-de-privacitat\/","title":{"rendered":"POL\u00cdTICA DE PRIVACITAT"},"content":{"rendered":"<p>[et_pb_section fb_built=\u201d1&#8243; custom_padding_last_edited=\u201don|phone\u201d _builder_version=\u201d4.27.4&#8243; _module_preset=\u201ddefault\u201d background_color=\u201drgba(0,0,0,0.66)\u201d background_image=\u201dhttps:\/\/www.santavall.com\/wp-content\/uploads\/2025\/10\/banner-woman-gravel.jpg\u201d background_blend=\u201doverlay\u201d custom_padding=\u201d295px||100px||false|false\u201d custom_padding_tablet=\u201d310px||110px||false|false\u201d custom_padding_phone=\u201d165px||45px||false|false\u201d hover_enabled=\u201d0&#8243; locked=\u201doff\u201d global_colors_info=\u201d{}\u201d title_text=\u201dbanner-woman-gravel\u201d sticky_enabled=\u201d0&#8243;][et_pb_row custom_padding_last_edited=\u201don|phone\u201d _builder_version=\u201d4.27.4&#8243; _module_preset=\u201ddefault\u201d custom_padding=\u201d20px||20px||true|false\u201d custom_padding_tablet=\u201d22px||22px||true|false\u201d custom_padding_phone=\u201d23px||25px||false|false\u201d global_colors_info=\u201d{}\u201d][et_pb_column type=\u201d4_4&#8243; _builder_version=\u201d4.27.4&#8243; _module_preset=\u201ddefault\u201d global_colors_info=\u201d{}\u201d][et_pb_text _builder_version=\u201d4.27.4&#8243; _module_preset=\u201ddefault\u201d text_font_size=\u201d62px\u201d header_text_color=\u201d#FFFFFF\u201d header_font_size=\u201d75px\u201d header_letter_spacing=\u201d2px\u201d text_orientation=\u201dcenter\u201d custom_margin=\u201d||0px||false|false\u201d hover_enabled=\u201d0&#8243; header_font_size_tablet=\u201d60px\u201d header_font_size_phone=\u201d42px\u201d header_font_size_last_edited=\u201don|phone\u201d header_text_shadow_style=\u201dpreset1&#8243; global_colors_info=\u201d{}\u201d sticky_enabled=\u201d0&#8243;]<\/p>\n<h1>Pol\u00edtica de privacitat<\/h1>\n<p>[\/et_pb_text][\/et_pb_column][\/et_pb_row][\/et_pb_section][et_pb_section fb_built=\u201d1&#8243; _builder_version=\u201d4.27.4&#8243; _module_preset=\u201ddefault\u201d custom_padding=\u201d0px|9px|150px||false|false\u201d global_colors_info=\u201d{}\u201d custom_margin=\u201d0px||0px||false|false\u201d custom_padding_tablet=\u201d55px|9px|55px||true|false\u201d custom_padding_phone=\u201d55px|9px|55px||true|false\u201d custom_padding_last_edited=\u201don|desktop\u201d background_color=\u201d#FFFFFF\u201d background_last_edited=\u201don|phone\u201d background_image=\u201dhttps:\/\/www.santavall.com\/wp-content\/uploads\/2025\/10\/BY-THE-TRAKA.png\u201d background_size=\u201dcustom\u201d background_image_width=\u201d12%\u201d background_image_width_tablet=\u201d24%\u201d background_image_width_phone=\u201d41%\u201d background_position=\u201dbottom_center\u201d background_blend=\u201doverlay\u201d module_alignment=\u201dcenter\u201d][et_pb_row _builder_version=\u201d4.27.4&#8243; _module_preset=\u201ddefault\u201d custom_padding=\u201d60px|||||\u201d global_colors_info=\u201d{}\u201d][et_pb_column type=\u201d4_4&#8243; _builder_version=\u201d4.27.4&#8243; _module_preset=\u201ddefault\u201d global_colors_info=\u201d{}\u201d][et_pb_text _builder_version=\u201d4.27.4&#8243; _module_preset=\u201ddefault\u201d text_text_color=\u201d#000000&#8243; text_font_size=\u201d17px\u201d text_line_height=\u201d1.4em\u201d text_font_size_tablet=\u201d16px\u201d text_font_size_phone=\u201d15px\u201d text_font_size_last_edited=\u201don|phone\u201d global_colors_info=\u201d{}\u201d]<\/p>\n<p data-start=\"409\" data-end=\"613\"><span>A The Traka, estem totalment compromesos a protegir la privacitat i les dades personals dels nostres usuaris i visitants. Aquesta pol\u00edtica explica com recollim, utilitzem i protegim la teva informaci\u00f3 personal quan fas servir el nostre lloc web. <\/span><\/p>\n<p>[\/et_pb_text][et_pb_tabs active_tab_background_color=\u201d#000000&#8243; active_tab_text_color=\u201d#FFFFFF\u201d _builder_version=\u201d4.27.4&#8243; _module_preset=\u201ddefault\u201d tab_text_color=\u201d#000000&#8243; body_font_size=\u201d16px\u201d tab_font_size=\u201d16px\u201d tab_line_height=\u201d2em\u201d custom_padding=\u201d||||false|false\u201d body_font_size_tablet=\u201d15px\u201d body_font_size_phone=\u201d14px\u201d body_font_size_last_edited=\u201don|phone\u201d tab_font_size_tablet=\u201d15px\u201d tab_font_size_phone=\u201d14px\u201d tab_font_size_last_edited=\u201don|phone\u201d tab_line_height_tablet=\u201d1.5em\u201d tab_line_height_phone=\u201d1.4em\u201d tab_line_height_last_edited=\u201don|phone\u201d global_colors_info=\u201d{}\u201d][et_pb_tab title=\u201dRESPONSABLE DEL TRACTAMENT DE DADES\u201d _builder_version=\u201d4.27.4&#8243; _module_preset=\u201ddefault\u201d global_colors_info=\u201d{}\u201d]<\/p>\n<p data-start=\"790\" data-end=\"1097\">The Traka<br data-start=\"504\" data-end=\"507\"><a data-start=\"507\" data-end=\"559\" class=\"\" rel=\"noopener\" target=\"_new\" href=\"https:\/\/www.thetraka.com\">https:\/\/www.thetraka.com<\/a><br data-start=\"559\" data-end=\"562\">Correu electr\u00f2nic de contacte: <a class=\"cursor-pointer\" rel=\"noopener\">info@klassmark.com<\/a><\/p>\n<p>[\/et_pb_tab][et_pb_tab title=\u201d2. FINALITAT I BASE LEGAL DEL TRACTAMENT\u201d _builder_version=\u201d4.27.4&#8243; _module_preset=\u201ddefault\u201d global_colors_info=\u201d{}\u201d]<\/p>\n<p data-start=\"649\" data-end=\"713\">Finalitat i base legal del tractament<\/p>\n<p data-start=\"649\" data-end=\"713\">Podem recollir i tractar les teves dades per a les seg\u00fcents finalitats:<\/p>\n<ul data-start=\"715\" data-end=\"1233\">\n<li data-start=\"715\" data-end=\"818\">\n<p data-start=\"717\" data-end=\"818\"><strong data-start=\"717\" data-end=\"739\">Gesti\u00f3 de comentaris:<\/strong> Per permetre als usuaris deixar i mostrar comentaris.<br data-start=\"785\" data-end=\"788\"><em data-start=\"790\" data-end=\"804\">Base legal:<\/em> Consentiment de l&#8217;usuari.<\/p>\n<\/li>\n<li data-start=\"820\" data-end=\"933\">\n<p data-start=\"822\" data-end=\"933\"><strong data-start=\"822\" data-end=\"849\">Gesti\u00f3 de comptes d&#8217;usuari:<\/strong> Per a aquells que es registren al nostre lloc web.<br data-start=\"888\" data-end=\"891\"><em data-start=\"893\" data-end=\"907\">Base legal:<\/em> Relaci\u00f3 contractual.<\/p>\n<\/li>\n<li data-start=\"935\" data-end=\"1046\">\n<p data-start=\"937\" data-end=\"1046\"><strong data-start=\"937\" data-end=\"990\">Enviament de comunicacions de m\u00e0rqueting (si escau):<\/strong> Quan els usuaris hi donen el seu consentiment.<br data-start=\"1009\" data-end=\"1012\"><em data-start=\"1014\" data-end=\"1028\">Base legal:<\/em> Consentiment expl\u00edcit.<\/p>\n<\/li>\n<li data-start=\"1048\" data-end=\"1233\">\n<p data-start=\"1050\" data-end=\"1233\"><strong data-start=\"1050\" data-end=\"1106\">Millora del rendiment del lloc web i de l&#8217;experi\u00e8ncia de l&#8217;usuari:<\/strong> Mitjan\u00e7ant l&#8217;\u00fas de cookies.<br data-start=\"1134\" data-end=\"1137\"><em data-start=\"1139\" data-end=\"1153\">Base legal:<\/em> Consentiment (excepte per a les cookies essencials, que es basen en l&#8217;inter\u00e8s leg\u00edtim).<\/p>\n<\/li>\n<\/ul>\n<p>[\/et_pb_tab][et_pb_tab title=\u201d3. DADES QUE RECOLLIM\u201d _builder_version=\u201d4.27.4&#8243; _module_preset=\u201ddefault\u201d global_colors_info=\u201d{}\u201d]<\/p>\n<p data-start=\"1263\" data-end=\"1278\">Podem recollir:<\/p>\n<ul data-start=\"1280\" data-end=\"1478\">\n<li data-start=\"1280\" data-end=\"1338\">\n<p data-start=\"1282\" data-end=\"1338\">Dades identificatives (nom, correu electr\u00f2nic, adre\u00e7a IP, dades del navegador)<\/p>\n<\/li>\n<li data-start=\"1339\" data-end=\"1372\">\n<p data-start=\"1341\" data-end=\"1372\">Dades de navegaci\u00f3 i interacci\u00f3<\/p>\n<\/li>\n<li data-start=\"1373\" data-end=\"1404\">\n<p data-start=\"1375\" data-end=\"1404\">Contingut multim\u00e8dia pujat (p. ex., imatges)<\/p>\n<\/li>\n<li data-start=\"1405\" data-end=\"1478\">\n<p data-start=\"1407\" data-end=\"1478\">Qualsevol altra dada personal enviada volunt\u00e0riament mitjan\u00e7ant formularis o comentaris<\/p>\n<\/li>\n<\/ul>\n<p>[\/et_pb_tab][et_pb_tab title=\u201d4. COOKIES\u201d _builder_version=\u201d4.27.4&#8243; _module_preset=\u201ddefault\u201d global_colors_info=\u201d{}\u201d]<\/p>\n<p data-start=\"3298\" data-end=\"3369\">Utilitzem cookies per millorar la teva experi\u00e8ncia de navegaci\u00f3. Per obtenir informaci\u00f3 detallada sobre els tipus de cookies que utilitzem i les seves finalitats, consulta la nostra <a data-start=\"1647\" data-end=\"1678\" class=\"cursor-pointer\" rel=\"noopener\">Pol\u00edtica de Cookies<\/a>. <\/p>\n<p>[\/et_pb_tab][et_pb_tab title=\u201d5. CONTINGUT INCRUSTAT I SERVEIS DE TERCERS\u201d _builder_version=\u201d4.27.4&#8243; _module_preset=\u201ddefault\u201d global_colors_info=\u201d{}\u201d]<\/p>\n<p data-start=\"1735\" data-end=\"2022\">Els articles d&#8217;aquest lloc web poden incloure contingut incrustat (p. ex., v\u00eddeos, imatges, articles, etc.) de plataformes com YouTube, Instagram o altres. Aquest contingut es comporta com si el visitant hagu\u00e9s visitat l&#8217;altre lloc web directament i pot recollir dades, utilitzar cookies i rastrejar la interacci\u00f3 de l&#8217;usuari. <\/p>\n<p data-start=\"2024\" data-end=\"2075\">Tamb\u00e9 utilitzem eines i serveis de tercers com ara:<\/p>\n<ul data-start=\"2077\" data-end=\"2209\">\n<li data-start=\"2077\" data-end=\"2133\">\n<p data-start=\"2079\" data-end=\"2133\"><strong data-start=\"2079\" data-end=\"2092\">Gravatar:<\/strong> Per mostrar avatars d&#8217;usuari amb els comentaris.<\/p>\n<\/li>\n<li data-start=\"2134\" data-end=\"2209\">\n<p data-start=\"2136\" data-end=\"2209\"><strong data-start=\"2136\" data-end=\"2183\">Serveis de protecci\u00f3 contra spam (p. ex., reCAPTCHA):<\/strong> Per detectar spam automatitzat.<\/p>\n<\/li>\n<\/ul>\n<p>[\/et_pb_tab][et_pb_tab title=\u201d6. RETENCI\u00d3 DE DADES\u201d _builder_version=\u201d4.27.4&#8243; _module_preset=\u201ddefault\u201d global_colors_info=\u201d{}\u201d]<\/p>\n<ul>\n<li data-start=\"2238\" data-end=\"2337\">\n<p data-start=\"2240\" data-end=\"2337\"><strong data-start=\"2240\" data-end=\"2253\">Comentaris:<\/strong> S&#8217;emmagatzemen indefinidament, juntament amb les metadades, per aprovar autom\u00e0ticament futurs comentaris.<\/p>\n<\/li>\n<li data-start=\"2338\" data-end=\"2457\">\n<p data-start=\"2340\" data-end=\"2457\"><strong data-start=\"2340\" data-end=\"2370\">Usuaris registrats (si n&#8217;hi ha):<\/strong> Les dades es conserven mentre el compte d&#8217;usuari estigui actiu o fins que se sol\u00b7liciti la seva eliminaci\u00f3.<\/p>\n<\/li>\n<li data-start=\"2458\" data-end=\"2551\">\n<p data-start=\"2460\" data-end=\"2551\"><strong data-start=\"2460\" data-end=\"2472\">Cookies:<\/strong> Els per\u00edodes de retenci\u00f3 depenen del tipus de cookie, tal com es detalla a la Pol\u00edtica de Cookies.<\/p>\n<\/li>\n<\/ul>\n<p>[\/et_pb_tab][et_pb_tab title=\u201d7. ELS TEUS DRETS\u201d _builder_version=\u201d4.27.4&#8243; _module_preset=\u201ddefault\u201d global_colors_info=\u201d{}\u201d]<\/p>\n<p data-start=\"2577\" data-end=\"2610\">Com a usuari, tens dret a:<\/p>\n<ul data-start=\"2612\" data-end=\"2806\">\n<li data-start=\"2612\" data-end=\"2639\">\n<p data-start=\"2614\" data-end=\"2639\">Accedir a les teves dades personals<\/p>\n<\/li>\n<li data-start=\"2640\" data-end=\"2682\">\n<p data-start=\"2642\" data-end=\"2682\">Sol\u00b7licitar la rectificaci\u00f3 de dades inexactes<\/p>\n<\/li>\n<li data-start=\"2683\" data-end=\"2713\">\n<p data-start=\"2685\" data-end=\"2713\">Sol\u00b7licitar la supressi\u00f3 de les teves dades<\/p>\n<\/li>\n<li data-start=\"2714\" data-end=\"2752\">\n<p data-start=\"2716\" data-end=\"2752\">Restringir el tractament de les teves dades<\/p>\n<\/li>\n<li data-start=\"2753\" data-end=\"2779\">\n<p data-start=\"2755\" data-end=\"2779\">Oposar-te al tractament<\/p>\n<\/li>\n<li data-start=\"2780\" data-end=\"2806\">\n<p data-start=\"2782\" data-end=\"2806\">Sol\u00b7licitar la portabilitat de les dades<\/p>\n<\/li>\n<\/ul>\n<p data-start=\"2808\" data-end=\"3035\">Per exercir aquests drets, pots contactar-nos a [<a class=\"cursor-pointer\" rel=\"noopener\">info@thetraka.com<\/a>] i proporcionar una c\u00f2pia del teu document d&#8217;identificaci\u00f3. Tamb\u00e9 pots presentar una reclamaci\u00f3 davant l&#8217;Ag\u00e8ncia Espanyola de Protecci\u00f3 de Dades: <a data-start=\"3000\" data-end=\"3034\" rel=\"noopener\" target=\"_new\" class=\"\" href=\"https:\/\/www.aepd.es\">www.aepd.es<\/a>. <\/p>\n<p>[\/et_pb_tab][et_pb_tab title=\u201d8. SEGURETAT DE LES DADES\u201d _builder_version=\u201d4.27.4&#8243; _module_preset=\u201ddefault\u201d global_colors_info=\u201d{}\u201d]<\/p>\n<p data-start=\"2577\" data-end=\"2610\">Implementem mesures t\u00e8cniques i organitzatives adequades per garantir la seguretat i confidencialitat de les teves dades personals, protegint-les de l&#8217;acc\u00e9s no autoritzat, l&#8217;alteraci\u00f3 o la p\u00e8rdua.<\/p>\n<p>[\/et_pb_tab][et_pb_tab title=\u201d9. COMPARTICI\u00d3 DE DADES\u201d _builder_version=\u201d4.27.4&#8243; _module_preset=\u201ddefault\u201d global_colors_info=\u201d{}\u201d]<\/p>\n<p data-start=\"3279\" data-end=\"3340\">No compartim les teves dades personals amb tercers excepte:<\/p>\n<ul data-start=\"3342\" data-end=\"3484\">\n<li data-start=\"3342\" data-end=\"3364\">\n<p data-start=\"3344\" data-end=\"3364\">Quan ho exigeix la llei<\/p>\n<\/li>\n<li data-start=\"3365\" data-end=\"3484\">\n<p data-start=\"3367\" data-end=\"3484\">Quan sigui necessari per proporcionar els nostres serveis (p. ex., prove\u00efdors d&#8217;allotjament, serveis de lliurament de correu electr\u00f2nic, sistemes de moderaci\u00f3 de comentaris)<\/p>\n<\/li>\n<\/ul>\n<p data-start=\"3486\" data-end=\"3562\">Tots els encarregats del tractament de tercers estan obligats a complir amb les lleis de protecci\u00f3 de dades.<\/p>\n<p>[\/et_pb_tab][et_pb_tab title=\u201d10. TRANSFER\u00c8NCIES INTERNACIONALS DE DADES\u201d _builder_version=\u201d4.27.4&#8243; _module_preset=\u201ddefault\u201d global_colors_info=\u201d{}\u201d]<\/p>\n<p data-start=\"3279\" data-end=\"3340\">No transferim dades personals fora de l&#8217;Espai Econ\u00f2mic Europeu, tret que s&#8217;indiqui expressament i estigui subjecte a les garanties adequades.<\/p>\n<p>[\/et_pb_tab][et_pb_tab title=\u201d11. ACTUALITZACIONS DE LA POL\u00cdTICA\u201d _builder_version=\u201d4.27.4&#8243; _module_preset=\u201ddefault\u201d global_colors_info=\u201d{}\u201d]<\/p>\n<p data-start=\"3279\" data-end=\"3340\">Ens reservem el dret de modificar aquesta Pol\u00edtica de Privacitat per complir amb els canvis legals o adaptar-nos a les modificacions dels nostres serveis. La versi\u00f3 m\u00e9s recent sempre estar\u00e0 disponible en aquesta p\u00e0gina. <\/p>\n<p>[\/et_pb_tab][\/et_pb_tabs][\/et_pb_column][\/et_pb_row][\/et_pb_section]<\/p>\n","protected":false},"excerpt":{"rendered":"<p>Pol\u00edtica de privacitatA The Traka, estem totalment compromesos a protegir la privacitat i les dades personals dels nostres usuaris i visitants. Aquesta pol\u00edtica explica com recollim, utilitzem i protegim la teva informaci\u00f3 personal quan fas servir el nostre lloc web. The Trakahttps:\/\/www.thetraka.comCorreu electr\u00f2nic de contacte: info@klassmark.comFinalitat i base legal del tractament Podem recollir i tractar [&hellip;]<\/p>\n","protected":false},"author":1,"featured_media":0,"parent":0,"menu_order":0,"comment_status":"closed","ping_status":"closed","template":"","meta":{"_et_pb_use_builder":"on","_et_pb_old_content":"","_et_gb_content_width":"","footnotes":""},"class_list":["post-1527","page","type-page","status-publish","hentry"],"_links":{"self":[{"href":"https:\/\/www.santavall.com\/ca\/wp-json\/wp\/v2\/pages\/1527","targetHints":{"allow":["GET"]}}],"collection":[{"href":"https:\/\/www.santavall.com\/ca\/wp-json\/wp\/v2\/pages"}],"about":[{"href":"https:\/\/www.santavall.com\/ca\/wp-json\/wp\/v2\/types\/page"}],"author":[{"embeddable":true,"href":"https:\/\/www.santavall.com\/ca\/wp-json\/wp\/v2\/users\/1"}],"replies":[{"embeddable":true,"href":"https:\/\/www.santavall.com\/ca\/wp-json\/wp\/v2\/comments?post=1527"}],"version-history":[{"count":2,"href":"https:\/\/www.santavall.com\/ca\/wp-json\/wp\/v2\/pages\/1527\/revisions"}],"predecessor-version":[{"id":1529,"href":"https:\/\/www.santavall.com\/ca\/wp-json\/wp\/v2\/pages\/1527\/revisions\/1529"}],"wp:attachment":[{"href":"https:\/\/www.santavall.com\/ca\/wp-json\/wp\/v2\/media?parent=1527"}],"curies":[{"name":"wp","href":"https:\/\/api.w.org\/{rel}","templated":true}]}}