{"id":1551,"date":"2025-08-08T12:07:30","date_gmt":"2025-08-08T10:07:30","guid":{"rendered":"https:\/\/www.santavall.com\/avis-legal\/"},"modified":"2025-10-24T17:46:56","modified_gmt":"2025-10-24T15:46:56","slug":"avis-legal","status":"publish","type":"page","link":"https:\/\/www.santavall.com\/ca\/avis-legal\/","title":{"rendered":"AV\u00cdS LEGAL"},"content":{"rendered":"<p>[et_pb_section fb_built=\u201d1&#8243; custom_padding_last_edited=\u201don|phone\u201d _builder_version=\u201d4.27.4&#8243; _module_preset=\u201ddefault\u201d custom_padding=\u201d295px||100px||false|false\u201d custom_padding_tablet=\u201d310px||110px||false|false\u201d custom_padding_phone=\u201d165px||45px||false|false\u201d locked=\u201doff\u201d global_colors_info=\u201d{}\u201d background_color=\u201drgba(0,0,0,0.66)\u201d background_image=\u201dhttps:\/\/www.santavall.com\/wp-content\/uploads\/2025\/10\/banner-woman-gravel.jpg\u201d background_blend=\u201doverlay\u201d][et_pb_row custom_padding_last_edited=\u201don|phone\u201d _builder_version=\u201d4.27.4&#8243; _module_preset=\u201ddefault\u201d custom_padding=\u201d20px||20px||true|false\u201d custom_padding_tablet=\u201d22px||22px||true|false\u201d custom_padding_phone=\u201d23px||25px||false|false\u201d global_colors_info=\u201d{}\u201d][et_pb_column type=\u201d4_4&#8243; _builder_version=\u201d4.27.4&#8243; _module_preset=\u201ddefault\u201d global_colors_info=\u201d{}\u201d][et_pb_text _builder_version=\u201d4.27.4&#8243; _module_preset=\u201ddefault\u201d text_font_size=\u201d62px\u201d header_text_color=\u201d#FFFFFF\u201d header_font_size=\u201d75px\u201d header_letter_spacing=\u201d2px\u201d text_orientation=\u201dcenter\u201d custom_margin=\u201d||0px||false|false\u201d hover_enabled=\u201d0&#8243; header_font_size_tablet=\u201d60px\u201d header_font_size_phone=\u201d42px\u201d header_font_size_last_edited=\u201don|phone\u201d header_text_shadow_style=\u201dpreset1&#8243; global_colors_info=\u201d{}\u201d sticky_enabled=\u201d0&#8243;]<\/p>\n<h1>Av\u00eds legal<\/h1>\n<p>[\/et_pb_text][\/et_pb_column][\/et_pb_row][\/et_pb_section][et_pb_section fb_built=\u201d1&#8243; _builder_version=\u201d4.27.4&#8243; _module_preset=\u201ddefault\u201d global_colors_info=\u201d{}\u201d custom_padding=\u201d0px|9px|150px||false|false\u201d custom_padding_tablet=\u201d55px|9px|55px||true|false\u201d custom_padding_phone=\u201d55px|9px|55px||true|false\u201d custom_padding_last_edited=\u201don|desktop\u201d custom_margin=\u201d0px||0px||false|false\u201d background_color=\u201d#FFFFFF\u201d background_last_edited=\u201don|phone\u201d background_image=\u201dhttps:\/\/www.santavall.com\/wp-content\/uploads\/2025\/10\/BY-THE-TRAKA.png\u201d background_size=\u201dcustom\u201d background_image_width=\u201d12%\u201d background_image_width_tablet=\u201d24%\u201d background_image_width_phone=\u201d41%\u201d background_position=\u201dbottom_center\u201d background_blend=\u201doverlay\u201d module_alignment=\u201dcenter\u201d][et_pb_row _builder_version=\u201d4.27.4&#8243; _module_preset=\u201ddefault\u201d custom_padding=\u201d60px|||||\u201d global_colors_info=\u201d{}\u201d][et_pb_column type=\u201d4_4&#8243; _builder_version=\u201d4.27.4&#8243; _module_preset=\u201ddefault\u201d global_colors_info=\u201d{}\u201d][et_pb_text _builder_version=\u201d4.27.4&#8243; _module_preset=\u201ddefault\u201d text_text_color=\u201d#000000&#8243; text_font_size=\u201d17px\u201d text_line_height=\u201d1.4em\u201d text_font_size_tablet=\u201d16px\u201d text_font_size_phone=\u201d15px\u201d text_font_size_last_edited=\u201don|phone\u201d global_colors_info=\u201d{}\u201d]<\/p>\n<p data-start=\"409\" data-end=\"613\">De conformitat amb l&#8217;article 10 de la Llei 34\/2002, d&#8217;11 de juliol, de Serveis de la Societat de la Informaci\u00f3 i de Comer\u00e7 Electr\u00f2nic, t&#8217;informem que aquest lloc web, incloent-hi el domini <em data-start=\"577\" data-end=\"592\">klassmark.com<\/em>, \u00e9s propietat de:<\/p>\n<p data-start=\"615\" data-end=\"735\"><strong data-start=\"615\" data-end=\"628\">Klassmark<\/strong><br data-start=\"628\" data-end=\"631\">Carrer Can Pau Birol, 35<br data-start=\"655\" data-end=\"658\">17005 Girona (Espanya)<br data-start=\"678\" data-end=\"681\">Correu electr\u00f2nic: <a data-start=\"688\" data-end=\"735\" class=\"cursor-pointer\" rel=\"noopener\">info@klassmark.com<\/a><\/p>\n<p>[\/et_pb_text][et_pb_tabs active_tab_background_color=\u201d#000000&#8243; active_tab_text_color=\u201d#FFFFFF\u201d _builder_version=\u201d4.27.4&#8243; _module_preset=\u201ddefault\u201d tab_text_color=\u201d#000000&#8243; body_font_size=\u201d16px\u201d tab_font_size=\u201d16px\u201d tab_line_height=\u201d2em\u201d custom_padding=\u201d||||false|false\u201d body_font_size_tablet=\u201d15px\u201d body_font_size_phone=\u201d14px\u201d body_font_size_last_edited=\u201don|phone\u201d tab_font_size_tablet=\u201d15px\u201d tab_font_size_phone=\u201d14px\u201d tab_font_size_last_edited=\u201don|phone\u201d tab_line_height_tablet=\u201d1.5em\u201d tab_line_height_phone=\u201d1.4em\u201d tab_line_height_last_edited=\u201don|phone\u201d global_colors_info=\u201d{}\u201d][et_pb_tab title=\u201dDRETS DE PROPIETAT INTEL\u00b7LECTUAL I INDUSTRIAL\u201d _builder_version=\u201d4.27.4&#8243; _module_preset=\u201ddefault\u201d global_colors_info=\u201d{}\u201d]<\/p>\n<p data-start=\"790\" data-end=\"1097\">Tot el contingut d&#8217;aquest lloc web, incloent-hi, entre d&#8217;altres, logotips, textos, fotografies, refer\u00e8ncies de productes, dissenys, estructura, combinacions de colors i maquetaci\u00f3, est\u00e0 protegit per drets de propietat intel\u00b7lectual i industrial titularitat de Klassmark o de tercers amb els quals Klassmark ha establert els acords pertinents.<\/p>\n<p data-start=\"1099\" data-end=\"1521\">Aquests drets han de ser respectats per tots els usuaris del lloc web. La informaci\u00f3 es publica amb la finalitat de promocionar els productes i serveis de Klassmark, i el seu \u00fas es limita a aquest context. Queda estrictament prohibida qualsevol reproducci\u00f3 total o parcial, transformaci\u00f3, comunicaci\u00f3 p\u00fablica, distribuci\u00f3 o explotaci\u00f3 d&#8217;aquest contingut \u2014per qualsevol mitj\u00e0 o proc\u00e9s t\u00e8cnic\u2014 sense l&#8217;autoritzaci\u00f3 pr\u00e8via i per escrit de Klassmark.  <\/p>\n<p data-start=\"1523\" data-end=\"1674\">Els usuaris tenen perm\u00e8s utilitzar el contingut \u00fanicament amb finalitats personals i informatives, sempre reconeixent la font i l&#8217;autoria quan sigui aplicable.<\/p>\n<p>[\/et_pb_tab][et_pb_tab title=\u201dRESPONSABILITAT PEL CONTINGUT DEL LLOC WEB\u201d _builder_version=\u201d4.27.4&#8243; _module_preset=\u201ddefault\u201d global_colors_info=\u201d{}\u201d]<\/p>\n<p data-start=\"1720\" data-end=\"1913\">L&#8217;acc\u00e9s a aquest lloc web \u00e9s responsabilitat exclusiva de l&#8217;usuari. Klassmark no es fa responsable de cap error o omissi\u00f3 en el contingut, ni de cap dany o conseq\u00fc\u00e8ncia que pugui derivar-se del seu \u00fas. <\/p>\n<p data-start=\"1915\" data-end=\"2180\">Els materials i la informaci\u00f3 proporcionats a <em data-start=\"1957\" data-end=\"1972\">klassmark.com<\/em> s\u00f3n nom\u00e9s a t\u00edtol informatiu i no constitueixen una oferta vinculant. Klassmark no es far\u00e0 responsable de les decisions preses basant-se en el contingut d&#8217;aquest lloc sense una confirmaci\u00f3 contractual pr\u00e8via. <\/p>\n<p data-start=\"2182\" data-end=\"2461\">Klassmark tampoc es fa responsable del contingut o la fiabilitat dels llocs web externs als quals es pugui accedir mitjan\u00e7ant enlla\u00e7os en aquest lloc. Aquests enlla\u00e7os es proporcionen \u00fanicament amb finalitats informatives i no impliquen cap associaci\u00f3, recomanaci\u00f3 o aval dels llocs enlla\u00e7ats. <\/p>\n<p>[\/et_pb_tab][et_pb_tab title=\u201dPOL\u00cdTICA DE PRIVACITAT\u201d _builder_version=\u201d4.27.4&#8243; _module_preset=\u201ddefault\u201d global_colors_info=\u201d{}\u201d]<\/p>\n<p data-start=\"2487\" data-end=\"2763\">En compliment de la normativa vigent en mat\u00e8ria de protecci\u00f3 de dades personals \u2014particularment el Reglament (UE) 2016\/679 (Reglament General de Protecci\u00f3 de Dades o RGPD) i la Llei Org\u00e0nica 3\/2018 de Protecci\u00f3 de Dades Personals i garantia dels drets digitals\u2014, Klassmark informa els usuaris que:<\/p>\n<ul data-start=\"2765\" data-end=\"3168\">\n<li data-start=\"2765\" data-end=\"2865\">\n<p data-start=\"2767\" data-end=\"2865\">Les dades personals recollides a trav\u00e9s d&#8217;aquest lloc web s&#8217;utilitzaran \u00fanicament per respondre a consultes i sol\u00b7licituds.<\/p>\n<\/li>\n<li data-start=\"2866\" data-end=\"2996\">\n<p data-start=\"2868\" data-end=\"2996\">No s&#8217;emmagatzemaran, processaran ni compartiran dades personals amb tercers sense el consentiment expl\u00edcit previ de l&#8217;interessat.<\/p>\n<\/li>\n<li data-start=\"2997\" data-end=\"3168\">\n<p data-start=\"2999\" data-end=\"3168\">Si les dades personals s&#8217;han d&#8217;incorporar a una base de dades, l&#8217;usuari ser\u00e0 degudament informat i se li demanar\u00e0 el consentiment previ d&#8217;acord amb les disposicions legals aplicables.<\/p>\n<\/li>\n<\/ul>\n<p data-start=\"3170\" data-end=\"3248\">Per a m\u00e9s informaci\u00f3, consulta la nostra <a data-start=\"3214\" data-end=\"3247\" class=\"cursor-pointer\" rel=\"noopener\">Pol\u00edtica de Privacitat<\/a>.<\/p>\n<p>[\/et_pb_tab][et_pb_tab title=\u201dAUTORITZACI\u00d3 PER ENLLA\u00c7AR A KLASSMARK.COM\u201d _builder_version=\u201d4.27.4&#8243; _module_preset=\u201ddefault\u201d global_colors_info=\u201d{}\u201d]<\/p>\n<p data-start=\"3298\" data-end=\"3369\">Es permet la creaci\u00f3 d&#8217;enlla\u00e7os a qualsevol p\u00e0gina d&#8217;aquest lloc web, sempre que:<\/p>\n<ul data-start=\"3371\" data-end=\"3626\">\n<li data-start=\"3371\" data-end=\"3458\">\n<p data-start=\"3373\" data-end=\"3458\">L&#8217;URL complet de la p\u00e0gina de destinaci\u00f3 sigui clarament visible a la barra d&#8217;adreces del navegador.<\/p>\n<\/li>\n<li data-start=\"3459\" data-end=\"3626\">\n<p data-start=\"3461\" data-end=\"3626\">L&#8217;enlla\u00e7 utilitzi el nom de domini, el nom de l&#8217;empresa (<em data-start=\"3506\" data-end=\"3517\">Klassmark<\/em>) o paraules clau rellevants d&#8217;una manera que no enganyi els usuaris sobre la font o la propietat del contingut.<\/p>\n<\/li>\n<\/ul>\n<p data-start=\"3628\" data-end=\"3803\">La inclusi\u00f3 d&#8217;aquests enlla\u00e7os no atorga drets per reproduir o modificar el contingut, i Klassmark es reserva el dret de sol\u00b7licitar l&#8217;eliminaci\u00f3 de qualsevol enlla\u00e7 no autoritzat o perjudicial.<\/p>\n<p>[\/et_pb_tab][\/et_pb_tabs][\/et_pb_column][\/et_pb_row][\/et_pb_section]<\/p>\n","protected":false},"excerpt":{"rendered":"<p>Av\u00eds legalDe conformitat amb l&#8217;article 10 de la Llei 34\/2002, d&#8217;11 de juliol, de Serveis de la Societat de la Informaci\u00f3 i de Comer\u00e7 Electr\u00f2nic, t&#8217;informem que aquest lloc web, incloent-hi el domini klassmark.com, \u00e9s propietat de: KlassmarkCarrer Can Pau Birol, 3517005 Girona (Espanya)Correu electr\u00f2nic: info@klassmark.comTot el contingut d&#8217;aquest lloc web, incloent-hi, entre d&#8217;altres, logotips, [&hellip;]<\/p>\n","protected":false},"author":1,"featured_media":0,"parent":0,"menu_order":0,"comment_status":"closed","ping_status":"closed","template":"","meta":{"_et_pb_use_builder":"on","_et_pb_old_content":"","_et_gb_content_width":"","footnotes":""},"class_list":["post-1551","page","type-page","status-publish","hentry"],"_links":{"self":[{"href":"https:\/\/www.santavall.com\/ca\/wp-json\/wp\/v2\/pages\/1551","targetHints":{"allow":["GET"]}}],"collection":[{"href":"https:\/\/www.santavall.com\/ca\/wp-json\/wp\/v2\/pages"}],"about":[{"href":"https:\/\/www.santavall.com\/ca\/wp-json\/wp\/v2\/types\/page"}],"author":[{"embeddable":true,"href":"https:\/\/www.santavall.com\/ca\/wp-json\/wp\/v2\/users\/1"}],"replies":[{"embeddable":true,"href":"https:\/\/www.santavall.com\/ca\/wp-json\/wp\/v2\/comments?post=1551"}],"version-history":[{"count":1,"href":"https:\/\/www.santavall.com\/ca\/wp-json\/wp\/v2\/pages\/1551\/revisions"}],"predecessor-version":[{"id":1556,"href":"https:\/\/www.santavall.com\/ca\/wp-json\/wp\/v2\/pages\/1551\/revisions\/1556"}],"wp:attachment":[{"href":"https:\/\/www.santavall.com\/ca\/wp-json\/wp\/v2\/media?parent=1551"}],"curies":[{"name":"wp","href":"https:\/\/api.w.org\/{rel}","templated":true}]}}