{"id":1705,"date":"2025-08-08T11:44:47","date_gmt":"2025-08-08T09:44:47","guid":{"rendered":"https:\/\/www.santavall.com\/premsa\/"},"modified":"2026-01-19T14:12:40","modified_gmt":"2026-01-19T12:12:40","slug":"premsa","status":"publish","type":"page","link":"https:\/\/www.santavall.com\/ca\/premsa\/","title":{"rendered":"PREMSA"},"content":{"rendered":"<p>[et_pb_section fb_built=\u201d1&#8243; custom_padding_last_edited=\u201don|phone\u201d _builder_version=\u201d4.27.4&#8243; _module_preset=\u201ddefault\u201d background_color=\u201drgba(0,0,0,0.66)\u201d background_image=\u201dhttps:\/\/www.santavall.com\/wp-content\/uploads\/2025\/08\/Santavall_25_CVP-61.jpg\u201d background_blend=\u201doverlay\u201d custom_padding=\u201d295px||100px||false|false\u201d custom_padding_tablet=\u201d310px||110px||false|false\u201d custom_padding_phone=\u201d165px||45px||false|false\u201d locked=\u201doff\u201d global_colors_info=\u201d{}\u201d][et_pb_row custom_padding_last_edited=\u201don|phone\u201d _builder_version=\u201d4.27.4&#8243; _module_preset=\u201ddefault\u201d custom_padding=\u201d20px||20px||true|false\u201d custom_padding_tablet=\u201d22px||22px||true|false\u201d custom_padding_phone=\u201d23px||25px||false|false\u201d global_colors_info=\u201d{}\u201d][et_pb_column type=\u201d4_4&#8243; _builder_version=\u201d4.27.4&#8243; _module_preset=\u201ddefault\u201d global_colors_info=\u201d{}\u201d][et_pb_text _builder_version=\u201d4.27.4&#8243; _module_preset=\u201ddefault\u201d text_font_size=\u201d62px\u201d header_text_color=\u201d#FFFFFF\u201d header_font_size=\u201d75px\u201d header_letter_spacing=\u201d2px\u201d text_orientation=\u201dcenter\u201d custom_margin=\u201d||0px||false|false\u201d header_font_size_tablet=\u201d60px\u201d header_font_size_phone=\u201d42px\u201d header_font_size_last_edited=\u201don|phone\u201d header_text_shadow_style=\u201dpreset1&#8243; global_colors_info=\u201d{}\u201d]<\/p>\n<h1>PREMSA<\/h1>\n<p>[\/et_pb_text][\/et_pb_column][\/et_pb_row][\/et_pb_section][et_pb_section fb_built=\u201d1&#8243; _builder_version=\u201d4.27.4&#8243; _module_preset=\u201ddefault\u201d locked=\u201doff\u201d global_colors_info=\u201d{}\u201d][et_pb_row column_structure=\u201d1_2,1_2&#8243; use_custom_gutter=\u201don\u201d gutter_width=\u201d4&#8243; make_equal=\u201don\u201d _builder_version=\u201d4.27.4&#8243; _module_preset=\u201ddefault\u201d global_colors_info=\u201d{}\u201d][et_pb_column type=\u201d1_2&#8243; _builder_version=\u201d4.27.4&#8243; _module_preset=\u201ddefault\u201d global_colors_info=\u201d{}\u201d][et_pb_text _builder_version=\u201d4.27.4&#8243; _module_preset=\u201ddefault\u201d text_text_color=\u201d#000000&#8243; custom_margin=\u201d||2px||false|false\u201d custom_margin_tablet=\u201d||4px||false|false\u201d custom_margin_phone=\u201d||3px||false|false\u201d custom_margin_last_edited=\u201don|phone\u201d global_colors_info=\u201d{}\u201d]<\/p>\n<h2>PREMSA<\/h2>\n<p>[\/et_pb_text][et_pb_text _builder_version=\u201d4.27.4&#8243; _module_preset=\u201ddefault\u201d text_text_color=\u201d#000000&#8243; text_font_size=\u201d17px\u201d text_line_height=\u201d1.4em\u201d custom_margin=\u201d||20px|||\u201d text_font_size_tablet=\u201d16px\u201d text_font_size_phone=\u201d15px\u201d text_font_size_last_edited=\u201don|phone\u201d global_colors_info=\u201d{}\u201d]<\/p>\n<p>Aqu\u00ed trobar\u00e0s tot el contingut de premsa, comunicats i dossiers de \u201cSanta Vall by The Traka\u201d. Aquest material \u00e9s propietat de Klassmark i nom\u00e9s es pot utilitzar per promocionar l&#8217;esdeveniment, seguint els termes de drets d&#8217;autor que s&#8217;indiquen a continuaci\u00f3. <\/p>\n<p>[\/et_pb_text][et_pb_text _builder_version=\u201d4.27.5&#8243; _module_preset=\u201ddefault\u201d text_font=\u201d||||||||\u201d text_text_color=\u201d#FFFFFF\u201d text_font_size=\u201d17px\u201d text_letter_spacing=\u201d3px\u201d text_line_height=\u201d1.2em\u201d background_color=\u201d#000000&#8243; text_orientation=\u201dcenter\u201d width=\u201d220px\u201d width_tablet=\u201d231px\u201d width_phone=\u201d261px\u201d width_last_edited=\u201don|phone\u201d module_alignment=\u201dleft\u201d custom_margin=\u201d||10px||false|false\u201d custom_padding=\u201d12px||12px||true|false\u201d link_option_url=\u201dhttps:\/\/drive.google.com\/drive\/u\/1\/folders\/1vCl4saJfDajR7EO1pL8jSZe_t2_SbAhW\u201d link_option_url_new_window=\u201don\u201d text_font_size_tablet=\u201d16px\u201d text_font_size_phone=\u201d15px\u201d text_font_size_last_edited=\u201don|phone\u201d locked=\u201doff\u201d global_colors_info=\u201d{}\u201d background__hover_enabled=\u201don|hover\u201d background_color__hover=\u201d#282828&#8243; background_enable_color__hover=\u201don\u201d transform_styles__hover_enabled=\u201don|hover\u201d transform_scale__hover_enabled=\u201don|hover\u201d transform_translate__hover_enabled=\u201don|hover\u201d transform_rotate__hover_enabled=\u201don|hover\u201d transform_skew__hover_enabled=\u201don|hover\u201d transform_origin__hover_enabled=\u201don|hover\u201d transform_scale__hover=\u201d101%|101%\u201d]<\/p>\n<p>KIT DE PREMSA \u00bb<\/p>\n<p>[\/et_pb_text][\/et_pb_column][et_pb_column type=\u201d1_2&#8243; _builder_version=\u201d4.27.4&#8243; _module_preset=\u201ddefault\u201d global_colors_info=\u201d{}\u201d][et_pb_text _builder_version=\u201d4.27.4&#8243; _module_preset=\u201ddefault\u201d text_text_color=\u201d#000000&#8243; custom_margin=\u201d||2px||false|false\u201d custom_margin_tablet=\u201d||4px||false|false\u201d custom_margin_phone=\u201d||3px||false|false\u201d custom_margin_last_edited=\u201don|phone\u201d global_colors_info=\u201d{}\u201d]<\/p>\n<h2>ACREDITACI\u00d3 DE PREMSA<\/h2>\n<p>[\/et_pb_text][et_pb_text _builder_version=\u201d4.27.4&#8243; _module_preset=\u201ddefault\u201d text_text_color=\u201d#000000&#8243; text_font_size=\u201d17px\u201d text_line_height=\u201d1.4em\u201d width=\u201d90%\u201d width_tablet=\u201d99%\u201d width_phone=\u201d100%\u201d width_last_edited=\u201don|phone\u201d custom_margin=\u201d||20px|||\u201d text_font_size_tablet=\u201d16px\u201d text_font_size_phone=\u201d15px\u201d text_font_size_last_edited=\u201don|phone\u201d global_colors_info=\u201d{}\u201d]<\/p>\n<p>Si treballes per a un mitj\u00e0, una marca o un atleta durant la \u201cSanta Vall by The Traka\u201d, si us plau, omple el formulari d&#8217;acreditaci\u00f3. L&#8217;equip de Klassmark revisar\u00e0 i confirmar\u00e0 la teva sol\u00b7licitud per correu electr\u00f2nic. <\/p>\n<p>[\/et_pb_text][et_pb_text _builder_version=\u201d4.27.5&#8243; _module_preset=\u201ddefault\u201d text_font=\u201d||||||||\u201d text_text_color=\u201d#FFFFFF\u201d text_font_size=\u201d17px\u201d text_letter_spacing=\u201d3px\u201d text_line_height=\u201d1.2em\u201d background_color=\u201d#000000&#8243; text_orientation=\u201dcenter\u201d width=\u201d220px\u201d width_tablet=\u201d231px\u201d width_phone=\u201d261px\u201d width_last_edited=\u201don|phone\u201d module_alignment=\u201dleft\u201d custom_margin=\u201d||10px||false|false\u201d custom_padding=\u201d12px||12px||true|false\u201d link_option_url_new_window=\u201don\u201d hover_enabled=\u201d0&#8243; text_font_size_tablet=\u201d16px\u201d text_font_size_phone=\u201d15px\u201d text_font_size_last_edited=\u201don|phone\u201d locked=\u201doff\u201d global_colors_info=\u201d{}\u201d background__hover_enabled=\u201don|hover\u201d background_color__hover=\u201d#282828&#8243; background_enable_color__hover=\u201don\u201d transform_styles__hover_enabled=\u201don|hover\u201d transform_scale__hover_enabled=\u201don|hover\u201d transform_translate__hover_enabled=\u201don|hover\u201d transform_rotate__hover_enabled=\u201don|hover\u201d transform_skew__hover_enabled=\u201don|hover\u201d transform_origin__hover_enabled=\u201don|hover\u201d transform_scale__hover=\u201d101%|101%\u201d link_option_url=\u201dhttps:\/\/www.rockthesport.com\/en\/event\/press-and-media-accreditation-santa-vall-2026\/registration\/select-rate\u201d sticky_enabled=\u201d0&#8243;]<\/p>\n<p>INSCRIU-TE \u00bb<\/p>\n<p>[\/et_pb_text][\/et_pb_column][\/et_pb_row][et_pb_row column_structure=\u201d1_3,1_3,1_3&#8243; _builder_version=\u201d4.27.4&#8243; _module_preset=\u201ddefault\u201d max_width=\u201d1300px\u201d custom_margin=\u201d50px|auto||auto|false|false\u201d custom_margin_tablet=\u201d50px||||false|false\u201d custom_margin_phone=\u201d40px||||false|false\u201d custom_margin_last_edited=\u201don|phone\u201d custom_padding=\u201d70px||||false|false\u201d border_width_top=\u201d1px\u201d global_colors_info=\u201d{}\u201d][et_pb_column type=\u201d1_3&#8243; _builder_version=\u201d4.27.4&#8243; _module_preset=\u201ddefault\u201d global_colors_info=\u201d{}\u201d][et_pb_text _builder_version=\u201d4.27.4&#8243; _module_preset=\u201ddefault\u201d text_text_color=\u201d#000000&#8243; text_font_size=\u201d18px\u201d text_line_height=\u201d1em\u201d text_orientation=\u201dcenter\u201d custom_margin=\u201d||2px||false|false\u201d custom_margin_tablet=\u201d||4px||false|false\u201d custom_margin_phone=\u201d||3px||false|false\u201d custom_margin_last_edited=\u201don|phone\u201d text_font_size_tablet=\u201d17px\u201d text_font_size_phone=\u201d16px\u201d text_font_size_last_edited=\u201don|phone\u201d global_colors_info=\u201d{}\u201d]<strong>\u00daS DE XARXES SOCIALS<\/strong>[\/et_pb_text][et_pb_text _builder_version=\u201d4.27.4&#8243; _module_preset=\u201ddefault\u201d text_text_color=\u201d#000000&#8243; text_font_size=\u201d17px\u201d text_line_height=\u201d1.4em\u201d text_orientation=\u201dcenter\u201d custom_margin=\u201d20px||20px||false|false\u201d text_font_size_tablet=\u201d16px\u201d text_font_size_phone=\u201d15px\u201d text_font_size_last_edited=\u201don|phone\u201d global_colors_info=\u201d{}\u201d]<\/p>\n<p>A Instagram, YouTube i altres plataformes de xarxes socials, els drets d&#8217;autor s&#8217;han d&#8217;incloure a la descripci\u00f3 o al text de la publicaci\u00f3 \u2014 etiquetar nom\u00e9s la foto no \u00e9s suficient.<\/p>\n<p><strong>@santavall | @photographer<\/strong><\/p>\n<p>[\/et_pb_text][\/et_pb_column][et_pb_column type=\u201d1_3&#8243; _builder_version=\u201d4.27.4&#8243; _module_preset=\u201ddefault\u201d global_colors_info=\u201d{}\u201d][et_pb_text _builder_version=\u201d4.27.4&#8243; _module_preset=\u201ddefault\u201d text_text_color=\u201d#000000&#8243; text_font_size=\u201d18px\u201d text_line_height=\u201d1em\u201d text_orientation=\u201dcenter\u201d custom_margin=\u201d||2px||false|false\u201d custom_margin_tablet=\u201d||4px||false|false\u201d custom_margin_phone=\u201d||3px||false|false\u201d custom_margin_last_edited=\u201don|phone\u201d text_font_size_tablet=\u201d17px\u201d text_font_size_phone=\u201d16px\u201d text_font_size_last_edited=\u201don|phone\u201d global_colors_info=\u201d{}\u201d]<strong>\u00daS PER A PREMSA I PUBLICACIONS<\/strong>[\/et_pb_text][et_pb_text _builder_version=\u201d4.27.4&#8243; _module_preset=\u201ddefault\u201d text_text_color=\u201d#000000&#8243; text_font_size=\u201d17px\u201d text_line_height=\u201d1.4em\u201d text_orientation=\u201dcenter\u201d custom_margin=\u201d20px||20px||false|false\u201d text_font_size_tablet=\u201d16px\u201d text_font_size_phone=\u201d15px\u201d text_font_size_last_edited=\u201don|phone\u201d global_colors_info=\u201d{}\u201d]<\/p>\n<p>Tot \u00fas fotogr\u00e0fic ha d&#8217;incloure el s\u00edmbol \u00a9 en el seg\u00fcent format:<\/p>\n<p><strong>\u00a9Santa Vall | \u00a9Photographer<\/strong><\/p>\n<p>[\/et_pb_text][\/et_pb_column][et_pb_column type=\u201d1_3&#8243; _builder_version=\u201d4.27.4&#8243; _module_preset=\u201ddefault\u201d global_colors_info=\u201d{}\u201d][et_pb_text _builder_version=\u201d4.27.4&#8243; _module_preset=\u201ddefault\u201d text_text_color=\u201d#000000&#8243; text_font_size=\u201d18px\u201d text_line_height=\u201d1em\u201d text_orientation=\u201dcenter\u201d custom_margin=\u201d||2px||false|false\u201d custom_margin_tablet=\u201d||4px||false|false\u201d custom_margin_phone=\u201d||3px||false|false\u201d custom_margin_last_edited=\u201don|phone\u201d text_font_size_tablet=\u201d17px\u201d text_font_size_phone=\u201d16px\u201d text_font_size_last_edited=\u201don|phone\u201d global_colors_info=\u201d{}\u201d]<\/p>\n<p><strong>\u00daS COMERCIAL<\/strong><\/p>\n<p>[\/et_pb_text][et_pb_text _builder_version=\u201d4.27.4&#8243; _module_preset=\u201ddefault\u201d text_text_color=\u201d#000000&#8243; text_font_size=\u201d17px\u201d text_line_height=\u201d1.4em\u201d text_orientation=\u201dcenter\u201d custom_margin=\u201d20px||20px||false|false\u201d text_font_size_tablet=\u201d16px\u201d text_font_size_phone=\u201d15px\u201d text_font_size_last_edited=\u201don|phone\u201d global_colors_info=\u201d{}\u201d]<\/p>\n<p>L&#8217;\u00fas d&#8217;aquest contingut amb finalitats comercials est\u00e0 estrictament prohibit. Qualsevol acord d&#8217;aquest tipus s&#8217;ha de negociar directament entre les parts implicades. <\/p>\n<p>Per a qualsevol consulta o sol\u00b7licitud, l&#8217;equip de Klassmark est\u00e0 a la teva disposici\u00f3.<\/p>\n<p><strong>Contacte: press@klassmark.com<\/strong><\/p>\n<p>[\/et_pb_text][\/et_pb_column][\/et_pb_row][\/et_pb_section]<\/p>\n","protected":false},"excerpt":{"rendered":"<p>PREMSAPREMSAAqu\u00ed trobar\u00e0s tot el contingut de premsa, comunicats i dossiers de \u201cSanta Vall by The Traka\u201d. Aquest material \u00e9s propietat de Klassmark i nom\u00e9s es pot utilitzar per promocionar l&#8217;esdeveniment, seguint els termes de drets d&#8217;autor que s&#8217;indiquen a continuaci\u00f3. KIT DE PREMSA \u00bbACREDITACI\u00d3 DE PREMSASi treballes per a un mitj\u00e0, una marca o un [&hellip;]<\/p>\n","protected":false},"author":1,"featured_media":1401,"parent":0,"menu_order":0,"comment_status":"closed","ping_status":"closed","template":"","meta":{"_et_pb_use_builder":"on","_et_pb_old_content":"","_et_gb_content_width":"","footnotes":""},"class_list":["post-1705","page","type-page","status-publish","has-post-thumbnail","hentry"],"_links":{"self":[{"href":"https:\/\/www.santavall.com\/ca\/wp-json\/wp\/v2\/pages\/1705","targetHints":{"allow":["GET"]}}],"collection":[{"href":"https:\/\/www.santavall.com\/ca\/wp-json\/wp\/v2\/pages"}],"about":[{"href":"https:\/\/www.santavall.com\/ca\/wp-json\/wp\/v2\/types\/page"}],"author":[{"embeddable":true,"href":"https:\/\/www.santavall.com\/ca\/wp-json\/wp\/v2\/users\/1"}],"replies":[{"embeddable":true,"href":"https:\/\/www.santavall.com\/ca\/wp-json\/wp\/v2\/comments?post=1705"}],"version-history":[{"count":23,"href":"https:\/\/www.santavall.com\/ca\/wp-json\/wp\/v2\/pages\/1705\/revisions"}],"predecessor-version":[{"id":3135,"href":"https:\/\/www.santavall.com\/ca\/wp-json\/wp\/v2\/pages\/1705\/revisions\/3135"}],"wp:featuredmedia":[{"embeddable":true,"href":"https:\/\/www.santavall.com\/ca\/wp-json\/wp\/v2\/media\/1401"}],"wp:attachment":[{"href":"https:\/\/www.santavall.com\/ca\/wp-json\/wp\/v2\/media?parent=1705"}],"curies":[{"name":"wp","href":"https:\/\/api.w.org\/{rel}","templated":true}]}}