{"id":3671,"date":"2026-02-05T18:44:25","date_gmt":"2026-02-05T16:44:25","guid":{"rendered":"https:\/\/www.santavall.com\/pk\/manteniment-de-bicicletes\/"},"modified":"2026-04-15T15:17:55","modified_gmt":"2026-04-15T13:17:55","slug":"manteniment-de-bicicletes","status":"publish","type":"page","link":"https:\/\/www.santavall.com\/ca\/pk\/manteniment-de-bicicletes\/","title":{"rendered":"RODAMENTS DE BICICLETA"},"content":{"rendered":"<p>[et_pb_section fb_built=\u201d1&#8243; custom_padding_last_edited=\u201don|phone\u201d _builder_version=\u201d4.27.6&#8243; _module_preset=\u201ddefault\u201d background_color=\u201drgba(20,20,20,0.8)\u201d background_image=\u201dhttps:\/\/www.santavall.com\/wp-content\/uploads\/2026\/02\/Imagen-portada-01-ciclista-ISB-Gravel.jpg\u201d background_blend=\u201doverlay\u201d custom_padding=\u201d295px||100px||false|false\u201d custom_padding_tablet=\u201d310px||110px||false|false\u201d custom_padding_phone=\u201d165px||45px||false|false\u201d hover_enabled=\u201d0&#8243; locked=\u201doff\u201d global_colors_info=\u201d{}\u201d sticky_enabled=\u201d0&#8243;][et_pb_row custom_padding_last_edited=\u201don|phone\u201d _builder_version=\u201d4.27.4&#8243; _module_preset=\u201ddefault\u201d custom_padding=\u201d21px||21px||true|false\u201d custom_padding_tablet=\u201d22px||22px||true|false\u201d custom_padding_phone=\u201d23px||25px||false|false\u201d global_colors_info=\u201d{}\u201d][et_pb_column type=\u201d4_4&#8243; _builder_version=\u201d4.27.4&#8243; _module_preset=\u201ddefault\u201d global_colors_info=\u201d{}\u201d][et_pb_text _builder_version=\u201d4.27.4&#8243; _module_preset=\u201ddefault\u201d text_font_size=\u201d62px\u201d header_text_color=\u201d#FFFFFF\u201d header_font_size=\u201d75px\u201d header_letter_spacing=\u201d2px\u201d text_orientation=\u201dcenter\u201d custom_margin=\u201d||0px||false|false\u201d header_font_size_tablet=\u201d60px\u201d header_font_size_phone=\u201d42px\u201d header_font_size_last_edited=\u201don|phone\u201d header_text_shadow_style=\u201dpreset1&#8243; global_colors_info=\u201d{}\u201d]<\/p>\n<h1>RODAMENTS DE BICICLETA<\/h1>\n<p>[\/et_pb_text][et_pb_image src=\u201dhttps:\/\/www.santavall.com\/wp-content\/uploads\/2026\/02\/isb-web.png\u201d title_text=\u201disb-web\u201d url=\u201dhttps:\/\/www.sram.com\/en\/zipp\u201d url_new_window=\u201don\u201d align=\u201dcenter\u201d _builder_version=\u201d4.27.6&#8243; _module_preset=\u201ddefault\u201d width=\u201d220px\u201d width_tablet=\u201d230px\u201d width_phone=\u201d199px\u201d width_last_edited=\u201don|phone\u201d module_alignment=\u201dcenter\u201d custom_margin=\u201d16px||||false|false\u201d animation_style=\u201dfade\u201d hover_enabled=\u201d0&#8243; global_colors_info=\u201d{}\u201d transform_styles__hover_enabled=\u201don|hover\u201d transform_scale__hover=\u201d102%|102%\u201d transform_scale__hover_enabled=\u201don|hover\u201d transform_translate__hover_enabled=\u201don|desktop\u201d transform_rotate__hover_enabled=\u201don|desktop\u201d transform_skew__hover_enabled=\u201don|desktop\u201d transform_origin__hover_enabled=\u201don|desktop\u201d sticky_enabled=\u201d0&#8243;][\/et_pb_image][\/et_pb_column][\/et_pb_row][\/et_pb_section][et_pb_section fb_built=\u201d1&#8243; custom_padding_last_edited=\u201don|desktop\u201d _builder_version=\u201d4.27.5&#8243; _module_preset=\u201ddefault\u201d background_color=\u201d#FFFFFF\u201d background_image=\u201dhttps:\/\/www.santavall.com\/wp-content\/uploads\/2025\/10\/xthetraka.png\u201d background_size=\u201dcustom\u201d background_image_width=\u201d12%\u201d background_position=\u201dbottom_center\u201d module_alignment=\u201dcenter\u201d custom_margin=\u201d0px||0px||false|false\u201d custom_padding=\u201d50px|9px|150px||false|false\u201d custom_padding_tablet=\u201d40px|9px|55px||false|false\u201d custom_padding_phone=\u201d35px|0px|53px||false|false\u201d background_last_edited=\u201don|phone\u201d background_image_width_tablet=\u201d24%\u201d background_image_width_phone=\u201d41%\u201d global_colors_info=\u201d{}\u201d][et_pb_row custom_padding_last_edited=\u201don|phone\u201d _builder_version=\u201d4.27.5&#8243; _module_preset=\u201ddefault\u201d background_color=\u201drgba(0,0,0,0.5)\u201d background_image=\u201dhttps:\/\/www.santavall.com\/wp-content\/uploads\/2026\/02\/Imagen-portada-02-scaled.jpg\u201d background_position=\u201dbottom_center\u201d background_vertical_offset=\u201d42%\u201d background_blend=\u201doverlay\u201d max_width=\u201d800px\u201d max_width_tablet=\u201d600px\u201d max_width_phone=\u201d90%\u201d max_width_last_edited=\u201don|phone\u201d module_alignment=\u201dcenter\u201d custom_margin=\u201d0px||0px||false|false\u201d custom_padding=\u201d50px|80px|50px|80px|true|true\u201d custom_padding_tablet=\u201d48px|70px|48px|70px|true|true\u201d custom_padding_phone=\u201d44px|40px|44px|40px|true|true\u201d background_last_edited=\u201don|phone\u201d global_colors_info=\u201d{}\u201d][et_pb_column type=\u201d4_4&#8243; _builder_version=\u201d4.27.4&#8243; _module_preset=\u201ddefault\u201d global_colors_info=\u201d{}\u201d][et_pb_text _builder_version=\u201d4.27.5&#8243; _module_preset=\u201ddefault\u201d header_text_color=\u201d#FFFFFF\u201d header_font_size=\u201d22px\u201d text_orientation=\u201dcenter\u201d locked=\u201doff\u201d global_colors_info=\u201d{}\u201d]<\/p>\n<h1>RODAMENTS DE BICICLETA<\/h1>\n<p>[\/et_pb_text][et_pb_text _builder_version=\u201d4.27.5&#8243; _module_preset=\u201ddefault\u201d text_text_color=\u201d#FFFFFF\u201d text_font_size=\u201d18px\u201d text_line_height=\u201d1.3em\u201d text_orientation=\u201dcenter\u201d custom_padding=\u201d||3px|||\u201d text_font_size_tablet=\u201d17px\u201d text_font_size_phone=\u201d16px\u201d text_font_size_last_edited=\u201don|phone\u201d locked=\u201doff\u201d global_colors_info=\u201d{}\u201d]<\/p>\n<p>\u00abDissenyats per millorar la teva experi\u00e8ncia de pedaleig.\u00bb Els rodaments de bicicleta ISB SPORT han estat dissenyats i fabricats per optimitzar i garantir el seu rendiment en qualsevol aplicaci\u00f3. El ciclisme es nodreix de reptes, l\u00edmits, esfor\u00e7 i comprom\u00eds. A ISB SPORT, compartim aquests valors i creiem que millorar el rendiment de cada component de la bicicleta \u00e9s el millor cam\u00ed cap al progr\u00e9s i l&#8217;evoluci\u00f3.   <\/p>\n<p>[\/et_pb_text][\/et_pb_column][\/et_pb_row][et_pb_row column_structure=\u201d1_2,1_2&#8243; _builder_version=\u201d4.27.5&#8243; _module_preset=\u201ddefault\u201d max_width=\u201d1000px\u201d max_width_tablet=\u201d364px\u201d max_width_phone=\u201d90%\u201d max_width_last_edited=\u201don|phone\u201d custom_margin=\u201d45px||||false|false\u201d global_colors_info=\u201d{}\u201d][et_pb_column type=\u201d1_2&#8243; _builder_version=\u201d4.27.4&#8243; _module_preset=\u201ddefault\u201d global_colors_info=\u201d{}\u201d][et_pb_image src=\u201dhttps:\/\/www.santavall.com\/wp-content\/uploads\/2026\/02\/Rodamientos-ISB-SPORT-01-BO-LCNC.jpg\u201d title_text=\u201dRodaments ISB SPORT \u2013 01 \u2013 BO LCNC\u201d url=\u201dhttps:\/\/www.sram.com\/en\/zipp\/models\/wh-101-xplr-a1&#8243; url_new_window=\u201don\u201d align=\u201dcenter\u201d _builder_version=\u201d4.27.5&#8243; _module_preset=\u201ddefault\u201d width=\u201d230px\u201d width_tablet=\u201d250px\u201d width_phone=\u201d220px\u201d width_last_edited=\u201don|phone\u201d module_alignment=\u201dcenter\u201d custom_margin=\u201d0px||33px||false|false\u201d custom_margin_tablet=\u201d22px||33px||false|false\u201d custom_margin_phone=\u201d22px||33px||false|false\u201d custom_margin_last_edited=\u201don|desktop\u201d module_alignment_tablet=\u201dcenter\u201d module_alignment_phone=\u201dcenter\u201d module_alignment_last_edited=\u201don|desktop\u201d global_colors_info=\u201d{}\u201d][\/et_pb_image][et_pb_text _builder_version=\u201d4.27.5&#8243; _module_preset=\u201ddefault\u201d text_font_size=\u201d19px\u201d text_orientation=\u201dcenter\u201d custom_margin=\u201d12px||5px||false|false\u201d custom_margin_tablet=\u201d-14px||4px||false|false\u201d custom_margin_phone=\u201d-20px||3px||false|false\u201d custom_margin_last_edited=\u201don|phone\u201d global_colors_info=\u201d{}\u201d]<\/p>\n<p><strong>RODAMENTS ENDURANCE LCNC BO<\/strong><\/p>\n<p>[\/et_pb_text][et_pb_text _builder_version=\u201d4.27.5&#8243; _module_preset=\u201ddefault\u201d text_font_size=\u201d17px\u201d text_line_height=\u201d1.4em\u201d text_orientation=\u201dcenter\u201d width=\u201d91%\u201d text_font_size_tablet=\u201d16px\u201d text_font_size_phone=\u201d15px\u201d text_font_size_last_edited=\u201don|phone\u201d global_colors_info=\u201d{}\u201d]<\/p>\n<p> Recomanats per a carretera i Gravel r\u00e0pid<\/p>\n<p>Rodaments d&#8217;acer ISB SPORT, amb recobriment BO (recobriment per a una major resist\u00e8ncia a la corrosi\u00f3 i una rotaci\u00f3 m\u00e9s suau)<br \/>Segellat LCNC: Contacte Lleuger (verd, baixa fricci\u00f3) i Sense Contacte (negre)<\/p>\n<p>[\/et_pb_text][\/et_pb_column][et_pb_column type=\u201d1_2&#8243; _builder_version=\u201d4.27.4&#8243; _module_preset=\u201ddefault\u201d global_colors_info=\u201d{}\u201d][et_pb_image src=\u201dhttps:\/\/www.santavall.com\/wp-content\/uploads\/2026\/02\/Rodamientos-ISB-SPORT-02-BO-FCNC.jpg\u201d title_text=\u201dRodaments ISB SPORT \u2013 02 \u2013 BO FCNC\u201d url=\u201dhttps:\/\/www.sram.com\/en\/zipp\/models\/hb-dbsc-sl7x-a2&#8243; url_new_window=\u201don\u201d align=\u201dcenter\u201d _builder_version=\u201d4.27.5&#8243; _module_preset=\u201ddefault\u201d width=\u201d254px\u201d width_tablet=\u201d250px\u201d width_phone=\u201d220px\u201d width_last_edited=\u201don|phone\u201d module_alignment=\u201dcenter\u201d custom_margin=\u201d0px||33px||false|false\u201d custom_margin_tablet=\u201d22px||33px||false|false\u201d custom_margin_phone=\u201d22px||33px||false|false\u201d custom_margin_last_edited=\u201don|desktop\u201d module_alignment_tablet=\u201dcenter\u201d module_alignment_phone=\u201dcenter\u201d module_alignment_last_edited=\u201don|desktop\u201d global_colors_info=\u201d{}\u201d][\/et_pb_image][et_pb_text _builder_version=\u201d4.27.5&#8243; _module_preset=\u201ddefault\u201d text_font_size=\u201d20px\u201d text_orientation=\u201dcenter\u201d custom_margin=\u201d-12px||5px||false|false\u201d custom_margin_tablet=\u201d-14px||4px||false|false\u201d custom_margin_phone=\u201d-20px||3px||false|false\u201d custom_margin_last_edited=\u201don|phone\u201d global_colors_info=\u201d{}\u201d]<\/p>\n<p><strong>RODAMENTS ENDURANCE FCNC BO<\/strong><\/p>\n<p>[\/et_pb_text][et_pb_text _builder_version=\u201d4.27.5&#8243; _module_preset=\u201ddefault\u201d text_font_size=\u201d17px\u201d text_line_height=\u201d1.4em\u201d text_orientation=\u201dcenter\u201d width=\u201d406px\u201d width_tablet=\u201d300px\u201d width_phone=\u201d230px\u201d width_last_edited=\u201don|phone\u201d module_alignment=\u201dcenter\u201d custom_margin=\u201d|-253px||63px||\u201d custom_padding=\u201d||0px|0px||\u201d text_font_size_tablet=\u201d16px\u201d text_font_size_phone=\u201d15px\u201d text_font_size_last_edited=\u201don|phone\u201d global_colors_info=\u201d{}\u201d]<\/p>\n<p>Recomanats per a MTB i Gravel<\/p>\n<p>Rodaments d&#8217;acer ISB SPORT, amb recobriment BO (recobriment per a una major resist\u00e8ncia a la corrosi\u00f3 i una rotaci\u00f3 m\u00e9s suau)<br \/>Segells FCNC: segells magenta de triple llavi de Contacte Complet (m\u00e0xima protecci\u00f3) i segells negres Sense Contacte<\/p>\n<p>[\/et_pb_text][\/et_pb_column][\/et_pb_row][et_pb_row column_structure=\u201d1_2,1_2&#8243; _builder_version=\u201d4.27.5&#8243; _module_preset=\u201ddefault\u201d max_width=\u201d1000px\u201d max_width_tablet=\u201d364px\u201d max_width_phone=\u201d90%\u201d max_width_last_edited=\u201don|phone\u201d custom_margin=\u201d45px||||false|false\u201d global_colors_info=\u201d{}\u201d][et_pb_column type=\u201d1_2&#8243; _builder_version=\u201d4.27.4&#8243; _module_preset=\u201ddefault\u201d global_colors_info=\u201d{}\u201d][et_pb_image src=\u201dhttps:\/\/www.santavall.com\/wp-content\/uploads\/2026\/02\/Rodamientos-ISB-SPORT-03-ceramicos-PRO-BO.jpg\u201d title_text=\u201dRodaments ISB SPORT \u2013 03 \u2013 cer\u00e0mics PRO BO\u201d url=\u201dhttps:\/\/www.sram.com\/en\/zipp\/models\/wh-101-xplr-a1&#8243; url_new_window=\u201don\u201d align=\u201dcenter\u201d _builder_version=\u201d4.27.5&#8243; _module_preset=\u201ddefault\u201d width=\u201d230px\u201d width_tablet=\u201d250px\u201d width_phone=\u201d220px\u201d width_last_edited=\u201don|phone\u201d module_alignment=\u201dcenter\u201d custom_margin=\u201d0px||33px||false|false\u201d custom_margin_tablet=\u201d22px||33px||false|false\u201d custom_margin_phone=\u201d22px||33px||false|false\u201d custom_margin_last_edited=\u201don|desktop\u201d module_alignment_tablet=\u201dcenter\u201d module_alignment_phone=\u201dcenter\u201d module_alignment_last_edited=\u201don|desktop\u201d global_colors_info=\u201d{}\u201d][\/et_pb_image][et_pb_text _builder_version=\u201d4.27.5&#8243; _module_preset=\u201ddefault\u201d text_font_size=\u201d20px\u201d text_orientation=\u201dcenter\u201d custom_margin=\u201d-12px||5px|-32px|false|false\u201d custom_margin_tablet=\u201d-14px||4px||false|false\u201d custom_margin_phone=\u201d-20px||3px||false|false\u201d custom_margin_last_edited=\u201don|phone\u201d global_colors_info=\u201d{}\u201d]<\/p>\n<p><strong>RODAMENTS PRO BO<\/strong><\/p>\n<p>[\/et_pb_text][et_pb_text _builder_version=\u201d4.27.5&#8243; _module_preset=\u201ddefault\u201d text_font_size=\u201d17px\u201d text_line_height=\u201d1.4em\u201d text_orientation=\u201dcenter\u201d width=\u201d91%\u201d text_font_size_tablet=\u201d16px\u201d text_font_size_phone=\u201d15px\u201d text_font_size_last_edited=\u201don|phone\u201d global_colors_info=\u201d{}\u201d]<\/p>\n<p>Recomanats per a Gravel r\u00e0pid<\/p>\n<p>Rodaments cer\u00e0mics h\u00edbrids ISB SPORT (estructura d&#8217;acer cromat i boles cer\u00e0miques)<br \/>Rodaments amb recobriment BO (recobriment per a una major resist\u00e8ncia a la corrosi\u00f3 i una rotaci\u00f3 suau)<br \/>Segells LCNC: Contacte Lleuger (verd, baixa fricci\u00f3) i Sense Contacte (negre)<\/p>\n<p>[\/et_pb_text][\/et_pb_column][et_pb_column type=\u201d1_2&#8243; _builder_version=\u201d4.27.4&#8243; _module_preset=\u201ddefault\u201d global_colors_info=\u201d{}\u201d][et_pb_image src=\u201dhttps:\/\/www.santavall.com\/wp-content\/uploads\/2026\/02\/Rodamientos-ISB-SPORT-04-ceramicos-INOX-PRO.jpg\u201d title_text=\u201dRodaments ISB SPORT \u2013 04 \u2013 cer\u00e0mics INOX PRO\u201d url=\u201dhttps:\/\/www.sram.com\/en\/zipp\/models\/hb-dbsc-sl7x-a2&#8243; url_new_window=\u201don\u201d align=\u201dcenter\u201d _builder_version=\u201d4.27.5&#8243; _module_preset=\u201ddefault\u201d width=\u201d254px\u201d width_tablet=\u201d250px\u201d width_phone=\u201d220px\u201d width_last_edited=\u201don|phone\u201d module_alignment=\u201dcenter\u201d custom_margin=\u201d0px||33px||false|false\u201d custom_margin_tablet=\u201d22px||33px||false|false\u201d custom_margin_phone=\u201d22px||33px||false|false\u201d custom_margin_last_edited=\u201don|desktop\u201d module_alignment_tablet=\u201dcenter\u201d module_alignment_phone=\u201dcenter\u201d module_alignment_last_edited=\u201don|desktop\u201d global_colors_info=\u201d{}\u201d][\/et_pb_image][et_pb_text _builder_version=\u201d4.27.5&#8243; _module_preset=\u201ddefault\u201d text_orientation=\u201dcenter\u201d custom_margin=\u201d-12px||5px||false|false\u201d custom_margin_tablet=\u201d-14px||4px||false|false\u201d custom_margin_phone=\u201d-20px||3px||false|false\u201d custom_margin_last_edited=\u201don|phone\u201d global_colors_info=\u201d{}\u201d]<\/p>\n<h3>RODAMENTS INOX PRO<\/h3>\n<p>[\/et_pb_text][et_pb_text _builder_version=\u201d4.27.5&#8243; _module_preset=\u201ddefault\u201d text_font_size=\u201d17px\u201d text_line_height=\u201d1.4em\u201d text_orientation=\u201dcenter\u201d width=\u201d406px\u201d width_tablet=\u201d300px\u201d width_phone=\u201d230px\u201d width_last_edited=\u201don|phone\u201d module_alignment=\u201dcenter\u201d custom_margin=\u201d|-253px||63px||\u201d custom_padding=\u201d||0px|0px||\u201d text_font_size_tablet=\u201d16px\u201d text_font_size_phone=\u201d15px\u201d text_font_size_last_edited=\u201don|phone\u201d global_colors_info=\u201d{}\u201d]<\/p>\n<p>Recomanats per a Gravel r\u00e0pid<\/p>\n<p>Rodaments cer\u00e0mics h\u00edbrids ISB SPORT (carcassa d&#8217;acer inoxidable i boles cer\u00e0miques)<\/p>\n<p>El segellat d&#8217;alt rendiment garanteix la protecci\u00f3 sense comprometre la velocitat de rotaci\u00f3.<\/p>\n<p>[\/et_pb_text][\/et_pb_column][\/et_pb_row][\/et_pb_section]<\/p>\n","protected":false},"excerpt":{"rendered":"<p>RODAMENTS DE BICICLETARODAMENTS DE BICICLETA\u00abDissenyats per millorar la teva experi\u00e8ncia de pedaleig.\u00bb Els rodaments de bicicleta ISB SPORT han estat dissenyats i fabricats per optimitzar i garantir el seu rendiment en qualsevol aplicaci\u00f3. El ciclisme es nodreix de reptes, l\u00edmits, esfor\u00e7 i comprom\u00eds. A ISB SPORT, compartim aquests valors i creiem que millorar el rendiment [&hellip;]<\/p>\n","protected":false},"author":1,"featured_media":1401,"parent":1400,"menu_order":0,"comment_status":"closed","ping_status":"closed","template":"","meta":{"_et_pb_use_builder":"on","_et_pb_old_content":"","_et_gb_content_width":"","footnotes":""},"class_list":["post-3671","page","type-page","status-publish","has-post-thumbnail","hentry"],"_links":{"self":[{"href":"https:\/\/www.santavall.com\/ca\/wp-json\/wp\/v2\/pages\/3671","targetHints":{"allow":["GET"]}}],"collection":[{"href":"https:\/\/www.santavall.com\/ca\/wp-json\/wp\/v2\/pages"}],"about":[{"href":"https:\/\/www.santavall.com\/ca\/wp-json\/wp\/v2\/types\/page"}],"author":[{"embeddable":true,"href":"https:\/\/www.santavall.com\/ca\/wp-json\/wp\/v2\/users\/1"}],"replies":[{"embeddable":true,"href":"https:\/\/www.santavall.com\/ca\/wp-json\/wp\/v2\/comments?post=3671"}],"version-history":[{"count":17,"href":"https:\/\/www.santavall.com\/ca\/wp-json\/wp\/v2\/pages\/3671\/revisions"}],"predecessor-version":[{"id":4237,"href":"https:\/\/www.santavall.com\/ca\/wp-json\/wp\/v2\/pages\/3671\/revisions\/4237"}],"up":[{"embeddable":true,"href":"https:\/\/www.santavall.com\/ca\/wp-json\/wp\/v2\/pages\/1400"}],"wp:featuredmedia":[{"embeddable":true,"href":"https:\/\/www.santavall.com\/ca\/wp-json\/wp\/v2\/media\/1401"}],"wp:attachment":[{"href":"https:\/\/www.santavall.com\/ca\/wp-json\/wp\/v2\/media?parent=3671"}],"curies":[{"name":"wp","href":"https:\/\/api.w.org\/{rel}","templated":true}]}}