{"id":1476,"date":"2025-08-08T13:34:21","date_gmt":"2025-08-08T11:34:21","guid":{"rendered":"https:\/\/www.santavall.com\/pk_rode-with-it_zipp\/"},"modified":"2026-02-05T18:47:27","modified_gmt":"2026-02-05T16:47:27","slug":"pk_rode-with-it_zipp","status":"publish","type":"page","link":"https:\/\/www.santavall.com\/es\/pk_rode-with-it_zipp\/","title":{"rendered":"D\u00c9JATE LLEVAR"},"content":{"rendered":"<p>[et_pb_section fb_built=\u201d1&#8243; custom_padding_last_edited=\u201don|phone\u201d _builder_version=\u201d4.27.4&#8243; _module_preset=\u201ddefault\u201d background_color=\u201drgba(0,0,0,0.66)\u201d background_image=\u201dhttps:\/\/www.santavall.com\/wp-content\/uploads\/2025\/10\/LaSantaVall25_SXT-188.jpg\u201d background_blend=\u201doverlay\u201d custom_padding=\u201d295px||100px||false|false\u201d custom_padding_tablet=\u201d310px||110px||false|false\u201d custom_padding_phone=\u201d165px||45px||false|false\u201d locked=\u201doff\u201d global_colors_info=\u201d{}\u201d][et_pb_row custom_padding_last_edited=\u201don|phone\u201d _builder_version=\u201d4.27.4&#8243; _module_preset=\u201ddefault\u201d custom_padding=\u201d21px||21px||true|false\u201d custom_padding_tablet=\u201d22px||22px||true|false\u201d custom_padding_phone=\u201d23px||25px||false|false\u201d global_colors_info=\u201d{}\u201d][et_pb_column type=\u201d4_4&#8243; _builder_version=\u201d4.27.4&#8243; _module_preset=\u201ddefault\u201d global_colors_info=\u201d{}\u201d][et_pb_text _builder_version=\u201d4.27.4&#8243; _module_preset=\u201ddefault\u201d text_font_size=\u201d62px\u201d header_text_color=\u201d#FFFFFF\u201d header_font_size=\u201d75px\u201d header_letter_spacing=\u201d2px\u201d text_orientation=\u201dcenter\u201d custom_margin=\u201d||0px||false|false\u201d header_font_size_tablet=\u201d60px\u201d header_font_size_phone=\u201d42px\u201d header_font_size_last_edited=\u201don|phone\u201d header_text_shadow_style=\u201dpreset1&#8243; global_colors_info=\u201d{}\u201d]<\/p>\n<h1>D\u00c9JATE LLEVAR<\/h1>\n<p>[\/et_pb_text][et_pb_text _builder_version=\u201d4.27.4&#8243; _module_preset=\u201ddefault\u201d text_font=\u201dZeyada||||||||\u201d text_text_color=\u201d#FFFFFF\u201d text_font_size=\u201d40px\u201d text_line_height=\u201d1em\u201d text_orientation=\u201dcenter\u201d custom_margin=\u201d||-15px||false|false\u201d custom_padding=\u201d||0px||false|false\u201d locked=\u201doff\u201d global_colors_info=\u201d{}\u201d]<\/p>\n<p>de:<\/p>\n<p>[\/et_pb_text][et_pb_image src=\u201dhttps:\/\/www.santavall.com\/wp-content\/uploads\/2025\/09\/logo-zip-santa-vall.png\u201d title_text=\u201dlogo-zip-santa-vall\u201d url=\u201dhttps:\/\/www.sram.com\/en\/zipp\u201d url_new_window=\u201don\u201d align=\u201dcenter\u201d _builder_version=\u201d4.27.4&#8243; _module_preset=\u201ddefault\u201d width=\u201d220px\u201d width_tablet=\u201d230px\u201d width_phone=\u201d199px\u201d width_last_edited=\u201don|phone\u201d module_alignment=\u201dcenter\u201d animation_style=\u201dfade\u201d global_colors_info=\u201d{}\u201d transform_styles__hover_enabled=\u201don|hover\u201d transform_scale__hover=\u201d102%|102%\u201d transform_scale__hover_enabled=\u201don|hover\u201d transform_translate__hover_enabled=\u201don|desktop\u201d transform_rotate__hover_enabled=\u201don|desktop\u201d transform_skew__hover_enabled=\u201don|desktop\u201d transform_origin__hover_enabled=\u201don|desktop\u201d][\/et_pb_image][\/et_pb_column][\/et_pb_row][\/et_pb_section][et_pb_section fb_built=\u201d1&#8243; custom_padding_last_edited=\u201don|desktop\u201d _builder_version=\u201d4.27.4&#8243; _module_preset=\u201ddefault\u201d background_color=\u201d#FFFFFF\u201d background_image=\u201dhttps:\/\/www.santavall.com\/wp-content\/uploads\/2025\/10\/xthetraka.png\u201d background_size=\u201dcustom\u201d background_image_width=\u201d12%\u201d background_position=\u201dbottom_center\u201d module_alignment=\u201dcenter\u201d custom_margin=\u201d0px||0px||false|false\u201d custom_padding=\u201d50px|9px|150px||false|false\u201d custom_padding_tablet=\u201d40px|9px|55px||false|false\u201d custom_padding_phone=\u201d35px|0px|53px||false|false\u201d background_last_edited=\u201don|phone\u201d background_image_width_tablet=\u201d24%\u201d background_image_width_phone=\u201d41%\u201d global_colors_info=\u201d{}\u201d][et_pb_row custom_padding_last_edited=\u201don|phone\u201d _builder_version=\u201d4.27.4&#8243; _module_preset=\u201ddefault\u201d background_color=\u201drgba(0,0,0,0.5)\u201d background_image=\u201dhttps:\/\/www.santavall.com\/wp-content\/uploads\/2025\/10\/rsalanova_lasantavall-49.jpg\u201d background_position=\u201dbottom_center\u201d background_vertical_offset=\u201d42%\u201d background_blend=\u201doverlay\u201d max_width=\u201d800px\u201d max_width_tablet=\u201d600px\u201d max_width_phone=\u201d90%\u201d max_width_last_edited=\u201don|phone\u201d module_alignment=\u201dcenter\u201d custom_margin=\u201d0px||0px||false|false\u201d custom_padding=\u201d50px|80px|50px|80px|true|true\u201d custom_padding_tablet=\u201d48px|70px|48px|70px|true|true\u201d custom_padding_phone=\u201d44px|40px|44px|40px|true|true\u201d background_last_edited=\u201don|phone\u201d global_colors_info=\u201d{}\u201d][et_pb_column type=\u201d4_4&#8243; _builder_version=\u201d4.27.4&#8243; _module_preset=\u201ddefault\u201d global_colors_info=\u201d{}\u201d][et_pb_text _builder_version=\u201d4.27.4&#8243; _module_preset=\u201ddefault\u201d header_text_color=\u201d#FFFFFF\u201d header_font_size=\u201d22px\u201d text_orientation=\u201dcenter\u201d locked=\u201doff\u201d global_colors_info=\u201d{}\u201d]<\/p>\n<h1>Colecci\u00f3n XPLR de Zipp<\/h1>\n<p>[\/et_pb_text][et_pb_text _builder_version=\u201d4.27.4&#8243; _module_preset=\u201ddefault\u201d text_text_color=\u201d#FFFFFF\u201d text_font_size=\u201d18px\u201d text_line_height=\u201d1.3em\u201d text_orientation=\u201dcenter\u201d text_font_size_tablet=\u201d17px\u201d text_font_size_phone=\u201d16px\u201d text_font_size_last_edited=\u201don|phone\u201d locked=\u201doff\u201d global_colors_info=\u201d{}\u201d]Te permite rodar sin importar lo que te depare el gravel.[\/et_pb_text][\/et_pb_column][\/et_pb_row][et_pb_row column_structure=\u201d1_3,1_3,1_3&#8243; _builder_version=\u201d4.27.4&#8243; _module_preset=\u201ddefault\u201d max_width=\u201d1000px\u201d max_width_tablet=\u201d364px\u201d max_width_phone=\u201d90%\u201d max_width_last_edited=\u201don|phone\u201d custom_margin=\u201d45px||||false|false\u201d global_colors_info=\u201d{}\u201d][et_pb_column type=\u201d1_3&#8243; _builder_version=\u201d4.27.4&#8243; _module_preset=\u201ddefault\u201d global_colors_info=\u201d{}\u201d][et_pb_image src=\u201dhttps:\/\/www.santavall.com\/wp-content\/uploads\/2026\/02\/001918735000-WH-303-XPSW-DBCL-700F-12X100-STD-A1-c-3q-scaled.png\u201d title_text=\u201d001918735000-WH-303-XPSW-DBCL-700F-12X100-STD-A1-c-3q\u201d url=\u201dhttps:\/\/www.sram.com\/en\/zipp\/road\/series\/303-xplr<br \/>\n \u201d url_new_window=\u201don\u201d align=\u201dcenter\u201d _builder_version=\u201d4.27.5&#8243; _module_preset=\u201ddefault\u201d width=\u201d230px\u201d width_tablet=\u201d250px\u201d width_phone=\u201d220px\u201d width_last_edited=\u201don|phone\u201d module_alignment=\u201dcenter\u201d custom_margin=\u201d0px||33px||false|false\u201d custom_margin_tablet=\u201d22px||33px||false|false\u201d custom_margin_phone=\u201d22px||33px||false|false\u201d custom_margin_last_edited=\u201don|desktop\u201d hover_enabled=\u201d0&#8243; module_alignment_tablet=\u201dcenter\u201d module_alignment_phone=\u201dcenter\u201d module_alignment_last_edited=\u201don|desktop\u201d global_colors_info=\u201d{}\u201d sticky_enabled=\u201d0&#8243;][\/et_pb_image][et_pb_text _builder_version=\u201d4.27.4&#8243; _module_preset=\u201ddefault\u201d text_orientation=\u201dcenter\u201d custom_margin=\u201d-12px||5px||false|false\u201d custom_margin_tablet=\u201d-14px||4px||false|false\u201d custom_margin_phone=\u201d-20px||3px||false|false\u201d custom_margin_last_edited=\u201don|phone\u201d global_colors_info=\u201d{}\u201d]<\/p>\n<h3>Juegos de ruedas 303 XPLR<\/h3>\n<p>[\/et_pb_text][et_pb_text _builder_version=\u201d4.27.4&#8243; _module_preset=\u201ddefault\u201d text_font_size=\u201d17px\u201d text_line_height=\u201d1.4em\u201d text_orientation=\u201dcenter\u201d text_font_size_tablet=\u201d16px\u201d text_font_size_phone=\u201d15px\u201d text_font_size_last_edited=\u201don|phone\u201d global_colors_info=\u201d{}\u201d]La rueda de gravel m\u00e1s r\u00e1pida para todos, la 303 XPLR SW y S te ayuda a descubrir los beneficios de apostar por lo grande con ventajas aerodin\u00e1micas y baja presi\u00f3n.[\/et_pb_text][et_pb_text _builder_version=\u201d4.27.4&#8243; _module_preset=\u201ddefault\u201d text_text_color=\u201d#FFFFFF\u201d text_font_size=\u201d15px\u201d text_letter_spacing=\u201d1px\u201d text_line_height=\u201d1.1em\u201d background_color=\u201d#000000&#8243; text_orientation=\u201dcenter\u201d width=\u201d220px\u201d width_tablet=\u201d209px\u201d width_phone=\u201d232px\u201d width_last_edited=\u201don|phone\u201d module_alignment=\u201dcenter\u201d custom_margin=\u201d15px||||false|false\u201d custom_padding=\u201d10px|25px|10px|25px|true|true\u201d custom_padding_tablet=\u201d9px|20px|9px|20px|true|true\u201d custom_padding_phone=\u201d14px|15px|14px|15px|true|true\u201d custom_padding_last_edited=\u201don|phone\u201d link_option_url=\u201dhttps:\/\/www.sram.com\/en\/zipp\/models\/wh-101-xplr-a1&#8243; link_option_url_new_window=\u201don\u201d box_shadow_style=\u201dpreset1&#8243; box_shadow_blur=\u201d5px\u201d locked=\u201doff\u201d global_colors_info=\u201d{}\u201d transform_styles__hover_enabled=\u201don|hover\u201d background_color__hover=\u201d#272525&#8243; background_enable_color__hover=\u201don\u201d background__hover_enabled=\u201don|hover\u201d transform_scale__hover=\u201d102%|102%\u201d transform_scale__hover_enabled=\u201don|hover\u201d transform_translate__hover_enabled=\u201don|desktop\u201d transform_rotate__hover_enabled=\u201don|desktop\u201d transform_skew__hover_enabled=\u201don|desktop\u201d transform_origin__hover_enabled=\u201don|desktop\u201d]<\/p>\n<p>DESC\u00daBRELO \u00bb<\/p>\n<p>[\/et_pb_text][\/et_pb_column][et_pb_column type=\u201d1_3&#8243; _builder_version=\u201d4.27.4&#8243; _module_preset=\u201ddefault\u201d global_colors_info=\u201d{}\u201d][et_pb_image src=\u201dhttps:\/\/www.santavall.com\/wp-content\/uploads\/2025\/08\/Captura-de-pantalla-2025-08-04-a-les-13.25.19.png\u201d title_text=\u201dCaptura de pantalla 2025-08-04 a les 13.25.19&#8243; url=\u201dhttps:\/\/www.sram.com\/en\/zipp\/models\/hb-dbsc-sl7x-a2&#8243; url_new_window=\u201don\u201d align=\u201dcenter\u201d _builder_version=\u201d4.27.4&#8243; _module_preset=\u201ddefault\u201d width=\u201d254px\u201d width_tablet=\u201d250px\u201d width_phone=\u201d220px\u201d width_last_edited=\u201don|phone\u201d module_alignment=\u201dcenter\u201d custom_margin=\u201d0px||33px||false|false\u201d custom_margin_tablet=\u201d22px||33px||false|false\u201d custom_margin_phone=\u201d22px||33px||false|false\u201d custom_margin_last_edited=\u201don|desktop\u201d module_alignment_tablet=\u201dcenter\u201d module_alignment_phone=\u201dcenter\u201d module_alignment_last_edited=\u201don|desktop\u201d global_colors_info=\u201d{}\u201d][\/et_pb_image][et_pb_text _builder_version=\u201d4.27.4&#8243; _module_preset=\u201ddefault\u201d text_orientation=\u201dcenter\u201d custom_margin=\u201d-12px||5px||false|false\u201d custom_margin_tablet=\u201d-14px||4px||false|false\u201d custom_margin_phone=\u201d-20px||3px||false|false\u201d custom_margin_last_edited=\u201don|phone\u201d global_colors_info=\u201d{}\u201d]<\/p>\n<h3>Manillar SL 70 XPLR<\/h3>\n<p>[\/et_pb_text][et_pb_text _builder_version=\u201d4.27.4&#8243; _module_preset=\u201ddefault\u201d text_font_size=\u201d17px\u201d text_line_height=\u201d1.4em\u201d text_orientation=\u201dcenter\u201d width=\u201d250px\u201d width_tablet=\u201d300px\u201d width_phone=\u201d230px\u201d width_last_edited=\u201don|phone\u201d module_alignment=\u201dcenter\u201d text_font_size_tablet=\u201d16px\u201d text_font_size_phone=\u201d15px\u201d text_font_size_last_edited=\u201don|phone\u201d global_colors_info=\u201d{}\u201d]<\/p>\n<p>El manillar de carbono SL 70 XPLR premium de Zipp te da m\u00e1s control. Est\u00e1 dise\u00f1ado para una integraci\u00f3n perfecta con SRAM AXS. <\/p>\n<p>[\/et_pb_text][et_pb_text _builder_version=\u201d4.27.4&#8243; _module_preset=\u201ddefault\u201d text_text_color=\u201d#FFFFFF\u201d text_font_size=\u201d15px\u201d text_letter_spacing=\u201d1px\u201d text_line_height=\u201d1.1em\u201d background_color=\u201d#000000&#8243; text_orientation=\u201dcenter\u201d width=\u201d220px\u201d width_tablet=\u201d209px\u201d width_phone=\u201d232px\u201d width_last_edited=\u201don|phone\u201d module_alignment=\u201dcenter\u201d custom_margin=\u201d15px||||false|false\u201d custom_padding=\u201d10px|25px|10px|25px|true|true\u201d custom_padding_tablet=\u201d9px|20px|9px|20px|true|true\u201d custom_padding_phone=\u201d14px|15px|14px|15px|true|true\u201d custom_padding_last_edited=\u201don|phone\u201d link_option_url=\u201dhttps:\/\/www.sram.com\/en\/zipp\/models\/hb-dbsc-sl7x-a2&#8243; link_option_url_new_window=\u201don\u201d box_shadow_style=\u201dpreset1&#8243; box_shadow_blur=\u201d5px\u201d locked=\u201doff\u201d global_colors_info=\u201d{}\u201d transform_styles__hover_enabled=\u201don|hover\u201d background_color__hover=\u201d#272525&#8243; background_enable_color__hover=\u201don\u201d background__hover_enabled=\u201don|hover\u201d transform_scale__hover=\u201d102%|102%\u201d transform_scale__hover_enabled=\u201don|hover\u201d transform_translate__hover_enabled=\u201don|desktop\u201d transform_rotate__hover_enabled=\u201don|desktop\u201d transform_skew__hover_enabled=\u201don|desktop\u201d transform_origin__hover_enabled=\u201don|desktop\u201d]<\/p>\n<p>DESC\u00daBRELO \u00bb<\/p>\n<p>[\/et_pb_text][\/et_pb_column][et_pb_column type=\u201d1_3&#8243; _builder_version=\u201d4.27.4&#8243; _module_preset=\u201ddefault\u201d global_colors_info=\u201d{}\u201d][et_pb_image src=\u201dhttps:\/\/www.santavall.com\/wp-content\/uploads\/2025\/08\/Captura-de-pantalla-2025-08-04-a-les-13.40.13.png\u201d title_text=\u201dCaptura de pantalla 2025-08-04 a les 13.40.13&#8243; url=\u201dhttps:\/\/axs.sram.com\/guides\/tire\/pressure\u201d url_new_window=\u201don\u201d align=\u201dcenter\u201d _builder_version=\u201d4.27.4&#8243; _module_preset=\u201ddefault\u201d width=\u201d221px\u201d width_tablet=\u201d270px\u201d width_phone=\u201d220px\u201d width_last_edited=\u201don|phone\u201d module_alignment=\u201dcenter\u201d custom_margin=\u201d0px||33px||false|false\u201d custom_margin_tablet=\u201d22px||33px||false|false\u201d custom_margin_phone=\u201d22px||33px||false|false\u201d custom_margin_last_edited=\u201don|desktop\u201d module_alignment_tablet=\u201dcenter\u201d module_alignment_phone=\u201dcenter\u201d module_alignment_last_edited=\u201don|desktop\u201d global_colors_info=\u201d{}\u201d][\/et_pb_image][et_pb_text _builder_version=\u201d4.27.4&#8243; _module_preset=\u201ddefault\u201d text_orientation=\u201dcenter\u201d custom_margin=\u201d-12px||5px||false|false\u201d custom_margin_tablet=\u201d-14px||4px||false|false\u201d custom_margin_phone=\u201d-20px||3px||false|false\u201d custom_margin_last_edited=\u201don|phone\u201d global_colors_info=\u201d{}\u201d]<\/p>\n<h3>LA GU\u00cdA DE PRESI\u00d3N<\/h3>\n<p>[\/et_pb_text][et_pb_text _builder_version=\u201d4.27.4&#8243; _module_preset=\u201ddefault\u201d text_font_size=\u201d17px\u201d text_line_height=\u201d1.4em\u201d text_orientation=\u201dcenter\u201d text_font_size_tablet=\u201d16px\u201d text_font_size_phone=\u201d15px\u201d text_font_size_last_edited=\u201don|phone\u201d global_colors_info=\u201d{}\u201d]La presi\u00f3n \u00f3ptima de los neum\u00e1ticos es un factor vital para que vayas m\u00e1s r\u00e1pido. Esta calculadora de presi\u00f3n de neum\u00e1ticos proporciona la presi\u00f3n recomendada para las ruedas Zipp.[\/et_pb_text][et_pb_text _builder_version=\u201d4.27.4&#8243; _module_preset=\u201ddefault\u201d text_text_color=\u201d#FFFFFF\u201d text_font_size=\u201d15px\u201d text_letter_spacing=\u201d1px\u201d text_line_height=\u201d1.1em\u201d background_color=\u201d#000000&#8243; text_orientation=\u201dcenter\u201d width=\u201d220px\u201d width_tablet=\u201d209px\u201d width_phone=\u201d232px\u201d width_last_edited=\u201don|phone\u201d module_alignment=\u201dcenter\u201d custom_margin=\u201d15px||||false|false\u201d custom_padding=\u201d10px|25px|10px|25px|true|true\u201d custom_padding_tablet=\u201d9px|20px|9px|20px|true|true\u201d custom_padding_phone=\u201d14px|15px|14px|15px|true|true\u201d custom_padding_last_edited=\u201don|phone\u201d link_option_url=\u201dhttps:\/\/axs.sram.com\/guides\/tire\/pressure\u201d link_option_url_new_window=\u201don\u201d box_shadow_style=\u201dpreset1&#8243; box_shadow_blur=\u201d5px\u201d locked=\u201doff\u201d global_colors_info=\u201d{}\u201d transform_styles__hover_enabled=\u201don|hover\u201d background_color__hover=\u201d#272525&#8243; background_enable_color__hover=\u201don\u201d background__hover_enabled=\u201don|hover\u201d transform_scale__hover=\u201d102%|102%\u201d transform_scale__hover_enabled=\u201don|hover\u201d transform_translate__hover_enabled=\u201don|desktop\u201d transform_rotate__hover_enabled=\u201don|desktop\u201d transform_skew__hover_enabled=\u201don|desktop\u201d transform_origin__hover_enabled=\u201don|desktop\u201d]<\/p>\n<p>DESC\u00daBRELO \u00bb<\/p>\n<p>[\/et_pb_text][\/et_pb_column][\/et_pb_row][\/et_pb_section]<\/p>\n","protected":false},"excerpt":{"rendered":"<p>D\u00c9JATE LLEVARde:Colecci\u00f3n XPLR de ZippTe permite rodar sin importar lo que te depare el gravel.Juegos de ruedas 303 XPLRLa rueda de gravel m\u00e1s r\u00e1pida para todos, la 303 XPLR SW y S te ayuda a descubrir los beneficios de apostar por lo grande con ventajas aerodin\u00e1micas y baja presi\u00f3n.DESC\u00daBRELO \u00bbManillar SL 70 XPLREl manillar de [&hellip;]<\/p>\n","protected":false},"author":1,"featured_media":1392,"parent":0,"menu_order":0,"comment_status":"closed","ping_status":"closed","template":"","meta":{"_et_pb_use_builder":"on","_et_pb_old_content":"","_et_gb_content_width":"","footnotes":""},"class_list":["post-1476","page","type-page","status-publish","has-post-thumbnail","hentry"],"_links":{"self":[{"href":"https:\/\/www.santavall.com\/es\/wp-json\/wp\/v2\/pages\/1476","targetHints":{"allow":["GET"]}}],"collection":[{"href":"https:\/\/www.santavall.com\/es\/wp-json\/wp\/v2\/pages"}],"about":[{"href":"https:\/\/www.santavall.com\/es\/wp-json\/wp\/v2\/types\/page"}],"author":[{"embeddable":true,"href":"https:\/\/www.santavall.com\/es\/wp-json\/wp\/v2\/users\/1"}],"replies":[{"embeddable":true,"href":"https:\/\/www.santavall.com\/es\/wp-json\/wp\/v2\/comments?post=1476"}],"version-history":[{"count":18,"href":"https:\/\/www.santavall.com\/es\/wp-json\/wp\/v2\/pages\/1476\/revisions"}],"predecessor-version":[{"id":3680,"href":"https:\/\/www.santavall.com\/es\/wp-json\/wp\/v2\/pages\/1476\/revisions\/3680"}],"wp:featuredmedia":[{"embeddable":true,"href":"https:\/\/www.santavall.com\/es\/wp-json\/wp\/v2\/media\/1392"}],"wp:attachment":[{"href":"https:\/\/www.santavall.com\/es\/wp-json\/wp\/v2\/media?parent=1476"}],"curies":[{"name":"wp","href":"https:\/\/api.w.org\/{rel}","templated":true}]}}