{"id":1481,"date":"2025-08-12T11:48:24","date_gmt":"2025-08-12T09:48:24","guid":{"rendered":"https:\/\/www.santavall.com\/politica-de-cookies\/"},"modified":"2025-11-07T16:41:34","modified_gmt":"2025-11-07T14:41:34","slug":"politica-de-cookies","status":"publish","type":"page","link":"https:\/\/www.santavall.com\/es\/politica-de-cookies\/","title":{"rendered":"POL\u00cdTICA DE COOKIES"},"content":{"rendered":"<p>[et_pb_section fb_built=\u201d1&#8243; custom_padding_last_edited=\u201don|phone\u201d _builder_version=\u201d4.27.4&#8243; _module_preset=\u201ddefault\u201d background_color=\u201drgba(0,0,0,0.66)\u201d background_image=\u201dhttps:\/\/www.santavall.com\/wp-content\/uploads\/2025\/10\/banner-woman-gravel.jpg\u201d background_blend=\u201doverlay\u201d custom_padding=\u201d295px||100px||false|false\u201d custom_padding_tablet=\u201d310px||110px||false|false\u201d custom_padding_phone=\u201d165px||45px||false|false\u201d locked=\u201doff\u201d global_colors_info=\u201d{}\u201d][et_pb_row custom_padding_last_edited=\u201don|phone\u201d _builder_version=\u201d4.27.4&#8243; _module_preset=\u201ddefault\u201d custom_padding=\u201d20px||20px||true|false\u201d custom_padding_tablet=\u201d22px||22px||true|false\u201d custom_padding_phone=\u201d23px||25px||false|false\u201d global_colors_info=\u201d{}\u201d][et_pb_column type=\u201d4_4&#8243; _builder_version=\u201d4.27.4&#8243; _module_preset=\u201ddefault\u201d global_colors_info=\u201d{}\u201d][et_pb_text _builder_version=\u201d4.27.4&#8243; _module_preset=\u201ddefault\u201d text_font_size=\u201d62px\u201d header_text_color=\u201d#FFFFFF\u201d header_font_size=\u201d75px\u201d header_letter_spacing=\u201d2px\u201d text_orientation=\u201dcenter\u201d custom_margin=\u201d||0px||false|false\u201d header_font_size_tablet=\u201d60px\u201d header_font_size_phone=\u201d42px\u201d header_font_size_last_edited=\u201don|phone\u201d header_text_shadow_style=\u201dpreset1&#8243; global_colors_info=\u201d{}\u201d]<\/p>\n<h1>Pol\u00edtica de cookies<\/h1>\n<p>[\/et_pb_text][\/et_pb_column][\/et_pb_row][\/et_pb_section][et_pb_section fb_built=\u201d1&#8243; custom_padding_last_edited=\u201don|desktop\u201d _builder_version=\u201d4.27.4&#8243; _module_preset=\u201ddefault\u201d background_color=\u201d#FFFFFF\u201d background_image=\u201dhttps:\/\/www.santavall.com\/wp-content\/uploads\/2025\/10\/BY-THE-TRAKA.png\u201d background_size=\u201dcustom\u201d background_image_width=\u201d12%\u201d background_position=\u201dbottom_center\u201d background_blend=\u201doverlay\u201d module_alignment=\u201dcenter\u201d custom_margin=\u201d0px||0px||false|false\u201d custom_padding=\u201d0px|9px|150px||false|false\u201d custom_padding_tablet=\u201d55px|9px|55px||true|false\u201d custom_padding_phone=\u201d55px|9px|55px||true|false\u201d background_last_edited=\u201don|phone\u201d background_image_width_tablet=\u201d24%\u201d background_image_width_phone=\u201d41%\u201d global_colors_info=\u201d{}\u201d][et_pb_row _builder_version=\u201d4.27.4&#8243; _module_preset=\u201ddefault\u201d custom_padding=\u201d60px|||||\u201d global_colors_info=\u201d{}\u201d][et_pb_column type=\u201d4_4&#8243; _builder_version=\u201d4.27.4&#8243; _module_preset=\u201ddefault\u201d global_colors_info=\u201d{}\u201d][et_pb_text _builder_version=\u201d4.27.4&#8243; _module_preset=\u201ddefault\u201d text_text_color=\u201d#000000&#8243; text_font_size=\u201d17px\u201d text_line_height=\u201d1.4em\u201d text_font_size_tablet=\u201d16px\u201d text_font_size_phone=\u201d15px\u201d text_font_size_last_edited=\u201don|phone\u201d global_colors_info=\u201d{}\u201d]<\/p>\n<p data-start=\"246\" data-end=\"580\">En cumplimiento de la normativa vigente, incluido el Reglamento (UE) 2016\/679 (Reglamento General de Protecci\u00f3n de Datos \u2013 RGPD) y la Ley espa\u00f1ola 34\/2002 de Servicios de la Sociedad de la Informaci\u00f3n y Comercio Electr\u00f3nico (LSSI-CE), el sitio web <em data-start=\"468\" data-end=\"483\">klassmark.com<\/em> informa a los usuarios sobre el uso de cookies, los tipos que se utilizan, su finalidad y c\u00f3mo gestionarlas.<\/p>\n<p data-start=\"582\" data-end=\"760\">Al continuar navegando por nuestro sitio web, los usuarios dan su consentimiento para el uso de las cookies que se describen a continuaci\u00f3n, a menos que la configuraci\u00f3n de su navegador se haya configurado para rechazarlas.<\/p>\n<p>[\/et_pb_text][et_pb_tabs active_tab_background_color=\u201d#000000&#8243; active_tab_text_color=\u201d#FFFFFF\u201d _builder_version=\u201d4.27.4&#8243; _module_preset=\u201ddefault\u201d tab_text_color=\u201d#000000&#8243; body_font_size=\u201d16px\u201d tab_font_size=\u201d16px\u201d tab_line_height=\u201d2em\u201d custom_padding=\u201d||||false|false\u201d body_font_size_tablet=\u201d15px\u201d body_font_size_phone=\u201d14px\u201d body_font_size_last_edited=\u201don|phone\u201d tab_font_size_tablet=\u201d15px\u201d tab_font_size_phone=\u201d14px\u201d tab_font_size_last_edited=\u201don|phone\u201d tab_line_height_tablet=\u201d1.5em\u201d tab_line_height_phone=\u201d1.4em\u201d tab_line_height_last_edited=\u201don|phone\u201d global_colors_info=\u201d{}\u201d][et_pb_tab title=\u201d\u00bfQU\u00c9 SON LAS COOKIES?\u201d _builder_version=\u201d4.27.4&#8243; _module_preset=\u201ddefault\u201d global_colors_info=\u201d{}\u201d]<\/p>\n<p data-start=\"789\" data-end=\"1111\">Las cookies son peque\u00f1os archivos de datos que los sitios web env\u00edan al navegador de un usuario y almacenan en su dispositivo (ordenador, smartphone, tableta, etc.). Estos archivos permiten a los sitios web recordar informaci\u00f3n sobre la visita de un usuario, como las preferencias de idioma, los datos de inicio de sesi\u00f3n o la actividad de navegaci\u00f3n, para mejorar la experiencia del usuario en visitas posteriores. <\/p>\n<p data-start=\"1113\" data-end=\"1203\">Las cookies no almacenan datos personales sensibles como tu nombre o la informaci\u00f3n de tu tarjeta de cr\u00e9dito.<\/p>\n<p>[\/et_pb_tab][et_pb_tab title=\u201d\u00bfPOR QU\u00c9 UTILIZAMOS COOKIES?\u201d _builder_version=\u201d4.27.4&#8243; _module_preset=\u201ddefault\u201d global_colors_info=\u201d{}\u201d]<\/p>\n<p data-start=\"1237\" data-end=\"1314\">El sitio web <em data-start=\"1241\" data-end=\"1256\">klassmark.com<\/em> utiliza cookies propias y de terceros para:<\/p>\n<ul data-start=\"1316\" data-end=\"1542\">\n<li data-start=\"1316\" data-end=\"1354\">\n<p data-start=\"1318\" data-end=\"1354\">Ofrecer una mejor experiencia de navegaci\u00f3n<\/p>\n<\/li>\n<li data-start=\"1355\" data-end=\"1383\">\n<p data-start=\"1357\" data-end=\"1383\">Analizar las estad\u00edsticas de uso<\/p>\n<\/li>\n<li data-start=\"1384\" data-end=\"1413\">\n<p data-start=\"1386\" data-end=\"1413\">Recordar las preferencias del usuario<\/p>\n<\/li>\n<li data-start=\"1414\" data-end=\"1482\">\n<p data-start=\"1416\" data-end=\"1482\">Activar ciertas funcionalidades como el inicio de sesi\u00f3n o el env\u00edo de formularios<\/p>\n<\/li>\n<li data-start=\"1483\" data-end=\"1542\">\n<p data-start=\"1485\" data-end=\"1542\">Proporcionar acceso a redes sociales o integraciones multimedia<\/p>\n<\/li>\n<\/ul>\n<p>[\/et_pb_tab][et_pb_tab title=\u201d\u00bfQU\u00c9 INFORMACI\u00d3N RECOPILAN LAS COOKIES?\u201d _builder_version=\u201d4.27.4&#8243; _module_preset=\u201ddefault\u201d global_colors_info=\u201d{}\u201d]<\/p>\n<p data-start=\"1590\" data-end=\"1642\">Al utilizar nuestro sitio, las cookies pueden recopilar datos como:<\/p>\n<ul data-start=\"1644\" data-end=\"1961\">\n<li data-start=\"1644\" data-end=\"1719\">\n<p data-start=\"1646\" data-end=\"1719\">Estad\u00edsticas de uso del sitio web (por ejemplo, p\u00e1ginas visitadas, tiempo de permanencia, rutas de clics)<\/p>\n<\/li>\n<li data-start=\"1720\" data-end=\"1761\">\n<p data-start=\"1722\" data-end=\"1761\">B\u00fasquedas anteriores o preferencias del usuario<\/p>\n<\/li>\n<li data-start=\"1762\" data-end=\"1878\">\n<p data-start=\"1764\" data-end=\"1878\">Informaci\u00f3n sobre tu conexi\u00f3n con las redes sociales si accedes a trav\u00e9s de plataformas como Facebook o X (Twitter)<\/p>\n<\/li>\n<li data-start=\"1879\" data-end=\"1929\">\n<p data-start=\"1881\" data-end=\"1929\">Dispositivo, tipo de navegador y preferencias de idioma<\/p>\n<\/li>\n<li data-start=\"1930\" data-end=\"1961\">\n<p data-start=\"1932\" data-end=\"1961\">Datos de geolocalizaci\u00f3n (si est\u00e1n activados)<\/p>\n<\/li>\n<\/ul>\n<p data-start=\"1963\" data-end=\"2046\">Bloquear las cookies puede resultar en un acceso limitado a algunas funciones o servicios del sitio web.<\/p>\n<p>[\/et_pb_tab][et_pb_tab title=\u201dTIPO DE COOKIES QUE UTILIZAMOS\u201d _builder_version=\u201d4.27.4&#8243; _module_preset=\u201ddefault\u201d global_colors_info=\u201d{}\u201d]<\/p>\n<p data-start=\"2081\" data-end=\"2138\">Utilizamos diferentes tipos de cookies seg\u00fan su finalidad:<\/p>\n<p data-start=\"2140\" data-end=\"2188\"><strong>1. Cookies t\u00e9cnicas o estrictamente necesarias<\/strong><\/p>\n<p data-start=\"2189\" data-end=\"2409\">Son esenciales para navegar por el sitio web y utilizar sus funciones, como acceder a \u00e1reas seguras, enviar formularios o reproducir contenido multimedia. Desactivar estas cookies puede impedir que algunas partes del sitio funcionen correctamente. <\/p>\n<p data-start=\"2411\" data-end=\"2443\"><strong>2. Cookies de personalizaci\u00f3n<\/strong><\/p>\n<p data-start=\"2444\" data-end=\"2530\">Permiten al sitio web recordar ciertos ajustes definidos por el usuario o por defecto, como:<\/p>\n<ul data-start=\"2532\" data-end=\"2663\">\n<li data-start=\"2532\" data-end=\"2554\">\n<p data-start=\"2534\" data-end=\"2554\">Selecci\u00f3n de idioma<\/p>\n<\/li>\n<li data-start=\"2555\" data-end=\"2596\">\n<p data-start=\"2557\" data-end=\"2596\">Tipo de navegador o preferencias de interfaz<\/p>\n<\/li>\n<li data-start=\"2597\" data-end=\"2638\">\n<p data-start=\"2599\" data-end=\"2638\">Regi\u00f3n geogr\u00e1fica o dise\u00f1o del contenido<\/p>\n<\/li>\n<li data-start=\"2639\" data-end=\"2663\">\n<p data-start=\"2641\" data-end=\"2663\">Ajustes de accesibilidad<\/p>\n<\/li>\n<\/ul>\n<p data-start=\"2665\" data-end=\"2721\"><strong>3. Cookies anal\u00edticas o de rendimiento (de terceros)<\/strong><\/p>\n<p data-start=\"2722\" data-end=\"2890\">Se utilizan para recopilar informaci\u00f3n an\u00f3nima sobre c\u00f3mo interact\u00faan los usuarios con el sitio web. Estos datos se utilizan para mejorar la funcionalidad y el rendimiento.<br data-start=\"2862\" data-end=\"2865\">Ejemplo: Google Analytics <\/p>\n<p data-start=\"2892\" data-end=\"2966\">Estas cookies no recopilan informaci\u00f3n que identifique personalmente a los usuarios.<\/p>\n<p>[\/et_pb_tab][et_pb_tab title=\u201d\u00bfC\u00d3MO GESTIONAR LAS COOKIES EN TU NAVEGADOR?\u201d _builder_version=\u201d4.27.4&#8243; _module_preset=\u201ddefault\u201d global_colors_info=\u201d{}\u201d]<\/p>\n<p data-start=\"3015\" data-end=\"3212\">Los usuarios pueden gestionar, permitir, bloquear o eliminar las cookies instaladas en su dispositivo ajustando la configuraci\u00f3n de su navegador web. A continuaci\u00f3n, se muestran enlaces a las gu\u00edas de gesti\u00f3n de cookies para los navegadores m\u00e1s comunes: <\/p>\n<ul data-start=\"3214\" data-end=\"3557\">\n<li data-start=\"3214\" data-end=\"3296\">\n<p data-start=\"3216\" data-end=\"3296\"><a data-start=\"3216\" data-end=\"3296\" rel=\"noopener\" target=\"_new\" class=\"\" href=\"https:\/\/support.microsoft.com\/help\/17442\">Configuraci\u00f3n de cookies en Internet Explorer<\/a><\/p>\n<\/li>\n<li data-start=\"3297\" data-end=\"3400\">\n<p data-start=\"3299\" data-end=\"3400\"><a data-start=\"3299\" data-end=\"3400\" class=\"\" rel=\"noopener\" target=\"_new\" href=\"https:\/\/support.mozilla.org\/en-US\/kb\/enable-and-disable-cookies\">Configuraci\u00f3n de cookies en Mozilla Firefox<\/a><\/p>\n<\/li>\n<li data-start=\"3401\" data-end=\"3485\">\n<p data-start=\"3403\" data-end=\"3485\"><a data-start=\"3403\" data-end=\"3485\" rel=\"noopener\" target=\"_new\" class=\"cursor-pointer\">Configuraci\u00f3n de cookies en Google Chrome<\/a><\/p>\n<\/li>\n<li data-start=\"3486\" data-end=\"3557\">\n<p data-start=\"3488\" data-end=\"3557\"><a data-start=\"3488\" data-end=\"3557\" class=\"\" rel=\"noopener\" target=\"_new\" href=\"https:\/\/support.apple.com\/en-us\/HT201265\">Configuraci\u00f3n de cookies en Safari<\/a><\/p>\n<\/li>\n<\/ul>\n<p data-start=\"3559\" data-end=\"3657\"><strong data-start=\"3559\" data-end=\"3568\">Nota:<\/strong> Si las cookies est\u00e1n desactivadas o bloqueadas, es posible que algunas partes del sitio web no funcionen correctamente.<\/p>\n<p data-start=\"3659\" data-end=\"3817\">En algunos navegadores, los usuarios pueden configurar controles granulares para gestionar las cookies por sitio, permitiendo excepciones para sitios web de confianza y bloqueando otros.<\/p>\n<p>[\/et_pb_tab][\/et_pb_tabs][et_pb_text _builder_version=\u201d4.27.4&#8243; _module_preset=\u201ddefault\u201d text_text_color=\u201d#000000&#8243; text_font_size=\u201d17px\u201d text_line_height=\u201d1.4em\u201d text_font_size_tablet=\u201d16px\u201d text_font_size_phone=\u201d15px\u201d text_font_size_last_edited=\u201don|phone\u201d global_colors_info=\u201d{}\u201d]<\/p>\n<p data-start=\"246\" data-end=\"580\">\u00daltima actualizaci\u00f3n: 26 de junio de 2025<\/p>\n<p>[\/et_pb_text][\/et_pb_column][\/et_pb_row][\/et_pb_section]<\/p>\n","protected":false},"excerpt":{"rendered":"<p>Pol\u00edtica de cookiesEn cumplimiento de la normativa vigente, incluido el Reglamento (UE) 2016\/679 (Reglamento General de Protecci\u00f3n de Datos \u2013 RGPD) y la Ley espa\u00f1ola 34\/2002 de Servicios de la Sociedad de la Informaci\u00f3n y Comercio Electr\u00f3nico (LSSI-CE), el sitio web klassmark.com informa a los usuarios sobre el uso de cookies, los tipos que se [&hellip;]<\/p>\n","protected":false},"author":1,"featured_media":0,"parent":0,"menu_order":0,"comment_status":"closed","ping_status":"closed","template":"","meta":{"_et_pb_use_builder":"on","_et_pb_old_content":"","_et_gb_content_width":"","footnotes":""},"class_list":["post-1481","page","type-page","status-publish","hentry"],"_links":{"self":[{"href":"https:\/\/www.santavall.com\/es\/wp-json\/wp\/v2\/pages\/1481","targetHints":{"allow":["GET"]}}],"collection":[{"href":"https:\/\/www.santavall.com\/es\/wp-json\/wp\/v2\/pages"}],"about":[{"href":"https:\/\/www.santavall.com\/es\/wp-json\/wp\/v2\/types\/page"}],"author":[{"embeddable":true,"href":"https:\/\/www.santavall.com\/es\/wp-json\/wp\/v2\/users\/1"}],"replies":[{"embeddable":true,"href":"https:\/\/www.santavall.com\/es\/wp-json\/wp\/v2\/comments?post=1481"}],"version-history":[{"count":2,"href":"https:\/\/www.santavall.com\/es\/wp-json\/wp\/v2\/pages\/1481\/revisions"}],"predecessor-version":[{"id":2082,"href":"https:\/\/www.santavall.com\/es\/wp-json\/wp\/v2\/pages\/1481\/revisions\/2082"}],"wp:attachment":[{"href":"https:\/\/www.santavall.com\/es\/wp-json\/wp\/v2\/media?parent=1481"}],"curies":[{"name":"wp","href":"https:\/\/api.w.org\/{rel}","templated":true}]}}