{"id":1668,"date":"2025-08-08T12:07:30","date_gmt":"2025-08-08T10:07:30","guid":{"rendered":"https:\/\/www.santavall.com\/aviso-legal\/"},"modified":"2025-10-28T14:02:10","modified_gmt":"2025-10-28T12:02:10","slug":"aviso-legal","status":"publish","type":"page","link":"https:\/\/www.santavall.com\/es\/aviso-legal\/","title":{"rendered":"AVISO LEGAL"},"content":{"rendered":"<p>[et_pb_section fb_built=\u201d1&#8243; custom_padding_last_edited=\u201don|phone\u201d _builder_version=\u201d4.27.4&#8243; _module_preset=\u201ddefault\u201d custom_padding=\u201d295px||100px||false|false\u201d custom_padding_tablet=\u201d310px||110px||false|false\u201d custom_padding_phone=\u201d165px||45px||false|false\u201d locked=\u201doff\u201d global_colors_info=\u201d{}\u201d background_color=\u201drgba(0,0,0,0.66)\u201d background_image=\u201dhttps:\/\/www.santavall.com\/wp-content\/uploads\/2025\/10\/banner-woman-gravel.jpg\u201d background_blend=\u201doverlay\u201d][et_pb_row custom_padding_last_edited=\u201don|phone\u201d _builder_version=\u201d4.27.4&#8243; _module_preset=\u201ddefault\u201d custom_padding=\u201d20px||20px||true|false\u201d custom_padding_tablet=\u201d22px||22px||true|false\u201d custom_padding_phone=\u201d23px||25px||false|false\u201d global_colors_info=\u201d{}\u201d][et_pb_column type=\u201d4_4&#8243; _builder_version=\u201d4.27.4&#8243; _module_preset=\u201ddefault\u201d global_colors_info=\u201d{}\u201d][et_pb_text _builder_version=\u201d4.27.4&#8243; _module_preset=\u201ddefault\u201d text_font_size=\u201d62px\u201d header_text_color=\u201d#FFFFFF\u201d header_font_size=\u201d75px\u201d header_letter_spacing=\u201d2px\u201d text_orientation=\u201dcenter\u201d custom_margin=\u201d||0px||false|false\u201d hover_enabled=\u201d0&#8243; header_font_size_tablet=\u201d60px\u201d header_font_size_phone=\u201d42px\u201d header_font_size_last_edited=\u201don|phone\u201d header_text_shadow_style=\u201dpreset1&#8243; global_colors_info=\u201d{}\u201d sticky_enabled=\u201d0&#8243;]<\/p>\n<h1>Aviso legal<\/h1>\n<p>[\/et_pb_text][\/et_pb_column][\/et_pb_row][\/et_pb_section][et_pb_section fb_built=\u201d1&#8243; _builder_version=\u201d4.27.4&#8243; _module_preset=\u201ddefault\u201d global_colors_info=\u201d{}\u201d custom_padding=\u201d0px|9px|150px||false|false\u201d custom_padding_tablet=\u201d55px|9px|55px||true|false\u201d custom_padding_phone=\u201d55px|9px|55px||true|false\u201d custom_padding_last_edited=\u201don|desktop\u201d custom_margin=\u201d0px||0px||false|false\u201d background_color=\u201d#FFFFFF\u201d background_last_edited=\u201don|phone\u201d background_image=\u201dhttps:\/\/www.santavall.com\/wp-content\/uploads\/2025\/10\/BY-THE-TRAKA.png\u201d background_size=\u201dcustom\u201d background_image_width=\u201d12%\u201d background_image_width_tablet=\u201d24%\u201d background_image_width_phone=\u201d41%\u201d background_position=\u201dbottom_center\u201d background_blend=\u201doverlay\u201d module_alignment=\u201dcenter\u201d][et_pb_row _builder_version=\u201d4.27.4&#8243; _module_preset=\u201ddefault\u201d custom_padding=\u201d60px|||||\u201d global_colors_info=\u201d{}\u201d][et_pb_column type=\u201d4_4&#8243; _builder_version=\u201d4.27.4&#8243; _module_preset=\u201ddefault\u201d global_colors_info=\u201d{}\u201d][et_pb_text _builder_version=\u201d4.27.4&#8243; _module_preset=\u201ddefault\u201d text_text_color=\u201d#000000&#8243; text_font_size=\u201d17px\u201d text_line_height=\u201d1.4em\u201d text_font_size_tablet=\u201d16px\u201d text_font_size_phone=\u201d15px\u201d text_font_size_last_edited=\u201don|phone\u201d global_colors_info=\u201d{}\u201d]<\/p>\n<p data-start=\"409\" data-end=\"613\">De acuerdo con el art\u00edculo 10 de la Ley 34\/2002, de 11 de julio, de Servicios de la Sociedad de la Informaci\u00f3n y Comercio Electr\u00f3nico, te informamos de que este sitio web, incluyendo el dominio <em data-start=\"577\" data-end=\"592\">klassmark.com<\/em>, es propiedad de:<\/p>\n<p data-start=\"615\" data-end=\"735\"><strong data-start=\"615\" data-end=\"628\">Klassmark<\/strong><br data-start=\"628\" data-end=\"631\">Carrer Can Pau Birol, 35<br data-start=\"655\" data-end=\"658\">17005 Girona (Espa\u00f1a)<br data-start=\"678\" data-end=\"681\">Email: <a data-start=\"688\" data-end=\"735\" class=\"cursor-pointer\" rel=\"noopener\">info@klassmark.com<\/a><\/p>\n<p>[\/et_pb_text][et_pb_tabs active_tab_background_color=\u201d#000000&#8243; active_tab_text_color=\u201d#FFFFFF\u201d _builder_version=\u201d4.27.4&#8243; _module_preset=\u201ddefault\u201d tab_text_color=\u201d#000000&#8243; body_font_size=\u201d16px\u201d tab_font_size=\u201d16px\u201d tab_line_height=\u201d2em\u201d custom_padding=\u201d||||false|false\u201d body_font_size_tablet=\u201d15px\u201d body_font_size_phone=\u201d14px\u201d body_font_size_last_edited=\u201don|phone\u201d tab_font_size_tablet=\u201d15px\u201d tab_font_size_phone=\u201d14px\u201d tab_font_size_last_edited=\u201don|phone\u201d tab_line_height_tablet=\u201d1.5em\u201d tab_line_height_phone=\u201d1.4em\u201d tab_line_height_last_edited=\u201don|phone\u201d global_colors_info=\u201d{}\u201d][et_pb_tab title=\u201dDERECHOS DE PROPIEDAD INTELECTUAL E INDUSTRIAL\u201d _builder_version=\u201d4.27.4&#8243; _module_preset=\u201ddefault\u201d global_colors_info=\u201d{}\u201d]<\/p>\n<p data-start=\"790\" data-end=\"1097\">Todo el contenido de este sitio web, incluyendo, entre otros, logotipos, textos, fotograf\u00edas, referencias de productos, dise\u00f1os, estructura, combinaciones de colores y dise\u00f1o, est\u00e1 protegido por derechos de propiedad intelectual e industrial que pertenecen a Klassmark o a terceros con los que Klassmark ha celebrado los acuerdos pertinentes.<\/p>\n<p data-start=\"1099\" data-end=\"1521\">Estos derechos deben ser respetados por todos los usuarios del sitio web. La informaci\u00f3n se publica con el fin de promocionar los productos y servicios de Klassmark, y su uso se limita a este contexto. Queda estrictamente prohibida cualquier reproducci\u00f3n, transformaci\u00f3n, comunicaci\u00f3n p\u00fablica, distribuci\u00f3n o explotaci\u00f3n total o parcial de este contenido, por cualquier medio o proceso t\u00e9cnico, sin la autorizaci\u00f3n previa y por escrito de Klassmark.  <\/p>\n<p data-start=\"1523\" data-end=\"1674\">Se permite a los usuarios utilizar el contenido \u00fanicamente con fines personales e informativos, reconociendo siempre la fuente y la autor\u00eda, cuando corresponda.<\/p>\n<p>[\/et_pb_tab][et_pb_tab title=\u201dRESPONSABILIDAD POR EL CONTENIDO DEL SITIO WEB\u201d _builder_version=\u201d4.27.4&#8243; _module_preset=\u201ddefault\u201d global_colors_info=\u201d{}\u201d]<\/p>\n<p data-start=\"1720\" data-end=\"1913\">El acceso a este sitio web es responsabilidad exclusiva del usuario. Klassmark no se hace responsable de los errores u omisiones en el contenido, ni de los da\u00f1os o consecuencias que puedan derivarse de su uso. <\/p>\n<p data-start=\"1915\" data-end=\"2180\">Los materiales y la informaci\u00f3n proporcionada en <em data-start=\"1957\" data-end=\"1972\">klassmark.com<\/em> tienen \u00fanicamente fines informativos y no constituyen una oferta vinculante. Klassmark no se responsabilizar\u00e1 de las decisiones tomadas en base al contenido de este sitio sin confirmaci\u00f3n contractual previa. <\/p>\n<p data-start=\"2182\" data-end=\"2461\">Klassmark tampoco se responsabiliza del contenido o la fiabilidad de los sitios web externos a los que se pueda acceder a trav\u00e9s de enlaces en este sitio. Estos enlaces se proporcionan \u00fanicamente con fines informativos y no implican ninguna asociaci\u00f3n, recomendaci\u00f3n o respaldo de los sitios enlazados. <\/p>\n<p>[\/et_pb_tab][et_pb_tab title=\u201dPOL\u00cdTICA DE PRIVACIDAD\u201d _builder_version=\u201d4.27.4&#8243; _module_preset=\u201ddefault\u201d global_colors_info=\u201d{}\u201d]<\/p>\n<p data-start=\"2487\" data-end=\"2763\">En cumplimiento de la normativa vigente en materia de protecci\u00f3n de datos personales, en particular el Reglamento (UE) 2016\/679 (Reglamento General de Protecci\u00f3n de Datos o RGPD) y la Ley Org\u00e1nica 3\/2018 de Protecci\u00f3n de Datos Personales y garant\u00eda de los derechos digitales, Klassmark informa a los usuarios de que:<\/p>\n<ul data-start=\"2765\" data-end=\"3168\">\n<li data-start=\"2765\" data-end=\"2865\">\n<p data-start=\"2767\" data-end=\"2865\">Los datos personales recogidos a trav\u00e9s de este sitio web se utilizar\u00e1n \u00fanicamente para responder a consultas y solicitudes.<\/p>\n<\/li>\n<li data-start=\"2866\" data-end=\"2996\">\n<p data-start=\"2868\" data-end=\"2996\">No se almacenar\u00e1n, procesar\u00e1n ni compartir\u00e1n datos personales con terceros sin el consentimiento expl\u00edcito previo del interesado.<\/p>\n<\/li>\n<li data-start=\"2997\" data-end=\"3168\">\n<p data-start=\"2999\" data-end=\"3168\">Si los datos personales se incorporan a una base de datos, se informar\u00e1 debidamente al usuario y se le pedir\u00e1 que d\u00e9 su consentimiento previo de acuerdo con las disposiciones legales aplicables.<\/p>\n<\/li>\n<\/ul>\n<p data-start=\"3170\" data-end=\"3248\">Para m\u00e1s informaci\u00f3n, consulta nuestra <a data-start=\"3214\" data-end=\"3247\" class=\"cursor-pointer\" rel=\"noopener\">Pol\u00edtica de Privacidad<\/a>.<\/p>\n<p>[\/et_pb_tab][et_pb_tab title=\u201dAUTORIZACI\u00d3N PARA ENLAZAR A KLASSMARK.COM\u201d _builder_version=\u201d4.27.4&#8243; _module_preset=\u201ddefault\u201d global_colors_info=\u201d{}\u201d]<\/p>\n<p data-start=\"3298\" data-end=\"3369\">Se permite la creaci\u00f3n de enlaces a cualquier p\u00e1gina de este sitio web, siempre que:<\/p>\n<ul data-start=\"3371\" data-end=\"3626\">\n<li data-start=\"3371\" data-end=\"3458\">\n<p data-start=\"3373\" data-end=\"3458\">La URL completa de la p\u00e1gina de destino sea claramente visible en la barra de direcciones del navegador.<\/p>\n<\/li>\n<li data-start=\"3459\" data-end=\"3626\">\n<p data-start=\"3461\" data-end=\"3626\">El enlace utilice el nombre de dominio, el nombre de la empresa (<em data-start=\"3506\" data-end=\"3517\">Klassmark<\/em>) o palabras clave relevantes de forma que no induzca a error a los usuarios sobre la fuente o la propiedad del contenido.<\/p>\n<\/li>\n<\/ul>\n<p data-start=\"3628\" data-end=\"3803\">La inclusi\u00f3n de dichos enlaces no otorga derechos para reproducir o modificar el contenido, y Klassmark se reserva el derecho de solicitar la eliminaci\u00f3n de cualquier enlace no autorizado o perjudicial.<\/p>\n<p>[\/et_pb_tab][\/et_pb_tabs][\/et_pb_column][\/et_pb_row][\/et_pb_section]<\/p>\n","protected":false},"excerpt":{"rendered":"<p>Aviso legalDe acuerdo con el art\u00edculo 10 de la Ley 34\/2002, de 11 de julio, de Servicios de la Sociedad de la Informaci\u00f3n y Comercio Electr\u00f3nico, te informamos de que este sitio web, incluyendo el dominio klassmark.com, es propiedad de: KlassmarkCarrer Can Pau Birol, 3517005 Girona (Espa\u00f1a)Email: info@klassmark.comTodo el contenido de este sitio web, incluyendo, [&hellip;]<\/p>\n","protected":false},"author":1,"featured_media":0,"parent":0,"menu_order":0,"comment_status":"closed","ping_status":"closed","template":"","meta":{"_et_pb_use_builder":"on","_et_pb_old_content":"","_et_gb_content_width":"","footnotes":""},"class_list":["post-1668","page","type-page","status-publish","hentry"],"_links":{"self":[{"href":"https:\/\/www.santavall.com\/es\/wp-json\/wp\/v2\/pages\/1668","targetHints":{"allow":["GET"]}}],"collection":[{"href":"https:\/\/www.santavall.com\/es\/wp-json\/wp\/v2\/pages"}],"about":[{"href":"https:\/\/www.santavall.com\/es\/wp-json\/wp\/v2\/types\/page"}],"author":[{"embeddable":true,"href":"https:\/\/www.santavall.com\/es\/wp-json\/wp\/v2\/users\/1"}],"replies":[{"embeddable":true,"href":"https:\/\/www.santavall.com\/es\/wp-json\/wp\/v2\/comments?post=1668"}],"version-history":[{"count":1,"href":"https:\/\/www.santavall.com\/es\/wp-json\/wp\/v2\/pages\/1668\/revisions"}],"predecessor-version":[{"id":1675,"href":"https:\/\/www.santavall.com\/es\/wp-json\/wp\/v2\/pages\/1668\/revisions\/1675"}],"wp:attachment":[{"href":"https:\/\/www.santavall.com\/es\/wp-json\/wp\/v2\/media?parent=1668"}],"curies":[{"name":"wp","href":"https:\/\/api.w.org\/{rel}","templated":true}]}}