{"id":1680,"date":"2025-08-08T12:08:03","date_gmt":"2025-08-08T10:08:03","guid":{"rendered":"https:\/\/www.santavall.com\/politica-de-privacidad\/"},"modified":"2025-10-28T14:02:10","modified_gmt":"2025-10-28T12:02:10","slug":"politica-de-privacidad","status":"publish","type":"page","link":"https:\/\/www.santavall.com\/es\/politica-de-privacidad\/","title":{"rendered":"POL\u00cdTICA DE PRIVACIDAD"},"content":{"rendered":"<p>[et_pb_section fb_built=\u201d1&#8243; custom_padding_last_edited=\u201don|phone\u201d _builder_version=\u201d4.27.4&#8243; _module_preset=\u201ddefault\u201d background_color=\u201drgba(0,0,0,0.66)\u201d background_image=\u201dhttps:\/\/www.santavall.com\/wp-content\/uploads\/2025\/10\/banner-woman-gravel.jpg\u201d background_blend=\u201doverlay\u201d custom_padding=\u201d295px||100px||false|false\u201d custom_padding_tablet=\u201d310px||110px||false|false\u201d custom_padding_phone=\u201d165px||45px||false|false\u201d hover_enabled=\u201d0&#8243; locked=\u201doff\u201d global_colors_info=\u201d{}\u201d title_text=\u201dbanner-woman-gravel\u201d sticky_enabled=\u201d0&#8243;][et_pb_row custom_padding_last_edited=\u201don|phone\u201d _builder_version=\u201d4.27.4&#8243; _module_preset=\u201ddefault\u201d custom_padding=\u201d20px||20px||true|false\u201d custom_padding_tablet=\u201d22px||22px||true|false\u201d custom_padding_phone=\u201d23px||25px||false|false\u201d global_colors_info=\u201d{}\u201d][et_pb_column type=\u201d4_4&#8243; _builder_version=\u201d4.27.4&#8243; _module_preset=\u201ddefault\u201d global_colors_info=\u201d{}\u201d][et_pb_text _builder_version=\u201d4.27.4&#8243; _module_preset=\u201ddefault\u201d text_font_size=\u201d62px\u201d header_text_color=\u201d#FFFFFF\u201d header_font_size=\u201d75px\u201d header_letter_spacing=\u201d2px\u201d text_orientation=\u201dcenter\u201d custom_margin=\u201d||0px||false|false\u201d hover_enabled=\u201d0&#8243; header_font_size_tablet=\u201d60px\u201d header_font_size_phone=\u201d42px\u201d header_font_size_last_edited=\u201don|phone\u201d header_text_shadow_style=\u201dpreset1&#8243; global_colors_info=\u201d{}\u201d sticky_enabled=\u201d0&#8243;]<\/p>\n<h1>Pol\u00edtica de privacidad<\/h1>\n<p>[\/et_pb_text][\/et_pb_column][\/et_pb_row][\/et_pb_section][et_pb_section fb_built=\u201d1&#8243; _builder_version=\u201d4.27.4&#8243; _module_preset=\u201ddefault\u201d custom_padding=\u201d0px|9px|150px||false|false\u201d global_colors_info=\u201d{}\u201d custom_margin=\u201d0px||0px||false|false\u201d custom_padding_tablet=\u201d55px|9px|55px||true|false\u201d custom_padding_phone=\u201d55px|9px|55px||true|false\u201d custom_padding_last_edited=\u201don|desktop\u201d background_color=\u201d#FFFFFF\u201d background_last_edited=\u201don|phone\u201d background_image=\u201dhttps:\/\/www.santavall.com\/wp-content\/uploads\/2025\/10\/BY-THE-TRAKA.png\u201d background_size=\u201dcustom\u201d background_image_width=\u201d12%\u201d background_image_width_tablet=\u201d24%\u201d background_image_width_phone=\u201d41%\u201d background_position=\u201dbottom_center\u201d background_blend=\u201doverlay\u201d module_alignment=\u201dcenter\u201d][et_pb_row _builder_version=\u201d4.27.4&#8243; _module_preset=\u201ddefault\u201d custom_padding=\u201d60px|||||\u201d global_colors_info=\u201d{}\u201d][et_pb_column type=\u201d4_4&#8243; _builder_version=\u201d4.27.4&#8243; _module_preset=\u201ddefault\u201d global_colors_info=\u201d{}\u201d][et_pb_text _builder_version=\u201d4.27.4&#8243; _module_preset=\u201ddefault\u201d text_text_color=\u201d#000000&#8243; text_font_size=\u201d17px\u201d text_line_height=\u201d1.4em\u201d text_font_size_tablet=\u201d16px\u201d text_font_size_phone=\u201d15px\u201d text_font_size_last_edited=\u201don|phone\u201d global_colors_info=\u201d{}\u201d]<\/p>\n<p data-start=\"409\" data-end=\"613\"><span>En The Traka, estamos totalmente comprometidos con la protecci\u00f3n de la privacidad y los datos personales de nuestros usuarios y visitantes. Esta pol\u00edtica explica c\u00f3mo recopilamos, usamos y protegemos tu informaci\u00f3n personal cuando utilizas nuestra web. <\/span><\/p>\n<p>[\/et_pb_text][et_pb_tabs active_tab_background_color=\u201d#000000&#8243; active_tab_text_color=\u201d#FFFFFF\u201d _builder_version=\u201d4.27.4&#8243; _module_preset=\u201ddefault\u201d tab_text_color=\u201d#000000&#8243; body_font_size=\u201d16px\u201d tab_font_size=\u201d16px\u201d tab_line_height=\u201d2em\u201d custom_padding=\u201d||||false|false\u201d body_font_size_tablet=\u201d15px\u201d body_font_size_phone=\u201d14px\u201d body_font_size_last_edited=\u201don|phone\u201d tab_font_size_tablet=\u201d15px\u201d tab_font_size_phone=\u201d14px\u201d tab_font_size_last_edited=\u201don|phone\u201d tab_line_height_tablet=\u201d1.5em\u201d tab_line_height_phone=\u201d1.4em\u201d tab_line_height_last_edited=\u201don|phone\u201d global_colors_info=\u201d{}\u201d][et_pb_tab title=\u201dRESPONSABLE DEL TRATAMIENTO DE DATOS\u201d _builder_version=\u201d4.27.4&#8243; _module_preset=\u201ddefault\u201d global_colors_info=\u201d{}\u201d]<\/p>\n<p data-start=\"790\" data-end=\"1097\">The Traka<br data-start=\"504\" data-end=\"507\"><a data-start=\"507\" data-end=\"559\" class=\"\" rel=\"noopener\" target=\"_new\" href=\"https:\/\/www.thetraka.com\">https:\/\/www.thetraka.com<\/a><br data-start=\"559\" data-end=\"562\">Correo electr\u00f3nico de contacto: <a class=\"cursor-pointer\" rel=\"noopener\">info@klassmark.com<\/a><\/p>\n<p>[\/et_pb_tab][et_pb_tab title=\u201d2. FINALIDAD Y BASE LEGAL DEL TRATAMIENTO\u201d _builder_version=\u201d4.27.4&#8243; _module_preset=\u201ddefault\u201d global_colors_info=\u201d{}\u201d]<\/p>\n<p data-start=\"649\" data-end=\"713\">Finalidad y base legal del tratamiento<\/p>\n<p data-start=\"649\" data-end=\"713\">Podemos recopilar y tratar tus datos para los siguientes fines:<\/p>\n<ul data-start=\"715\" data-end=\"1233\">\n<li data-start=\"715\" data-end=\"818\">\n<p data-start=\"717\" data-end=\"818\"><strong data-start=\"717\" data-end=\"739\">Gesti\u00f3n de comentarios:<\/strong> Para permitir a los usuarios dejar y mostrar comentarios.<br data-start=\"785\" data-end=\"788\"><em data-start=\"790\" data-end=\"804\">Base legal:<\/em> Consentimiento del usuario.<\/p>\n<\/li>\n<li data-start=\"820\" data-end=\"933\">\n<p data-start=\"822\" data-end=\"933\"><strong data-start=\"822\" data-end=\"849\">Gesti\u00f3n de cuentas de usuario:<\/strong> Para aquellos que se registran en nuestra web.<br data-start=\"888\" data-end=\"891\"><em data-start=\"893\" data-end=\"907\">Base legal:<\/em> Relaci\u00f3n contractual.<\/p>\n<\/li>\n<li data-start=\"935\" data-end=\"1046\">\n<p data-start=\"937\" data-end=\"1046\"><strong data-start=\"937\" data-end=\"990\">Env\u00edo de comunicaciones de marketing (si procede):<\/strong> Cuando los usuarios se registran.<br data-start=\"1009\" data-end=\"1012\"><em data-start=\"1014\" data-end=\"1028\">Base legal:<\/em> Consentimiento expl\u00edcito.<\/p>\n<\/li>\n<li data-start=\"1048\" data-end=\"1233\">\n<p data-start=\"1050\" data-end=\"1233\"><strong data-start=\"1050\" data-end=\"1106\">Mejora del rendimiento de la web y la experiencia del usuario:<\/strong> A trav\u00e9s del uso de cookies.<br data-start=\"1134\" data-end=\"1137\"><em data-start=\"1139\" data-end=\"1153\">Base legal:<\/em> Consentimiento (excepto para las cookies esenciales, que se basan en el inter\u00e9s leg\u00edtimo).<\/p>\n<\/li>\n<\/ul>\n<p>[\/et_pb_tab][et_pb_tab title=\u201d3. DATOS QUE RECOPILAMOS\u201d _builder_version=\u201d4.27.4&#8243; _module_preset=\u201ddefault\u201d global_colors_info=\u201d{}\u201d]<\/p>\n<p data-start=\"1263\" data-end=\"1278\">Podemos recopilar:<\/p>\n<ul data-start=\"1280\" data-end=\"1478\">\n<li data-start=\"1280\" data-end=\"1338\">\n<p data-start=\"1282\" data-end=\"1338\">Datos identificativos (nombre, correo electr\u00f3nico, direcci\u00f3n IP, datos del navegador)<\/p>\n<\/li>\n<li data-start=\"1339\" data-end=\"1372\">\n<p data-start=\"1341\" data-end=\"1372\">Datos de navegaci\u00f3n e interacci\u00f3n<\/p>\n<\/li>\n<li data-start=\"1373\" data-end=\"1404\">\n<p data-start=\"1375\" data-end=\"1404\">Medios subidos (p. ej., im\u00e1genes)<\/p>\n<\/li>\n<li data-start=\"1405\" data-end=\"1478\">\n<p data-start=\"1407\" data-end=\"1478\">Cualquier otro dato personal enviado voluntariamente a trav\u00e9s de formularios o comentarios<\/p>\n<\/li>\n<\/ul>\n<p>[\/et_pb_tab][et_pb_tab title=\u201d4. COOKIES\u201d _builder_version=\u201d4.27.4&#8243; _module_preset=\u201ddefault\u201d global_colors_info=\u201d{}\u201d]<\/p>\n<p data-start=\"3298\" data-end=\"3369\">Utilizamos cookies para mejorar tu experiencia de navegaci\u00f3n. Para obtener informaci\u00f3n detallada sobre los tipos de cookies que utilizamos y sus fines, consulta nuestra <a data-start=\"1647\" data-end=\"1678\" class=\"cursor-pointer\" rel=\"noopener\">Pol\u00edtica de Cookies<\/a>. <\/p>\n<p>[\/et_pb_tab][et_pb_tab title=\u201d5. CONTENIDO INCRUSTADO Y SERVICIOS DE TERCEROS\u201d _builder_version=\u201d4.27.4&#8243; _module_preset=\u201ddefault\u201d global_colors_info=\u201d{}\u201d]<\/p>\n<p data-start=\"1735\" data-end=\"2022\">Los art\u00edculos de esta web pueden incluir contenido incrustado (p. ej., v\u00eddeos, im\u00e1genes, art\u00edculos, etc.) de plataformas como YouTube, Instagram u otras. Este contenido se comporta como si el visitante hubiera visitado directamente la otra web y puede recopilar datos, utilizar cookies y rastrear la interacci\u00f3n del usuario. <\/p>\n<p data-start=\"2024\" data-end=\"2075\">Tambi\u00e9n utilizamos herramientas y servicios de terceros como:<\/p>\n<ul data-start=\"2077\" data-end=\"2209\">\n<li data-start=\"2077\" data-end=\"2133\">\n<p data-start=\"2079\" data-end=\"2133\"><strong data-start=\"2079\" data-end=\"2092\">Gravatar:<\/strong> Para mostrar avatares de usuario con los comentarios.<\/p>\n<\/li>\n<li data-start=\"2134\" data-end=\"2209\">\n<p data-start=\"2136\" data-end=\"2209\"><strong data-start=\"2136\" data-end=\"2183\">Servicios de protecci\u00f3n contra el spam (p. ej., reCAPTCHA):<\/strong> Para detectar spam automatizado.<\/p>\n<\/li>\n<\/ul>\n<p>[\/et_pb_tab][et_pb_tab title=\u201d6. RETENCI\u00d3N DE DATOS\u201d _builder_version=\u201d4.27.4&#8243; _module_preset=\u201ddefault\u201d global_colors_info=\u201d{}\u201d]<\/p>\n<ul>\n<li data-start=\"2238\" data-end=\"2337\">\n<p data-start=\"2240\" data-end=\"2337\"><strong data-start=\"2240\" data-end=\"2253\">Comentarios:<\/strong> Almacenados indefinidamente, junto con los metadatos, para aprobar autom\u00e1ticamente los comentarios futuros.<\/p>\n<\/li>\n<li data-start=\"2338\" data-end=\"2457\">\n<p data-start=\"2340\" data-end=\"2457\"><strong data-start=\"2340\" data-end=\"2370\">Usuarios registrados (si los hay):<\/strong> Los datos se conservan mientras la cuenta de usuario est\u00e9 activa o hasta que se solicite la eliminaci\u00f3n.<\/p>\n<\/li>\n<li data-start=\"2458\" data-end=\"2551\">\n<p data-start=\"2460\" data-end=\"2551\"><strong data-start=\"2460\" data-end=\"2472\">Cookies:<\/strong> Los periodos de retenci\u00f3n dependen del tipo de cookie, como se detalla en la Pol\u00edtica de Cookies.<\/p>\n<\/li>\n<\/ul>\n<p>[\/et_pb_tab][et_pb_tab title=\u201d7. TUS DERECHOS\u201d _builder_version=\u201d4.27.4&#8243; _module_preset=\u201ddefault\u201d global_colors_info=\u201d{}\u201d]<\/p>\n<p data-start=\"2577\" data-end=\"2610\">Como usuario, tienes derecho a:<\/p>\n<ul data-start=\"2612\" data-end=\"2806\">\n<li data-start=\"2612\" data-end=\"2639\">\n<p data-start=\"2614\" data-end=\"2639\">Acceder a tus datos personales<\/p>\n<\/li>\n<li data-start=\"2640\" data-end=\"2682\">\n<p data-start=\"2642\" data-end=\"2682\">Solicitar la rectificaci\u00f3n de datos inexactos<\/p>\n<\/li>\n<li data-start=\"2683\" data-end=\"2713\">\n<p data-start=\"2685\" data-end=\"2713\">Solicitar la supresi\u00f3n de tus datos<\/p>\n<\/li>\n<li data-start=\"2714\" data-end=\"2752\">\n<p data-start=\"2716\" data-end=\"2752\">Restringir el tratamiento de tus datos<\/p>\n<\/li>\n<li data-start=\"2753\" data-end=\"2779\">\n<p data-start=\"2755\" data-end=\"2779\">Oponerte al tratamiento<\/p>\n<\/li>\n<li data-start=\"2780\" data-end=\"2806\">\n<p data-start=\"2782\" data-end=\"2806\">Solicitar la portabilidad de los datos<\/p>\n<\/li>\n<\/ul>\n<p data-start=\"2808\" data-end=\"3035\">Para ejercer estos derechos, puedes contactarnos en [<a class=\"cursor-pointer\" rel=\"noopener\">info@thetraka.com<\/a>] y proporcionar una copia de tu documento de identificaci\u00f3n. Tambi\u00e9n puedes presentar una reclamaci\u00f3n ante la Agencia Espa\u00f1ola de Protecci\u00f3n de Datos: <a data-start=\"3000\" data-end=\"3034\" rel=\"noopener\" target=\"_new\" class=\"\" href=\"https:\/\/www.aepd.es\">www.aepd.es<\/a>. <\/p>\n<p>[\/et_pb_tab][et_pb_tab title=\u201d8. SEGURIDAD DE LOS DATOS\u201d _builder_version=\u201d4.27.4&#8243; _module_preset=\u201ddefault\u201d global_colors_info=\u201d{}\u201d]<\/p>\n<p data-start=\"2577\" data-end=\"2610\">Implementamos medidas t\u00e9cnicas y organizativas apropiadas para garantizar la seguridad y confidencialidad de tus datos personales, protegi\u00e9ndolos del acceso no autorizado, la alteraci\u00f3n o la p\u00e9rdida.<\/p>\n<p>[\/et_pb_tab][et_pb_tab title=\u201d9. COMPARTIR DATOS\u201d _builder_version=\u201d4.27.4&#8243; _module_preset=\u201ddefault\u201d global_colors_info=\u201d{}\u201d]<\/p>\n<p data-start=\"3279\" data-end=\"3340\">No compartimos tus datos personales con terceros excepto:<\/p>\n<ul data-start=\"3342\" data-end=\"3484\">\n<li data-start=\"3342\" data-end=\"3364\">\n<p data-start=\"3344\" data-end=\"3364\">Cuando lo exija la ley<\/p>\n<\/li>\n<li data-start=\"3365\" data-end=\"3484\">\n<p data-start=\"3367\" data-end=\"3484\">Cuando sea necesario para proporcionar nuestros servicios (p. ej., proveedores de alojamiento, servicios de entrega de correo electr\u00f3nico, sistemas de moderaci\u00f3n de comentarios)<\/p>\n<\/li>\n<\/ul>\n<p data-start=\"3486\" data-end=\"3562\">Todos los encargados del tratamiento de terceros est\u00e1n obligados a cumplir con las leyes de protecci\u00f3n de datos.<\/p>\n<p>[\/et_pb_tab][et_pb_tab title=\u201d10. TRANSFERENCIAS INTERNACIONALES DE DATOS\u201d _builder_version=\u201d4.27.4&#8243; _module_preset=\u201ddefault\u201d global_colors_info=\u201d{}\u201d]<\/p>\n<p data-start=\"3279\" data-end=\"3340\">No transferimos datos personales fuera del Espacio Econ\u00f3mico Europeo a menos que se indique expresamente y est\u00e9 sujeto a las garant\u00edas adecuadas.<\/p>\n<p>[\/et_pb_tab][et_pb_tab title=\u201d11. ACTUALIZACIONES DE LA POL\u00cdTICA\u201d _builder_version=\u201d4.27.4&#8243; _module_preset=\u201ddefault\u201d global_colors_info=\u201d{}\u201d]<\/p>\n<p data-start=\"3279\" data-end=\"3340\">Nos reservamos el derecho de modificar esta Pol\u00edtica de Privacidad para cumplir con los cambios legales o adaptarnos a las modificaciones de nuestros servicios. La \u00faltima versi\u00f3n siempre estar\u00e1 disponible en esta p\u00e1gina. <\/p>\n<p>[\/et_pb_tab][\/et_pb_tabs][\/et_pb_column][\/et_pb_row][\/et_pb_section]<\/p>\n","protected":false},"excerpt":{"rendered":"<p>Pol\u00edtica de privacidadEn The Traka, estamos totalmente comprometidos con la protecci\u00f3n de la privacidad y los datos personales de nuestros usuarios y visitantes. Esta pol\u00edtica explica c\u00f3mo recopilamos, usamos y protegemos tu informaci\u00f3n personal cuando utilizas nuestra web. The Trakahttps:\/\/www.thetraka.comCorreo electr\u00f3nico de contacto: info@klassmark.comFinalidad y base legal del tratamiento Podemos recopilar y tratar tus datos [&hellip;]<\/p>\n","protected":false},"author":1,"featured_media":0,"parent":0,"menu_order":0,"comment_status":"closed","ping_status":"closed","template":"","meta":{"_et_pb_use_builder":"on","_et_pb_old_content":"","_et_gb_content_width":"","footnotes":""},"class_list":["post-1680","page","type-page","status-publish","hentry"],"_links":{"self":[{"href":"https:\/\/www.santavall.com\/es\/wp-json\/wp\/v2\/pages\/1680","targetHints":{"allow":["GET"]}}],"collection":[{"href":"https:\/\/www.santavall.com\/es\/wp-json\/wp\/v2\/pages"}],"about":[{"href":"https:\/\/www.santavall.com\/es\/wp-json\/wp\/v2\/types\/page"}],"author":[{"embeddable":true,"href":"https:\/\/www.santavall.com\/es\/wp-json\/wp\/v2\/users\/1"}],"replies":[{"embeddable":true,"href":"https:\/\/www.santavall.com\/es\/wp-json\/wp\/v2\/comments?post=1680"}],"version-history":[{"count":1,"href":"https:\/\/www.santavall.com\/es\/wp-json\/wp\/v2\/pages\/1680\/revisions"}],"predecessor-version":[{"id":1688,"href":"https:\/\/www.santavall.com\/es\/wp-json\/wp\/v2\/pages\/1680\/revisions\/1688"}],"wp:attachment":[{"href":"https:\/\/www.santavall.com\/es\/wp-json\/wp\/v2\/media?parent=1680"}],"curies":[{"name":"wp","href":"https:\/\/api.w.org\/{rel}","templated":true}]}}