{"id":3030,"date":"2026-01-12T13:41:22","date_gmt":"2026-01-12T11:41:22","guid":{"rendered":"https:\/\/www.santavall.com\/pk_define-your-style_megamo\/"},"modified":"2026-02-05T18:54:00","modified_gmt":"2026-02-05T16:54:00","slug":"define-your-style","status":"publish","type":"page","link":"https:\/\/www.santavall.com\/es\/define-your-style\/","title":{"rendered":"DEFINE TU ESTILO"},"content":{"rendered":"<p>[et_pb_section fb_built=\u201d1&#8243; custom_padding_last_edited=\u201don|phone\u201d _builder_version=\u201d4.27.5&#8243; _module_preset=\u201ddefault\u201d background_color=\u201drgba(20,20,20,0.66)\u201d background_image=\u201dhttps:\/\/www.santavall.com\/wp-content\/uploads\/2026\/01\/Megamo00118-scaled.jpg\u201d background_blend=\u201doverlay\u201d custom_padding=\u201d295px||100px||false|false\u201d custom_padding_tablet=\u201d310px||110px||false|false\u201d custom_padding_phone=\u201d165px||45px||false|false\u201d locked=\u201doff\u201d global_colors_info=\u201d{}\u201d][et_pb_row custom_padding_last_edited=\u201don|phone\u201d _builder_version=\u201d4.27.4&#8243; _module_preset=\u201ddefault\u201d custom_padding=\u201d21px||21px||true|false\u201d custom_padding_tablet=\u201d22px||22px||true|false\u201d custom_padding_phone=\u201d23px||25px||false|false\u201d global_colors_info=\u201d{}\u201d][et_pb_column type=\u201d4_4&#8243; _builder_version=\u201d4.27.4&#8243; _module_preset=\u201ddefault\u201d global_colors_info=\u201d{}\u201d][et_pb_text _builder_version=\u201d4.27.4&#8243; _module_preset=\u201ddefault\u201d text_font_size=\u201d62px\u201d header_text_color=\u201d#FFFFFF\u201d header_font_size=\u201d75px\u201d header_letter_spacing=\u201d2px\u201d text_orientation=\u201dcenter\u201d custom_margin=\u201d||0px||false|false\u201d header_font_size_tablet=\u201d60px\u201d header_font_size_phone=\u201d42px\u201d header_font_size_last_edited=\u201don|phone\u201d header_text_shadow_style=\u201dpreset1&#8243; global_colors_info=\u201d{}\u201d]<\/p>\n<h1>DEFINE TU ESTILO<\/h1>\n<p>[\/et_pb_text][et_pb_text _builder_version=\u201d4.27.4&#8243; _module_preset=\u201ddefault\u201d text_font=\u201dZeyada||||||||\u201d text_text_color=\u201d#FFFFFF\u201d text_font_size=\u201d40px\u201d text_line_height=\u201d1em\u201d text_orientation=\u201dcenter\u201d custom_margin=\u201d||-15px||false|false\u201d custom_padding=\u201d||0px||false|false\u201d locked=\u201doff\u201d global_colors_info=\u201d{}\u201d]<\/p>\n<p>de:<\/p>\n<p>[\/et_pb_text][et_pb_image src=\u201dhttps:\/\/www.santavall.com\/wp-content\/uploads\/2025\/12\/megamo-bythetraka.png\u201d title_text=\u201dmegamo-bythetraka\u201d url=\u201dhttps:\/\/www.sram.com\/en\/zipp\u201d url_new_window=\u201don\u201d align=\u201dcenter\u201d _builder_version=\u201d4.27.5&#8243; _module_preset=\u201ddefault\u201d width=\u201d220px\u201d width_tablet=\u201d230px\u201d width_phone=\u201d199px\u201d width_last_edited=\u201don|phone\u201d module_alignment=\u201dcenter\u201d animation_style=\u201dfade\u201d global_colors_info=\u201d{}\u201d transform_styles__hover_enabled=\u201don|hover\u201d transform_scale__hover=\u201d102%|102%\u201d transform_scale__hover_enabled=\u201don|hover\u201d transform_translate__hover_enabled=\u201don|desktop\u201d transform_rotate__hover_enabled=\u201don|desktop\u201d transform_skew__hover_enabled=\u201don|desktop\u201d transform_origin__hover_enabled=\u201don|desktop\u201d][\/et_pb_image][\/et_pb_column][\/et_pb_row][\/et_pb_section][et_pb_section fb_built=\u201d1&#8243; custom_padding_last_edited=\u201don|desktop\u201d _builder_version=\u201d4.27.5&#8243; _module_preset=\u201ddefault\u201d background_color=\u201d#FFFFFF\u201d background_image=\u201dhttps:\/\/www.santavall.com\/wp-content\/uploads\/2025\/10\/xthetraka.png\u201d background_size=\u201dcustom\u201d background_image_width=\u201d12%\u201d background_position=\u201dbottom_center\u201d module_alignment=\u201dcenter\u201d custom_margin=\u201d0px||0px||false|false\u201d custom_padding=\u201d50px|9px|150px||false|false\u201d custom_padding_tablet=\u201d40px|9px|55px||false|false\u201d custom_padding_phone=\u201d35px|0px|53px||false|false\u201d background_last_edited=\u201don|phone\u201d background_image_width_tablet=\u201d24%\u201d background_image_width_phone=\u201d41%\u201d global_colors_info=\u201d{}\u201d][et_pb_row custom_padding_last_edited=\u201don|phone\u201d _builder_version=\u201d4.27.5&#8243; _module_preset=\u201ddefault\u201d background_color=\u201drgba(0,0,0,0.5)\u201d background_image=\u201dhttps:\/\/www.santavall.com\/wp-content\/uploads\/2026\/01\/Megamo00118-scaled.jpg\u201d background_position=\u201dbottom_center\u201d background_vertical_offset=\u201d42%\u201d background_blend=\u201doverlay\u201d max_width=\u201d800px\u201d max_width_tablet=\u201d600px\u201d max_width_phone=\u201d90%\u201d max_width_last_edited=\u201don|phone\u201d module_alignment=\u201dcenter\u201d custom_margin=\u201d0px||0px||false|false\u201d custom_padding=\u201d50px|80px|50px|80px|true|true\u201d custom_padding_tablet=\u201d48px|70px|48px|70px|true|true\u201d custom_padding_phone=\u201d44px|40px|44px|40px|true|true\u201d background_last_edited=\u201don|phone\u201d global_colors_info=\u201d{}\u201d][et_pb_column type=\u201d4_4&#8243; _builder_version=\u201d4.27.4&#8243; _module_preset=\u201ddefault\u201d global_colors_info=\u201d{}\u201d][et_pb_text _builder_version=\u201d4.27.5&#8243; _module_preset=\u201ddefault\u201d header_text_color=\u201d#FFFFFF\u201d header_font_size=\u201d22px\u201d text_orientation=\u201dcenter\u201d locked=\u201doff\u201d global_colors_info=\u201d{}\u201d]<\/p>\n<h1>Bicicletas Gravel de Megamo<\/h1>\n<p>[\/et_pb_text][et_pb_text _builder_version=\u201d4.27.5&#8243; _module_preset=\u201ddefault\u201d text_text_color=\u201d#FFFFFF\u201d text_font_size=\u201d18px\u201d text_line_height=\u201d1.3em\u201d text_orientation=\u201dcenter\u201d custom_padding=\u201d||3px|||\u201d hover_enabled=\u201d0&#8243; text_font_size_tablet=\u201d17px\u201d text_font_size_phone=\u201d16px\u201d text_font_size_last_edited=\u201don|phone\u201d locked=\u201doff\u201d global_colors_info=\u201d{}\u201d sticky_enabled=\u201d0&#8243;]<\/p>\n<p>En las carreras de gravel, cada competici\u00f3n exige algo diferente. Por eso, Megamo ofrece dos modelos dise\u00f1ados para el m\u00e1ximo rendimiento, adaptados tanto a quienes buscan pura velocidad como a quienes necesitan rendimiento y resistencia a largo plazo. <\/p>\n<p>[\/et_pb_text][\/et_pb_column][\/et_pb_row][et_pb_row column_structure=\u201d1_2,1_2&#8243; _builder_version=\u201d4.27.5&#8243; _module_preset=\u201ddefault\u201d max_width=\u201d1000px\u201d max_width_tablet=\u201d364px\u201d max_width_phone=\u201d90%\u201d max_width_last_edited=\u201don|phone\u201d custom_margin=\u201d45px||||false|false\u201d global_colors_info=\u201d{}\u201d][et_pb_column type=\u201d1_2&#8243; _builder_version=\u201d4.27.4&#8243; _module_preset=\u201ddefault\u201d global_colors_info=\u201d{}\u201d][et_pb_image src=\u201dhttps:\/\/www.santavall.com\/wp-content\/uploads\/2026\/01\/SILK-00__JADE-BLACK26_D1.png\u201d title_text=\u201dSILK-00__JADE-BLACK(26)_D1&#8243; url=\u201dhttps:\/\/www.sram.com\/en\/zipp\/models\/wh-101-xplr-a1&#8243; url_new_window=\u201don\u201d align=\u201dcenter\u201d _builder_version=\u201d4.27.5&#8243; _module_preset=\u201ddefault\u201d width=\u201d230px\u201d width_tablet=\u201d250px\u201d width_phone=\u201d220px\u201d width_last_edited=\u201don|phone\u201d module_alignment=\u201dcenter\u201d custom_margin=\u201d0px||33px||false|false\u201d custom_margin_tablet=\u201d22px||33px||false|false\u201d custom_margin_phone=\u201d22px||33px||false|false\u201d custom_margin_last_edited=\u201don|desktop\u201d module_alignment_tablet=\u201dcenter\u201d module_alignment_phone=\u201dcenter\u201d module_alignment_last_edited=\u201don|desktop\u201d global_colors_info=\u201d{}\u201d][\/et_pb_image][et_pb_text _builder_version=\u201d4.27.5&#8243; _module_preset=\u201ddefault\u201d text_orientation=\u201dcenter\u201d custom_margin=\u201d-12px||5px||false|false\u201d custom_margin_tablet=\u201d-14px||4px||false|false\u201d custom_margin_phone=\u201d-20px||3px||false|false\u201d custom_margin_last_edited=\u201don|phone\u201d global_colors_info=\u201d{}\u201d]<\/p>\n<h3>Megamo Silk<\/h3>\n<p>[\/et_pb_text][et_pb_text _builder_version=\u201d4.27.5&#8243; _module_preset=\u201ddefault\u201d text_font_size=\u201d17px\u201d text_line_height=\u201d1.4em\u201d text_orientation=\u201dcenter\u201d width=\u201d91%\u201d hover_enabled=\u201d0&#8243; text_font_size_tablet=\u201d16px\u201d text_font_size_phone=\u201d15px\u201d text_font_size_last_edited=\u201don|phone\u201d global_colors_info=\u201d{}\u201d sticky_enabled=\u201d0&#8243;]<\/p>\n<p style=\"text-align: center;\">La Silk es la elecci\u00f3n para las carreras de gravel r\u00e1pidas. Dise\u00f1ada para ofrecer la m\u00e1xima capacidad de respuesta, ligereza y aceleraci\u00f3n instant\u00e1nea, transforma cada pedalada en pura velocidad cuando el ritmo aumenta y cada segundo cuenta. <\/p>\n<p>[\/et_pb_text][et_pb_text _builder_version=\u201d4.27.5&#8243; _module_preset=\u201ddefault\u201d text_text_color=\u201d#FFFFFF\u201d text_font_size=\u201d15px\u201d text_letter_spacing=\u201d1px\u201d text_line_height=\u201d1.1em\u201d background_color=\u201d#000000&#8243; text_orientation=\u201dcenter\u201d width=\u201d220px\u201d width_tablet=\u201d209px\u201d width_phone=\u201d232px\u201d width_last_edited=\u201don|phone\u201d module_alignment=\u201dcenter\u201d custom_margin=\u201d15px||||false|false\u201d custom_padding=\u201d10px|25px|10px|25px|true|true\u201d custom_padding_tablet=\u201d9px|20px|9px|20px|true|true\u201d custom_padding_phone=\u201d14px|15px|14px|15px|true|true\u201d custom_padding_last_edited=\u201don|phone\u201d link_option_url=\u201dhttps:\/\/www.megamo.com\/es\/bicicletas\/gravel\/silk\u201d link_option_url_new_window=\u201don\u201d hover_enabled=\u201d0&#8243; box_shadow_style=\u201dpreset1&#8243; box_shadow_blur=\u201d5px\u201d locked=\u201doff\u201d global_colors_info=\u201d{}\u201d transform_styles__hover_enabled=\u201don|hover\u201d background_color__hover=\u201d#272525&#8243; background_enable_color__hover=\u201don\u201d background__hover_enabled=\u201don|hover\u201d transform_scale__hover=\u201d102%|102%\u201d transform_scale__hover_enabled=\u201don|hover\u201d transform_translate__hover_enabled=\u201don|desktop\u201d transform_rotate__hover_enabled=\u201don|desktop\u201d transform_skew__hover_enabled=\u201don|desktop\u201d transform_origin__hover_enabled=\u201don|desktop\u201d sticky_enabled=\u201d0&#8243;]<\/p>\n<p>Elige Silk<\/p>\n<p>[\/et_pb_text][\/et_pb_column][et_pb_column type=\u201d1_2&#8243; _builder_version=\u201d4.27.4&#8243; _module_preset=\u201ddefault\u201d global_colors_info=\u201d{}\u201d][et_pb_image src=\u201dhttps:\/\/www.santavall.com\/wp-content\/uploads\/2026\/01\/WEST-01__MALVA26_D1.png\u201d title_text=\u201dWEST-01__MALVA(26)_D1&#8243; url=\u201dhttps:\/\/www.sram.com\/en\/zipp\/models\/hb-dbsc-sl7x-a2&#8243; url_new_window=\u201don\u201d align=\u201dcenter\u201d _builder_version=\u201d4.27.5&#8243; _module_preset=\u201ddefault\u201d width=\u201d254px\u201d width_tablet=\u201d250px\u201d width_phone=\u201d220px\u201d width_last_edited=\u201don|phone\u201d module_alignment=\u201dcenter\u201d custom_margin=\u201d0px||33px||false|false\u201d custom_margin_tablet=\u201d22px||33px||false|false\u201d custom_margin_phone=\u201d22px||33px||false|false\u201d custom_margin_last_edited=\u201don|desktop\u201d module_alignment_tablet=\u201dcenter\u201d module_alignment_phone=\u201dcenter\u201d module_alignment_last_edited=\u201don|desktop\u201d global_colors_info=\u201d{}\u201d][\/et_pb_image][et_pb_text _builder_version=\u201d4.27.5&#8243; _module_preset=\u201ddefault\u201d text_orientation=\u201dcenter\u201d custom_margin=\u201d-12px||5px||false|false\u201d custom_margin_tablet=\u201d-14px||4px||false|false\u201d custom_margin_phone=\u201d-20px||3px||false|false\u201d custom_margin_last_edited=\u201don|phone\u201d global_colors_info=\u201d{}\u201d]<\/p>\n<h3>Megamo West<\/h3>\n<p>[\/et_pb_text][et_pb_text _builder_version=\u201d4.27.5&#8243; _module_preset=\u201ddefault\u201d text_font_size=\u201d17px\u201d text_line_height=\u201d1.4em\u201d text_orientation=\u201dcenter\u201d width=\u201d406px\u201d width_tablet=\u201d300px\u201d width_phone=\u201d230px\u201d width_last_edited=\u201don|phone\u201d module_alignment=\u201dcenter\u201d custom_margin=\u201d|-253px||63px||\u201d custom_padding=\u201d||0px|0px||\u201d hover_enabled=\u201d0&#8243; text_font_size_tablet=\u201d16px\u201d text_font_size_phone=\u201d15px\u201d text_font_size_last_edited=\u201don|phone\u201d global_colors_info=\u201d{}\u201d sticky_enabled=\u201d0&#8243;]<\/p>\n<p>La West est\u00e1 dise\u00f1ada para aquellos que quieren rodar r\u00e1pido durante m\u00e1s tiempo. Combina rendimiento y comodidad para mantener altas velocidades en carreras largas, rutas exigentes y aventuras de gravel sin l\u00edmites. <\/p>\n<p>[\/et_pb_text][et_pb_text _builder_version=\u201d4.27.5&#8243; _module_preset=\u201ddefault\u201d text_text_color=\u201d#FFFFFF\u201d text_font_size=\u201d15px\u201d text_letter_spacing=\u201d1px\u201d text_line_height=\u201d1.1em\u201d background_color=\u201d#000000&#8243; text_orientation=\u201dcenter\u201d width=\u201d220px\u201d width_tablet=\u201d209px\u201d width_phone=\u201d232px\u201d width_last_edited=\u201don|phone\u201d module_alignment=\u201dcenter\u201d custom_margin=\u201d15px||||false|false\u201d custom_padding=\u201d10px|25px|10px|25px|true|true\u201d custom_padding_tablet=\u201d9px|20px|9px|20px|true|true\u201d custom_padding_phone=\u201d14px|15px|14px|15px|true|true\u201d custom_padding_last_edited=\u201don|phone\u201d link_option_url=\u201d<br \/>\nhttps:\/\/www.megamo.com\/es\/bicicletas\/gravel\/west\u201d link_option_url_new_window=\u201don\u201d hover_enabled=\u201d0&#8243; box_shadow_style=\u201dpreset1&#8243; box_shadow_blur=\u201d5px\u201d locked=\u201doff\u201d global_colors_info=\u201d{}\u201d transform_styles__hover_enabled=\u201don|hover\u201d background_color__hover=\u201d#272525&#8243; background_enable_color__hover=\u201don\u201d background__hover_enabled=\u201don|hover\u201d transform_scale__hover=\u201d102%|102%\u201d transform_scale__hover_enabled=\u201don|hover\u201d transform_translate__hover_enabled=\u201don|desktop\u201d transform_rotate__hover_enabled=\u201don|desktop\u201d transform_skew__hover_enabled=\u201don|desktop\u201d transform_origin__hover_enabled=\u201don|desktop\u201d sticky_enabled=\u201d0&#8243;]<\/p>\n<p>Elige West<\/p>\n<p>[\/et_pb_text][\/et_pb_column][\/et_pb_row][\/et_pb_section]<\/p>\n","protected":false},"excerpt":{"rendered":"<p>DEFINE TU ESTILOde:Bicicletas Gravel de MegamoEn las carreras de gravel, cada competici\u00f3n exige algo diferente. Por eso, Megamo ofrece dos modelos dise\u00f1ados para el m\u00e1ximo rendimiento, adaptados tanto a quienes buscan pura velocidad como a quienes necesitan rendimiento y resistencia a largo plazo. Megamo SilkLa Silk es la elecci\u00f3n para las carreras de gravel r\u00e1pidas. [&hellip;]<\/p>\n","protected":false},"author":1,"featured_media":1392,"parent":0,"menu_order":0,"comment_status":"closed","ping_status":"closed","template":"","meta":{"_et_pb_use_builder":"on","_et_pb_old_content":"","_et_gb_content_width":"","footnotes":""},"class_list":["post-3030","page","type-page","status-publish","has-post-thumbnail","hentry"],"_links":{"self":[{"href":"https:\/\/www.santavall.com\/es\/wp-json\/wp\/v2\/pages\/3030","targetHints":{"allow":["GET"]}}],"collection":[{"href":"https:\/\/www.santavall.com\/es\/wp-json\/wp\/v2\/pages"}],"about":[{"href":"https:\/\/www.santavall.com\/es\/wp-json\/wp\/v2\/types\/page"}],"author":[{"embeddable":true,"href":"https:\/\/www.santavall.com\/es\/wp-json\/wp\/v2\/users\/1"}],"replies":[{"embeddable":true,"href":"https:\/\/www.santavall.com\/es\/wp-json\/wp\/v2\/comments?post=3030"}],"version-history":[{"count":13,"href":"https:\/\/www.santavall.com\/es\/wp-json\/wp\/v2\/pages\/3030\/revisions"}],"predecessor-version":[{"id":3694,"href":"https:\/\/www.santavall.com\/es\/wp-json\/wp\/v2\/pages\/3030\/revisions\/3694"}],"wp:featuredmedia":[{"embeddable":true,"href":"https:\/\/www.santavall.com\/es\/wp-json\/wp\/v2\/media\/1392"}],"wp:attachment":[{"href":"https:\/\/www.santavall.com\/es\/wp-json\/wp\/v2\/media?parent=3030"}],"curies":[{"name":"wp","href":"https:\/\/api.w.org\/{rel}","templated":true}]}}