{"id":3674,"date":"2026-02-05T18:44:25","date_gmt":"2026-02-05T16:44:25","guid":{"rendered":"https:\/\/www.santavall.com\/pk\/mantenimiento-de-la-bicicleta\/"},"modified":"2026-04-15T15:17:55","modified_gmt":"2026-04-15T13:17:55","slug":"mantenimiento-de-la-bicicleta","status":"publish","type":"page","link":"https:\/\/www.santavall.com\/es\/pk\/mantenimiento-de-la-bicicleta\/","title":{"rendered":"RODAMIENTOS PARA BICICLETAS"},"content":{"rendered":"<p>[et_pb_section fb_built=\u201d1&#8243; custom_padding_last_edited=\u201don|phone\u201d _builder_version=\u201d4.27.6&#8243; _module_preset=\u201ddefault\u201d background_color=\u201drgba(20,20,20,0.8)\u201d background_image=\u201dhttps:\/\/www.santavall.com\/wp-content\/uploads\/2026\/02\/Imagen-portada-01-ciclista-ISB-Gravel.jpg\u201d background_blend=\u201doverlay\u201d custom_padding=\u201d295px||100px||false|false\u201d custom_padding_tablet=\u201d310px||110px||false|false\u201d custom_padding_phone=\u201d165px||45px||false|false\u201d hover_enabled=\u201d0&#8243; locked=\u201doff\u201d global_colors_info=\u201d{}\u201d sticky_enabled=\u201d0&#8243;][et_pb_row custom_padding_last_edited=\u201don|phone\u201d _builder_version=\u201d4.27.4&#8243; _module_preset=\u201ddefault\u201d custom_padding=\u201d21px||21px||true|false\u201d custom_padding_tablet=\u201d22px||22px||true|false\u201d custom_padding_phone=\u201d23px||25px||false|false\u201d global_colors_info=\u201d{}\u201d][et_pb_column type=\u201d4_4&#8243; _builder_version=\u201d4.27.4&#8243; _module_preset=\u201ddefault\u201d global_colors_info=\u201d{}\u201d][et_pb_text _builder_version=\u201d4.27.4&#8243; _module_preset=\u201ddefault\u201d text_font_size=\u201d62px\u201d header_text_color=\u201d#FFFFFF\u201d header_font_size=\u201d75px\u201d header_letter_spacing=\u201d2px\u201d text_orientation=\u201dcenter\u201d custom_margin=\u201d||0px||false|false\u201d header_font_size_tablet=\u201d60px\u201d header_font_size_phone=\u201d42px\u201d header_font_size_last_edited=\u201don|phone\u201d header_text_shadow_style=\u201dpreset1&#8243; global_colors_info=\u201d{}\u201d]<\/p>\n<h1>RODAMIENTOS PARA BICICLETAS<\/h1>\n<p>[\/et_pb_text][et_pb_image src=\u201dhttps:\/\/www.santavall.com\/wp-content\/uploads\/2026\/02\/isb-web.png\u201d title_text=\u201disb-web\u201d url=\u201dhttps:\/\/www.sram.com\/en\/zipp\u201d url_new_window=\u201don\u201d align=\u201dcenter\u201d _builder_version=\u201d4.27.6&#8243; _module_preset=\u201ddefault\u201d width=\u201d220px\u201d width_tablet=\u201d230px\u201d width_phone=\u201d199px\u201d width_last_edited=\u201don|phone\u201d module_alignment=\u201dcenter\u201d custom_margin=\u201d16px||||false|false\u201d animation_style=\u201dfade\u201d hover_enabled=\u201d0&#8243; global_colors_info=\u201d{}\u201d transform_styles__hover_enabled=\u201don|hover\u201d transform_scale__hover=\u201d102%|102%\u201d transform_scale__hover_enabled=\u201don|hover\u201d transform_translate__hover_enabled=\u201don|desktop\u201d transform_rotate__hover_enabled=\u201don|desktop\u201d transform_skew__hover_enabled=\u201don|desktop\u201d transform_origin__hover_enabled=\u201don|desktop\u201d sticky_enabled=\u201d0&#8243;][\/et_pb_image][\/et_pb_column][\/et_pb_row][\/et_pb_section][et_pb_section fb_built=\u201d1&#8243; custom_padding_last_edited=\u201don|desktop\u201d _builder_version=\u201d4.27.5&#8243; _module_preset=\u201ddefault\u201d background_color=\u201d#FFFFFF\u201d background_image=\u201dhttps:\/\/www.santavall.com\/wp-content\/uploads\/2025\/10\/xthetraka.png\u201d background_size=\u201dcustom\u201d background_image_width=\u201d12%\u201d background_position=\u201dbottom_center\u201d module_alignment=\u201dcenter\u201d custom_margin=\u201d0px||0px||false|false\u201d custom_padding=\u201d50px|9px|150px||false|false\u201d custom_padding_tablet=\u201d40px|9px|55px||false|false\u201d custom_padding_phone=\u201d35px|0px|53px||false|false\u201d background_last_edited=\u201don|phone\u201d background_image_width_tablet=\u201d24%\u201d background_image_width_phone=\u201d41%\u201d global_colors_info=\u201d{}\u201d][et_pb_row custom_padding_last_edited=\u201don|phone\u201d _builder_version=\u201d4.27.5&#8243; _module_preset=\u201ddefault\u201d background_color=\u201drgba(0,0,0,0.5)\u201d background_image=\u201dhttps:\/\/www.santavall.com\/wp-content\/uploads\/2026\/02\/Imagen-portada-02-scaled.jpg\u201d background_position=\u201dbottom_center\u201d background_vertical_offset=\u201d42%\u201d background_blend=\u201doverlay\u201d max_width=\u201d800px\u201d max_width_tablet=\u201d600px\u201d max_width_phone=\u201d90%\u201d max_width_last_edited=\u201don|phone\u201d module_alignment=\u201dcenter\u201d custom_margin=\u201d0px||0px||false|false\u201d custom_padding=\u201d50px|80px|50px|80px|true|true\u201d custom_padding_tablet=\u201d48px|70px|48px|70px|true|true\u201d custom_padding_phone=\u201d44px|40px|44px|40px|true|true\u201d background_last_edited=\u201don|phone\u201d global_colors_info=\u201d{}\u201d][et_pb_column type=\u201d4_4&#8243; _builder_version=\u201d4.27.4&#8243; _module_preset=\u201ddefault\u201d global_colors_info=\u201d{}\u201d][et_pb_text _builder_version=\u201d4.27.5&#8243; _module_preset=\u201ddefault\u201d header_text_color=\u201d#FFFFFF\u201d header_font_size=\u201d22px\u201d text_orientation=\u201dcenter\u201d locked=\u201doff\u201d global_colors_info=\u201d{}\u201d]<\/p>\n<h1>RODAMIENTOS PARA BICICLETAS<\/h1>\n<p>[\/et_pb_text][et_pb_text _builder_version=\u201d4.27.5&#8243; _module_preset=\u201ddefault\u201d text_text_color=\u201d#FFFFFF\u201d text_font_size=\u201d18px\u201d text_line_height=\u201d1.3em\u201d text_orientation=\u201dcenter\u201d custom_padding=\u201d||3px|||\u201d text_font_size_tablet=\u201d17px\u201d text_font_size_phone=\u201d16px\u201d text_font_size_last_edited=\u201don|phone\u201d locked=\u201doff\u201d global_colors_info=\u201d{}\u201d]<\/p>\n<p>\u201cDise\u00f1ados para mejorar tu experiencia\u201d. Los rodamientos para bicicletas ISB SPORT han sido dise\u00f1ados y fabricados para optimizar y garantizar su rendimiento en cualquier aplicaci\u00f3n. El ciclismo prospera gracias a los desaf\u00edos, los l\u00edmites, el esfuerzo y el compromiso. En ISB SPORT, compartimos estos valores y creemos que mejorar el rendimiento de cada componente de la bicicleta es el mejor camino hacia el progreso y la evoluci\u00f3n.   <\/p>\n<p>[\/et_pb_text][\/et_pb_column][\/et_pb_row][et_pb_row column_structure=\u201d1_2,1_2&#8243; _builder_version=\u201d4.27.5&#8243; _module_preset=\u201ddefault\u201d max_width=\u201d1000px\u201d max_width_tablet=\u201d364px\u201d max_width_phone=\u201d90%\u201d max_width_last_edited=\u201don|phone\u201d custom_margin=\u201d45px||||false|false\u201d global_colors_info=\u201d{}\u201d][et_pb_column type=\u201d1_2&#8243; _builder_version=\u201d4.27.4&#8243; _module_preset=\u201ddefault\u201d global_colors_info=\u201d{}\u201d][et_pb_image src=\u201dhttps:\/\/www.santavall.com\/wp-content\/uploads\/2026\/02\/Rodamientos-ISB-SPORT-01-BO-LCNC.jpg\u201d title_text=\u201dRodamientos ISB SPORT \u2013 01 \u2013 BO LCNC\u201d url=\u201dhttps:\/\/www.sram.com\/en\/zipp\/models\/wh-101-xplr-a1&#8243; url_new_window=\u201don\u201d align=\u201dcenter\u201d _builder_version=\u201d4.27.5&#8243; _module_preset=\u201ddefault\u201d width=\u201d230px\u201d width_tablet=\u201d250px\u201d width_phone=\u201d220px\u201d width_last_edited=\u201don|phone\u201d module_alignment=\u201dcenter\u201d custom_margin=\u201d0px||33px||false|false\u201d custom_margin_tablet=\u201d22px||33px||false|false\u201d custom_margin_phone=\u201d22px||33px||false|false\u201d custom_margin_last_edited=\u201don|desktop\u201d module_alignment_tablet=\u201dcenter\u201d module_alignment_phone=\u201dcenter\u201d module_alignment_last_edited=\u201don|desktop\u201d global_colors_info=\u201d{}\u201d][\/et_pb_image][et_pb_text _builder_version=\u201d4.27.5&#8243; _module_preset=\u201ddefault\u201d text_font_size=\u201d19px\u201d text_orientation=\u201dcenter\u201d custom_margin=\u201d12px||5px||false|false\u201d custom_margin_tablet=\u201d-14px||4px||false|false\u201d custom_margin_phone=\u201d-20px||3px||false|false\u201d custom_margin_last_edited=\u201don|phone\u201d global_colors_info=\u201d{}\u201d]<\/p>\n<p><strong>RODAMIENTOS ENDURANCE LCNC BO<\/strong><\/p>\n<p>[\/et_pb_text][et_pb_text _builder_version=\u201d4.27.5&#8243; _module_preset=\u201ddefault\u201d text_font_size=\u201d17px\u201d text_line_height=\u201d1.4em\u201d text_orientation=\u201dcenter\u201d width=\u201d91%\u201d text_font_size_tablet=\u201d16px\u201d text_font_size_phone=\u201d15px\u201d text_font_size_last_edited=\u201don|phone\u201d global_colors_info=\u201d{}\u201d]<\/p>\n<p> Recomendados para carretera y gravel r\u00e1pido<\/p>\n<p>Rodamientos de acero ISB SPORT, con recubrimiento BO (recubrimiento para mayor resistencia a la corrosi\u00f3n y una rotaci\u00f3n m\u00e1s suave)<br \/>Sellado LCNC: Contacto ligero (verde, baja fricci\u00f3n) y sin contacto (negro)<\/p>\n<p>[\/et_pb_text][\/et_pb_column][et_pb_column type=\u201d1_2&#8243; _builder_version=\u201d4.27.4&#8243; _module_preset=\u201ddefault\u201d global_colors_info=\u201d{}\u201d][et_pb_image src=\u201dhttps:\/\/www.santavall.com\/wp-content\/uploads\/2026\/02\/Rodamientos-ISB-SPORT-02-BO-FCNC.jpg\u201d title_text=\u201dRodamientos ISB SPORT \u2013 02 \u2013 BO FCNC\u201d url=\u201dhttps:\/\/www.sram.com\/en\/zipp\/models\/hb-dbsc-sl7x-a2&#8243; url_new_window=\u201don\u201d align=\u201dcenter\u201d _builder_version=\u201d4.27.5&#8243; _module_preset=\u201ddefault\u201d width=\u201d254px\u201d width_tablet=\u201d250px\u201d width_phone=\u201d220px\u201d width_last_edited=\u201don|phone\u201d module_alignment=\u201dcenter\u201d custom_margin=\u201d0px||33px||false|false\u201d custom_margin_tablet=\u201d22px||33px||false|false\u201d custom_margin_phone=\u201d22px||33px||false|false\u201d custom_margin_last_edited=\u201don|desktop\u201d module_alignment_tablet=\u201dcenter\u201d module_alignment_phone=\u201dcenter\u201d module_alignment_last_edited=\u201don|desktop\u201d global_colors_info=\u201d{}\u201d][\/et_pb_image][et_pb_text _builder_version=\u201d4.27.5&#8243; _module_preset=\u201ddefault\u201d text_font_size=\u201d20px\u201d text_orientation=\u201dcenter\u201d custom_margin=\u201d-12px||5px||false|false\u201d custom_margin_tablet=\u201d-14px||4px||false|false\u201d custom_margin_phone=\u201d-20px||3px||false|false\u201d custom_margin_last_edited=\u201don|phone\u201d global_colors_info=\u201d{}\u201d]<\/p>\n<p><strong>RODAMIENTOS ENDURANCE FCNC BO<\/strong><\/p>\n<p>[\/et_pb_text][et_pb_text _builder_version=\u201d4.27.5&#8243; _module_preset=\u201ddefault\u201d text_font_size=\u201d17px\u201d text_line_height=\u201d1.4em\u201d text_orientation=\u201dcenter\u201d width=\u201d406px\u201d width_tablet=\u201d300px\u201d width_phone=\u201d230px\u201d width_last_edited=\u201don|phone\u201d module_alignment=\u201dcenter\u201d custom_margin=\u201d|-253px||63px||\u201d custom_padding=\u201d||0px|0px||\u201d text_font_size_tablet=\u201d16px\u201d text_font_size_phone=\u201d15px\u201d text_font_size_last_edited=\u201don|phone\u201d global_colors_info=\u201d{}\u201d]<\/p>\n<p>Recomendados para MTB y gravel<\/p>\n<p>Rodamientos de acero ISB SPORT, con recubrimiento BO (recubrimiento para mayor resistencia a la corrosi\u00f3n y una rotaci\u00f3n m\u00e1s suave)<br \/>Sellos FCNC: Sellos magenta de triple labio de contacto total (m\u00e1xima protecci\u00f3n) y sellos negros sin contacto<\/p>\n<p>[\/et_pb_text][\/et_pb_column][\/et_pb_row][et_pb_row column_structure=\u201d1_2,1_2&#8243; _builder_version=\u201d4.27.5&#8243; _module_preset=\u201ddefault\u201d max_width=\u201d1000px\u201d max_width_tablet=\u201d364px\u201d max_width_phone=\u201d90%\u201d max_width_last_edited=\u201don|phone\u201d custom_margin=\u201d45px||||false|false\u201d global_colors_info=\u201d{}\u201d][et_pb_column type=\u201d1_2&#8243; _builder_version=\u201d4.27.4&#8243; _module_preset=\u201ddefault\u201d global_colors_info=\u201d{}\u201d][et_pb_image src=\u201dhttps:\/\/www.santavall.com\/wp-content\/uploads\/2026\/02\/Rodamientos-ISB-SPORT-03-ceramicos-PRO-BO.jpg\u201d title_text=\u201dRodamientos ISB SPORT \u2013 03 \u2013 cer\u00e1micos PRO BO\u201d url=\u201dhttps:\/\/www.sram.com\/en\/zipp\/models\/wh-101-xplr-a1&#8243; url_new_window=\u201don\u201d align=\u201dcenter\u201d _builder_version=\u201d4.27.5&#8243; _module_preset=\u201ddefault\u201d width=\u201d230px\u201d width_tablet=\u201d250px\u201d width_phone=\u201d220px\u201d width_last_edited=\u201don|phone\u201d module_alignment=\u201dcenter\u201d custom_margin=\u201d0px||33px||false|false\u201d custom_margin_tablet=\u201d22px||33px||false|false\u201d custom_margin_phone=\u201d22px||33px||false|false\u201d custom_margin_last_edited=\u201don|desktop\u201d module_alignment_tablet=\u201dcenter\u201d module_alignment_phone=\u201dcenter\u201d module_alignment_last_edited=\u201don|desktop\u201d global_colors_info=\u201d{}\u201d][\/et_pb_image][et_pb_text _builder_version=\u201d4.27.5&#8243; _module_preset=\u201ddefault\u201d text_font_size=\u201d20px\u201d text_orientation=\u201dcenter\u201d custom_margin=\u201d-12px||5px|-32px|false|false\u201d custom_margin_tablet=\u201d-14px||4px||false|false\u201d custom_margin_phone=\u201d-20px||3px||false|false\u201d custom_margin_last_edited=\u201don|phone\u201d global_colors_info=\u201d{}\u201d]<\/p>\n<p><strong>RODAMIENTOS PRO BO<\/strong><\/p>\n<p>[\/et_pb_text][et_pb_text _builder_version=\u201d4.27.5&#8243; _module_preset=\u201ddefault\u201d text_font_size=\u201d17px\u201d text_line_height=\u201d1.4em\u201d text_orientation=\u201dcenter\u201d width=\u201d91%\u201d text_font_size_tablet=\u201d16px\u201d text_font_size_phone=\u201d15px\u201d text_font_size_last_edited=\u201don|phone\u201d global_colors_info=\u201d{}\u201d]<\/p>\n<p>Recomendados para gravel r\u00e1pido<\/p>\n<p>Rodamientos cer\u00e1micos h\u00edbridos ISB SPORT (estructura de acero al cromo y bolas de cer\u00e1mica)<br \/>Rodamientos con recubrimiento BO (recubrimiento para mayor resistencia a la corrosi\u00f3n y una rotaci\u00f3n suave)<br \/>Sellos LCNC: Contacto ligero (verde, baja fricci\u00f3n) y sin contacto (negro)<\/p>\n<p>[\/et_pb_text][\/et_pb_column][et_pb_column type=\u201d1_2&#8243; _builder_version=\u201d4.27.4&#8243; _module_preset=\u201ddefault\u201d global_colors_info=\u201d{}\u201d][et_pb_image src=\u201dhttps:\/\/www.santavall.com\/wp-content\/uploads\/2026\/02\/Rodamientos-ISB-SPORT-04-ceramicos-INOX-PRO.jpg\u201d title_text=\u201dRodamientos ISB SPORT \u2013 04 \u2013 cer\u00e1micos INOX PRO\u201d url=\u201dhttps:\/\/www.sram.com\/en\/zipp\/models\/hb-dbsc-sl7x-a2&#8243; url_new_window=\u201don\u201d align=\u201dcenter\u201d _builder_version=\u201d4.27.5&#8243; _module_preset=\u201ddefault\u201d width=\u201d254px\u201d width_tablet=\u201d250px\u201d width_phone=\u201d220px\u201d width_last_edited=\u201don|phone\u201d module_alignment=\u201dcenter\u201d custom_margin=\u201d0px||33px||false|false\u201d custom_margin_tablet=\u201d22px||33px||false|false\u201d custom_margin_phone=\u201d22px||33px||false|false\u201d custom_margin_last_edited=\u201don|desktop\u201d module_alignment_tablet=\u201dcenter\u201d module_alignment_phone=\u201dcenter\u201d module_alignment_last_edited=\u201don|desktop\u201d global_colors_info=\u201d{}\u201d][\/et_pb_image][et_pb_text _builder_version=\u201d4.27.5&#8243; _module_preset=\u201ddefault\u201d text_orientation=\u201dcenter\u201d custom_margin=\u201d-12px||5px||false|false\u201d custom_margin_tablet=\u201d-14px||4px||false|false\u201d custom_margin_phone=\u201d-20px||3px||false|false\u201d custom_margin_last_edited=\u201don|phone\u201d global_colors_info=\u201d{}\u201d]<\/p>\n<h3>RODAMIENTOS INOX PRO<\/h3>\n<p>[\/et_pb_text][et_pb_text _builder_version=\u201d4.27.5&#8243; _module_preset=\u201ddefault\u201d text_font_size=\u201d17px\u201d text_line_height=\u201d1.4em\u201d text_orientation=\u201dcenter\u201d width=\u201d406px\u201d width_tablet=\u201d300px\u201d width_phone=\u201d230px\u201d width_last_edited=\u201don|phone\u201d module_alignment=\u201dcenter\u201d custom_margin=\u201d|-253px||63px||\u201d custom_padding=\u201d||0px|0px||\u201d text_font_size_tablet=\u201d16px\u201d text_font_size_phone=\u201d15px\u201d text_font_size_last_edited=\u201don|phone\u201d global_colors_info=\u201d{}\u201d]<\/p>\n<p>Recomendados para gravel r\u00e1pido<\/p>\n<p>Rodamientos cer\u00e1micos h\u00edbridos ISB SPORT (cubierta de acero inoxidable y bolas de cer\u00e1mica)<\/p>\n<p>El sellado de alto rendimiento garantiza la protecci\u00f3n sin comprometer la velocidad de rotaci\u00f3n.<\/p>\n<p>[\/et_pb_text][\/et_pb_column][\/et_pb_row][\/et_pb_section]<\/p>\n","protected":false},"excerpt":{"rendered":"<p>RODAMIENTOS PARA BICICLETASRODAMIENTOS PARA BICICLETAS\u201cDise\u00f1ados para mejorar tu experiencia\u201d. Los rodamientos para bicicletas ISB SPORT han sido dise\u00f1ados y fabricados para optimizar y garantizar su rendimiento en cualquier aplicaci\u00f3n. El ciclismo prospera gracias a los desaf\u00edos, los l\u00edmites, el esfuerzo y el compromiso. En ISB SPORT, compartimos estos valores y creemos que mejorar el rendimiento [&hellip;]<\/p>\n","protected":false},"author":1,"featured_media":1392,"parent":1450,"menu_order":0,"comment_status":"closed","ping_status":"closed","template":"","meta":{"_et_pb_use_builder":"on","_et_pb_old_content":"","_et_gb_content_width":"","footnotes":""},"class_list":["post-3674","page","type-page","status-publish","has-post-thumbnail","hentry"],"_links":{"self":[{"href":"https:\/\/www.santavall.com\/es\/wp-json\/wp\/v2\/pages\/3674","targetHints":{"allow":["GET"]}}],"collection":[{"href":"https:\/\/www.santavall.com\/es\/wp-json\/wp\/v2\/pages"}],"about":[{"href":"https:\/\/www.santavall.com\/es\/wp-json\/wp\/v2\/types\/page"}],"author":[{"embeddable":true,"href":"https:\/\/www.santavall.com\/es\/wp-json\/wp\/v2\/users\/1"}],"replies":[{"embeddable":true,"href":"https:\/\/www.santavall.com\/es\/wp-json\/wp\/v2\/comments?post=3674"}],"version-history":[{"count":20,"href":"https:\/\/www.santavall.com\/es\/wp-json\/wp\/v2\/pages\/3674\/revisions"}],"predecessor-version":[{"id":4238,"href":"https:\/\/www.santavall.com\/es\/wp-json\/wp\/v2\/pages\/3674\/revisions\/4238"}],"up":[{"embeddable":true,"href":"https:\/\/www.santavall.com\/es\/wp-json\/wp\/v2\/pages\/1450"}],"wp:featuredmedia":[{"embeddable":true,"href":"https:\/\/www.santavall.com\/es\/wp-json\/wp\/v2\/media\/1392"}],"wp:attachment":[{"href":"https:\/\/www.santavall.com\/es\/wp-json\/wp\/v2\/media?parent=3674"}],"curies":[{"name":"wp","href":"https:\/\/api.w.org\/{rel}","templated":true}]}}